{"id":11016,"date":"2023-06-30T08:50:23","date_gmt":"2023-06-30T06:50:23","guid":{"rendered":"https:\/\/www.benarabi.org\/?page_id=11016"},"modified":"2023-06-30T08:50:23","modified_gmt":"2023-06-30T06:50:23","slug":"evaluacion-del-centro-encuestas-2022-23","status":"publish","type":"page","link":"https:\/\/www.benarabi.org\/?page_id=11016","title":{"rendered":"EVALUACI\u00d3N DEL CENTRO \u2013 ENCUESTAS 2022\/23"},"content":{"rendered":"<p><a href=\"https:\/\/www.benarabi.org\/wp-content\/uploads\/2023\/06\/01.-ANALISIS-DE-RESULTADOS-ENCUESTA-EVALUACION-DEL-CENTRO-POR-LAS-FAMILIAS-2022-2023.pdf\">01. AN\u00c1LISIS DE RESULTADOS ENCUESTA EVALUACI\u00d3N DEL CENTRO POR LAS FAMILIAS 2022-2023<\/a><\/p>\n<p><a href=\"https:\/\/www.benarabi.org\/wp-content\/uploads\/2023\/06\/02.-ANALISIS-DE-RESULTADOS-ENCUESTA-EVALUACION-DEL-CENTRO-POR-EL-ALUMNADO-2022-2023.pdf\">02. AN\u00c1LISIS DE RESULTADOS ENCUESTA EVALUACI\u00d3N DEL CENTRO POR EL ALUMNADO 2022-2023<\/a><\/p>\n<p><a href=\"https:\/\/www.benarabi.org\/wp-content\/uploads\/2023\/06\/03.-ANALISIS-DE-RESULTADOS-ENCUESTA-EVALUACION-DEL-ED-POR-EL-PROFESORADO-2022-2023.pdf\">03. AN\u00c1LISIS DE RESULTADOS ENCUESTA EVALUACI\u00d3N DEL ED POR EL PROFESORADO 2022-2023<\/a><\/p>\n<p><a href=\"https:\/\/www.benarabi.org\/wp-content\/uploads\/2023\/06\/04.-ANALISIS-DE-RESULTADOS-ENCUESTA-EVALUACION-DEL-CENTRO-POR-EL-PROFESORADO-2022-2023.pdf\">04. AN\u00c1LISIS DE RESULTADOS ENCUESTA EVALUACI\u00d3N DEL CENTRO POR EL PROFESORADO 2022-2023<\/a><\/p>\n<p><a href=\"https:\/\/www.benarabi.org\/wp-content\/uploads\/2023\/06\/05.-ANALISIS-DE-RESULTADOS-ENCUESTA-EVALUACION-DEL-ED-POR-PAS-2022-2023.pdf\">05. AN\u00c1LISIS DE RESULTADOS ENCUESTA EVALUACI\u00d3N DEL ED POR PAS 2022-2023<\/a><\/p>\n<p><a href=\"https:\/\/www.benarabi.org\/wp-content\/uploads\/2023\/06\/06.-ANALISIS-DE-RESULTADOS-ENCUESTA-EVALUACION-DEL-CENTRO-POR-PAS-2022-2023.pdf\">06. AN\u00c1LISIS DE RESULTADOS ENCUESTA EVALUACI\u00d3N DEL CENTRO POR PAS 2022-2023<\/a><\/p>\n<p><a href=\"https:\/\/www.benarabi.org\/wp-content\/uploads\/2023\/06\/07.-ANALISIS-DE-RESULTADOS-ENCUESTA-EVALUACION-DEL-ED-POR-CE-2022-2023.pdf\">07. AN\u00c1LISIS DE RESULTADOS ENCUESTA EVALUACI\u00d3N DEL ED POR CE 2022-2023<\/a><\/p>\n<p><a href=\"https:\/\/www.benarabi.org\/wp-content\/uploads\/2023\/06\/10.-ANALISIS-DE-RESULTADOS-ENCUESTA-AUTOEVALUACION-DE-LA-PRACTICA-DOCENTE-2022-2023.pdf\">10. AN\u00c1LISIS DE RESULTADOS ENCUESTA AUTOEVALUACI\u00d3N DE LA PR\u00c1CTICA DOCENTE 2022-2023<\/a><\/p>\n<p><a href=\"https:\/\/www.benarabi.org\/wp-content\/uploads\/2023\/06\/11.-ANALISIS-DE-RESULTADOS-ENCUESTA-DEPARTAMENTOS-2022-2023.pdf\">11. AN\u00c1LISIS DE RESULTADOS ENCUESTA DEPARTAMENTOS 2022-2023<\/a><\/p>\n<p><a href=\"https:\/\/www.benarabi.org\/wp-content\/uploads\/2023\/06\/12.-ANALISIS-DE-RESULTADOS-ENCUESTA-TUTORIAS-2022-2023.pdf\">12. AN\u00c1LISIS DE RESULTADOS ENCUESTA TUTOR\u00cdAS 2022-2023<\/a><\/p>\n<p><a href=\"https:\/\/www.benarabi.org\/wp-content\/uploads\/2023\/06\/13.-ANALISIS-DE-RESULTADOS-ENCUESTA-AGENTES-EXTERNOS-2022-2023.pdf\">13. AN\u00c1LISIS DE RESULTADOS ENCUESTA AGENTES EXTERNOS 2022-2023<\/a><\/p>\n","protected":false},"excerpt":{"rendered":"<p>01. AN\u00c1LISIS DE RESULTADOS ENCUESTA EVALUACI\u00d3N DEL CENTRO POR LAS FAMILIAS 2022-2023 02. AN\u00c1LISIS DE RESULTADOS ENCUESTA EVALUACI\u00d3N DEL CENTRO POR EL ALUMNADO 2022-2023 03. AN\u00c1LISIS DE RESULTADOS ENCUESTA EVALUACI\u00d3N DEL ED POR EL PROFESORADO 2022-2023 04. AN\u00c1LISIS DE RESULTADOS ENCUESTA EVALUACI\u00d3N DEL CENTRO POR EL PROFESORADO 2022-2023 05. AN\u00c1LISIS DE RESULTADOS ENCUESTA EVALUACI\u00d3N DEL [&hellip;]<\/p>\n","protected":false},"author":1,"featured_media":0,"parent":0,"menu_order":0,"comment_status":"closed","ping_status":"closed","template":"","meta":{"footnotes":""},"class_list":["post-11016","page","type-page","status-publish","hentry"],"_links":{"self":[{"href":"https:\/\/www.benarabi.org\/index.php?rest_route=\/wp\/v2\/pages\/11016","targetHints":{"allow":["GET"]}}],"collection":[{"href":"https:\/\/www.benarabi.org\/index.php?rest_route=\/wp\/v2\/pages"}],"about":[{"href":"https:\/\/www.benarabi.org\/index.php?rest_route=\/wp\/v2\/types\/page"}],"author":[{"embeddable":true,"href":"https:\/\/www.benarabi.org\/index.php?rest_route=\/wp\/v2\/users\/1"}],"replies":[{"embeddable":true,"href":"https:\/\/www.benarabi.org\/index.php?rest_route=%2Fwp%2Fv2%2Fcomments&post=11016"}],"version-history":[{"count":1,"href":"https:\/\/www.benarabi.org\/index.php?rest_route=\/wp\/v2\/pages\/11016\/revisions"}],"predecessor-version":[{"id":11028,"href":"https:\/\/www.benarabi.org\/index.php?rest_route=\/wp\/v2\/pages\/11016\/revisions\/11028"}],"wp:attachment":[{"href":"https:\/\/www.benarabi.org\/index.php?rest_route=%2Fwp%2Fv2%2Fmedia&parent=11016"}],"curies":[{"name":"wp","href":"https:\/\/api.w.org\/{rel}","templated":true}]}}