{"id":115,"date":"2012-02-07T15:36:45","date_gmt":"2012-02-07T15:36:45","guid":{"rendered":"http:\/\/www.benarabi.org\/?page_id=115"},"modified":"2025-10-13T09:17:33","modified_gmt":"2025-10-13T07:17:33","slug":"consejo-escolar-2","status":"publish","type":"page","link":"https:\/\/www.benarabi.org\/?page_id=115","title":{"rendered":"CONSEJO ESCOLAR"},"content":{"rendered":"<p>El Consejo Escolar del Instituto es el \u00f3rgano de participaci\u00f3n de los diferentes miembros de la comunidad educativa. Se renueva por mitades cada dos a\u00f1os de forma alternativa.<\/p>\n<p>El Consejo Escolar se re\u00fane, como m\u00ednimo una vez al trimestre, y siempre que lo convoque el Director, o lo solicite al menos un tercio de sus miembros. Asimismo, se re\u00fane al principio y al final de curso acad\u00e9mico.<\/p>\n<p>Ley Org\u00e1nica 8\/2013, de 9 de diciembre, para la mejora de la calidad educativa.<\/p>\n<h1><strong>COMPOSICI\u00d3N DEL CONSEJO ESCOLAR<\/strong><\/h1>\n<p><strong>Art\u00edculo 126 de la LOMLOE. Composici\u00f3n del Consejo Escolar<\/strong><\/p>\n<ol>\n<li>El Consejo Escolar de los centros p\u00fablicos estar\u00e1 compuesto por los siguientes miembros:<\/li>\n<\/ol>\n<p style=\"padding-left: 60px;\">a) El director del centro, que ser\u00e1 su Presidente.<\/p>\n<p style=\"padding-left: 60px;\">b) El jefe de estudios.<\/p>\n<p style=\"padding-left: 60px;\">c) Un concejal o representante del Ayuntamiento en cuyo t\u00e9rmino municipal se halle radicado el centro.<\/p>\n<p style=\"padding-left: 60px;\">d) Un n\u00famero de profesores y profesoras que no podr\u00e1 ser inferior a un tercio del total de los componentes del Consejo, elegidos por el Claustro y en representaci\u00f3n del mismo.<\/p>\n<p style=\"padding-left: 60px;\">e) Un n\u00famero de padres y de alumnos, elegidos respectivamente por y entre ellos, que no podr\u00e1 ser inferior a un tercio del total de los componentes del Consejo.<\/p>\n<p style=\"padding-left: 60px;\">f) Un representante del personal de administraci\u00f3n y servicios del centro.<\/p>\n<p style=\"padding-left: 60px;\">g) El secretario del centro, que actuar\u00e1 como secretario del Consejo, con voz y sin voto.<\/p>\n<ol start=\"2\">\n<li>Una vez constituido el Consejo Escolar del centro, \u00e9ste designar\u00e1 una persona que impulse medidas educativas que fomenten la igualdad real y efectiva entre hombres y mujeres.<\/li>\n<\/ol>\n<ol start=\"3\">\n<li>Uno de los representantes de los padres en el Consejo Escolar ser\u00e1 designado por la asociaci\u00f3n de padres m\u00e1s representativa del centro, de acuerdo con el procedimiento que establezcan las Administraciones educativas.<\/li>\n<\/ol>\n<ol start=\"4\">\n<li>Corresponde a las Administraciones educativas regular las condiciones por las que los centros que impartan las ense\u00f1anzas de formaci\u00f3n profesional o artes pl\u00e1sticas y dise\u00f1o puedan incorporar a su Consejo Escolar un representante propuesto por las organizaciones empresariales o instituciones laborales presentes en el \u00e1mbito de acci\u00f3n del centro.<\/li>\n<\/ol>\n<ol start=\"5\">\n<li>Los alumnos podr\u00e1n ser elegidos miembros del Consejo Escolar a partir del primer curso de la educaci\u00f3n secundaria obligatoria. No obstante, los alumnos de los dos primeros cursos de la educaci\u00f3n secundaria obligatoria no podr\u00e1n participar en la selecci\u00f3n o el cese del director. Los alumnos de educaci\u00f3n primaria podr\u00e1n participar en el Consejo Escolar del centro en los t\u00e9rminos que establezcan las Administraciones educativas.<\/li>\n<\/ol>\n<ol start=\"6\">\n<li>Corresponde a las Administraciones educativas determinar el n\u00famero total de miembros del Consejo Escolar y regular el proceso de elecci\u00f3n.<\/li>\n<\/ol>\n<ol start=\"7\">\n<li>En los centros espec\u00edficos de educaci\u00f3n infantil, en los incompletos de educaci\u00f3n primaria, en los de educaci\u00f3n secundaria con menos de ocho unidades, en centros de educaci\u00f3n permanente de personas adultas y de educaci\u00f3n especial, en los que se impartan ense\u00f1anzas art\u00edsticas profesionales, de idiomas o deportivas, as\u00ed como en aquellas unidades o centros de caracter\u00edsticas singulares, la Administraci\u00f3n educativa competente adaptar\u00e1 lo dispuesto en este art\u00edculo a la singularidad de los mismos.<\/li>\n<\/ol>\n<ol start=\"8\">\n<li>En los centros espec\u00edficos de educaci\u00f3n especial y en aquellos que tengan unidades de educaci\u00f3n especial formar\u00e1 parte tambi\u00e9n del Consejo Escolar un representante del personal de atenci\u00f3n educativa complementaria.<\/li>\n<\/ol>\n<table style=\"height: 417px;\" border=\"1\" width=\"657\" cellspacing=\"0\" cellpadding=\"0\">\n<tbody>\n<tr style=\"height: 24px;\">\n<td style=\"height: 24px; width: 342px;\" valign=\"top\"><strong>Presidente del Consejo <\/strong><\/td>\n<td style=\"height: 24px; width: 309px;\" valign=\"top\">D. Manuel D\u00edaz Segura<\/td>\n<\/tr>\n<tr style=\"height: 24px;\">\n<td style=\"height: 24px; width: 342px;\" valign=\"top\"><strong>Jefa de Estudios<\/strong><\/td>\n<td style=\"height: 24px; width: 309px;\" valign=\"top\">D\u00aa M\u00aa Isabel Salinas Gil<\/td>\n<\/tr>\n<tr style=\"height: 24px;\">\n<td style=\"height: 24px; width: 342px;\" valign=\"top\"><strong>Secretaria<\/strong><\/td>\n<td style=\"height: 24px; width: 309px;\" valign=\"top\">D\u00aa Carolina de los \u00c1ngeles Pi\u00f1ana D\u00edaz<\/td>\n<\/tr>\n<tr style=\"height: 24px;\">\n<td style=\"height: 24px; width: 342px;\" valign=\"top\"><strong>Representante del Ayuntamiento <\/strong><\/td>\n<td style=\"height: 24px; width: 309px;\" valign=\"top\">D. Gin\u00e9s Garc\u00eda Garc\u00eda<\/td>\n<\/tr>\n<tr style=\"height: 24px;\">\n<td style=\"height: 168px; width: 342px; text-align: left; vertical-align: middle;\" rowspan=\"7\" valign=\"top\"><strong>Representante de profesorado<\/strong><\/td>\n<td style=\"height: 24px; width: 309px;\" valign=\"top\">D\u00aa. M\u00aa \u00c1ngeles Le\u00f3n Segura<\/td>\n<\/tr>\n<tr style=\"height: 24px;\">\n<td style=\"height: 24px; width: 309px;\" valign=\"top\">D\u00aa M\u00aa Isabel C\u00e1novas Larios<\/td>\n<\/tr>\n<tr style=\"height: 24px;\">\n<td style=\"height: 24px; width: 309px;\" valign=\"top\">D. Jose Carlos Garrido Garc\u00eda<\/td>\n<\/tr>\n<tr style=\"height: 24px;\">\n<td style=\"height: 24px; width: 309px;\" valign=\"top\">D. Juan Pedro Liarte Belmonte<\/td>\n<\/tr>\n<tr style=\"height: 24px;\">\n<td style=\"height: 24px; width: 309px;\" valign=\"top\">D\u00aa. Carmen M\u00aa Izquierdo Plazas<\/td>\n<\/tr>\n<tr style=\"height: 24px;\">\n<td style=\"height: 24px; width: 309px;\" valign=\"top\">D. Pablo L\u00f3pez Cremades<\/td>\n<\/tr>\n<tr style=\"height: 24px;\">\n<td style=\"height: 24px; width: 309px;\" valign=\"top\">D\u00aa Yolanda Oliva Caro<\/td>\n<\/tr>\n<tr style=\"height: 24px;\">\n<td style=\"height: 58px; width: 342px; text-align: left; vertical-align: middle;\" rowspan=\"3\" valign=\"top\"><strong>Representante padres\/madres<\/strong><\/td>\n<td style=\"height: 24px; width: 309px;\" valign=\"top\">D. Nuria Mart\u00ednez G\u00f3mez<\/td>\n<\/tr>\n<tr style=\"height: 24px;\">\n<td style=\"height: 24px; width: 309px;\" valign=\"top\">D. Gustavo Adolfo Jim\u00e9nez Pallar\u00e9s<\/td>\n<\/tr>\n<tr style=\"height: 10px;\">\n<td style=\"height: 10px; width: 309px;\" valign=\"top\">D. Isidro Jes\u00fas Ibarra Berrocal<\/td>\n<\/tr>\n<tr style=\"height: 24px;\">\n<td style=\"height: 71px; width: 342px; text-align: left; vertical-align: middle;\" rowspan=\"4\" valign=\"top\"><strong>Representante de alumnos<\/strong><strong><br \/>\n<\/strong><\/td>\n<td style=\"height: 10px; width: 309px; text-align: left; vertical-align: middle;\" valign=\"top\">D\u00aa. Sof\u00eda Garc\u00eda Cabezos<\/td>\n<\/tr>\n<tr style=\"height: 24px;\">\n<td style=\"height: 24px; width: 309px; text-align: left; vertical-align: middle;\">D\u00aa. Anthony Sabando Galeano<\/td>\n<\/tr>\n<tr style=\"height: 24px;\">\n<td style=\"height: 13px; width: 309px; text-align: left; vertical-align: middle;\">D. Hector Quiles del Solar<\/td>\n<\/tr>\n<tr style=\"height: 24px;\">\n<td style=\"width: 309px; text-align: left; vertical-align: middle; height: 24px;\">D\u00aa. Mar\u00eda Delgado Garc\u00eda<\/td>\n<\/tr>\n<tr style=\"height: 24px;\">\n<td style=\"height: 24px; width: 342px;\" valign=\"top\"><strong><strong>Representante PAS<\/strong><\/strong><\/td>\n<td style=\"height: 24px; width: 309px;\" valign=\"top\">D\u00aa. Encarna Conesa Pedrero<\/td>\n<\/tr>\n<\/tbody>\n<\/table>\n<h1><strong>COMPETENCIAS DEL CONSEJO ESCOLAR<\/strong><\/h1>\n<h4 class=\"sangrado\">Art\u00edculo 127 de la LOMLOE. Competencias del Consejo Escolar.<\/h4>\n<p>El Consejo Escolar del centro tendr\u00e1 las siguientes competencias:<\/p>\n<p style=\"text-align: justify; padding-left: 40px;\">a) Aprobar y evaluar los proyectos y las normas a los que se refiere el cap\u00edtulo\u00a0II del t\u00edtulo V de la presente Ley.<\/p>\n<p style=\"text-align: justify; padding-left: 40px;\">b) Aprobar y evaluar la programaci\u00f3n general anual del centro, sin perjuicio de las competencias del Claustro del profesorado en relaci\u00f3n con la planificaci\u00f3n y organizaci\u00f3n docente.<\/p>\n<p style=\"text-align: justify; padding-left: 40px;\">c) Conocer las candidaturas a la direcci\u00f3n y los proyectos de direcci\u00f3n presentados por los candidatos.<\/p>\n<p style=\"text-align: justify; padding-left: 40px;\">d) Participar en la selecci\u00f3n del director o directora del centro en los t\u00e9rminos que la presente Ley establece. Ser informado del nombramiento y cese de los dem\u00e1s miembros del equipo directivo. En su caso, previo acuerdo de sus miembros, adoptado por mayor\u00eda de dos tercios, proponer la revocaci\u00f3n del nombramiento del director o directora.<\/p>\n<p style=\"text-align: justify; padding-left: 40px;\">e) Decidir sobre la admisi\u00f3n del alumnado con sujeci\u00f3n a lo establecido en esta Ley y disposiciones que la desarrollen.<\/p>\n<p style=\"text-align: justify; padding-left: 40px;\">f) Impulsar la adopci\u00f3n y seguimiento de medidas educativas que fomenten el reconocimiento y protecci\u00f3n de los derechos de la infancia.<\/p>\n<p style=\"text-align: justify; padding-left: 40px;\">g) Proponer medidas e iniciativas que favorezcan los estilos de vida saludable, la convivencia en el centro, la igualdad efectiva de mujeres y hombres, la no discriminaci\u00f3n, la prevenci\u00f3n del acoso escolar y de la violencia de g\u00e9nero y la resoluci\u00f3n pac\u00edfica de conflictos en todos los \u00e1mbitos de la vida personal, familiar y social.<\/p>\n<p style=\"text-align: justify; padding-left: 40px;\">h) Conocer las conductas contrarias a la convivencia y la aplicaci\u00f3n de las medidas educativas, de mediaci\u00f3n y correctoras velando por que se ajusten a la normativa vigente. Cuando las medidas correctoras adoptadas por el director o directora correspondan a conductas del alumnado que perjudiquen gravemente la convivencia del centro, el Consejo Escolar, a instancia de padres, madres o tutores legales o, en su caso, del alumnado, podr\u00e1 revisar la decisi\u00f3n adoptada y proponer, en su caso, las medidas oportunas.<\/p>\n<p style=\"text-align: justify; padding-left: 40px;\">i) Promover progresivamente la conservaci\u00f3n y renovaci\u00f3n de las instalaciones y equipo escolar para la mejora de la calidad y la sostenibilidad y aprobar la obtenci\u00f3n de recursos complementarios de acuerdo con lo establecido en el art\u00edculo\u00a0122.3.<\/p>\n<p style=\"text-align: justify; padding-left: 40px;\">j) Fijar las directrices para la colaboraci\u00f3n, con fines educativos y culturales, con las Administraciones locales y con otros centros, entidades y organismos.<\/p>\n<p style=\"text-align: justify; padding-left: 40px;\">k) Analizar y valorar el funcionamiento general del centro, la evoluci\u00f3n del rendimiento escolar y los resultados de las evaluaciones internas y externas en las que participe el centro.<\/p>\n<p style=\"text-align: justify; padding-left: 40px;\">l) Elaborar propuestas e informes, a iniciativa propia o a petici\u00f3n de la Administraci\u00f3n competente, sobre el funcionamiento del centro y la mejora de la calidad de la gesti\u00f3n, as\u00ed como sobre aquellos otros aspectos relacionados con la calidad de la misma.<\/p>\n<p style=\"text-align: justify; padding-left: 40px;\">m) Aprobar el proyecto de presupuesto del centro.<\/p>\n<p style=\"text-align: justify; padding-left: 40px;\">n) Cualesquiera otras que le sean atribuidas por la Administraci\u00f3n educativa.\u00bb<\/p>\n<h1><strong>\u00a0<\/strong><strong>COMISIONES DEL CONSEJO ESCOLAR<\/strong><\/h1>\n<h4><strong>\u00a0<\/strong><strong>Art\u00edculo 20.\u2002Comisiones del consejo escolar.<\/strong><\/h4>\n<ol>\n<li>El consejo escolar constituir\u00e1 una comisi\u00f3n de convivencia en la forma en que se determine en el reglamento de r\u00e9gimen interior, en la que, al menos, estar\u00e1n presentes el director, el jefe de estudios, y un profesor, un padre de alumno y un alumno elegidos por cada uno de los sectores. Las competencias estar\u00e1n especificadas en el reglamento de r\u00e9gimen interior.<\/li>\n<\/ol>\n<ol start=\"2\">\n<li>La comisi\u00f3n de convivencia informar\u00e1 al consejo escolar sobre la aplicaci\u00f3n de las normas de convivencia y colaborar\u00e1 con \u00e9l en la elaboraci\u00f3n del informe que se cita en el art\u00edculo 21.l). Asimismo informar\u00e1 al consejo escolar de todo aquello que le encomiende dentro de su \u00e1mbito de competencia.<\/li>\n<\/ol>\n<ol start=\"3\">\n<li>El consejo escolar podr\u00e1 constituir otras comisiones para asuntos espec\u00edficos en la forma y con las competencias que determine el reglamento de r\u00e9gimen interior.<\/li>\n<\/ol>\n<p>&nbsp;<\/p>\n<table style=\"height: 936px;\">\n<tbody>\n<tr style=\"height: 58px;\">\n<td style=\"height: 58px; width: 553px;\">\n<p style=\"text-align: center;\"><strong>\u00a0<\/strong><strong>COMISI\u00d3N ECON\u00d3MICA<\/strong><\/p>\n<\/td>\n<\/tr>\n<tr style=\"height: 226px;\">\n<td style=\"height: 226px; width: 553px;\">\n<p style=\"text-align: center;\">Manuel D\u00edaz Segura<\/p>\n<p style=\"text-align: center;\">Carolina de los \u00c1ngeles Pi\u00f1ana D\u00edaz<\/p>\n<p style=\"text-align: center;\">Mar\u00eda Delgado Garc\u00eda<\/p>\n<\/td>\n<\/tr>\n<tr style=\"height: 58px;\">\n<td style=\"height: 58px; width: 553px;\">\n<p style=\"text-align: center;\"><strong>COMISI\u00d3N DE ADMISI\u00d3N<\/strong><\/p>\n<\/td>\n<\/tr>\n<tr style=\"height: 268px;\">\n<td style=\"height: 268px; width: 553px;\">\n<p style=\"text-align: center;\">Manuel D\u00edaz Segura<\/p>\n<p style=\"text-align: center;\">M\u00aa Isabel C\u00e1novas Larios<\/p>\n<p style=\"text-align: center;\">Nuria Mart\u00ednez G\u00f3mez<\/p>\n<p style=\"text-align: center;\">Sof\u00eda Garc\u00eda Cabezos<\/p>\n<\/td>\n<\/tr>\n<tr style=\"height: 58px;\">\n<td style=\"height: 58px; width: 553px;\">\n<p style=\"text-align: center;\"><strong>\u00a0<\/strong><strong>COMISI\u00d3N DE CONVIVENCIA<\/strong><\/p>\n<\/td>\n<\/tr>\n<tr style=\"height: 268px;\">\n<td style=\"height: 268px; width: 553px;\">\n<p style=\"text-align: center;\">Manuel D\u00edaz Segura<\/p>\n<p style=\"text-align: center;\">Mar\u00eda Isabel Salinas Gil<\/p>\n<p style=\"text-align: center;\">Yolanda Oliva Caro<\/p>\n<p style=\"text-align: center;\">Hector Quiles del Solar<\/p>\n<p style=\"text-align: center;\">\n<\/td>\n<\/tr>\n<\/tbody>\n<\/table>\n<h4>Art\u00edculo 126 de la LOE. Composici\u00f3n del Consejo Escolar<\/h4>\n<p style=\"padding-left: 40px;\">2. Una vez constituido el Consejo Escolar del centro, \u00e9ste designar\u00e1 una persona que<br \/>\nimpulse medidas educativas que fomenten la igualdad real y efectiva entre hombres y<br \/>\nmujeres.<\/p>\n<p>De acuerdo a lo anterior, el Consejo Escolar ha designado a D\u00aa. Anthony Sabando Galeano<\/p>\n<p>&nbsp;<\/p>\n","protected":false},"excerpt":{"rendered":"<p>El Consejo Escolar del Instituto es el \u00f3rgano de participaci\u00f3n de los diferentes miembros de la comunidad educativa. Se renueva por mitades cada dos a\u00f1os de forma alternativa. El Consejo Escolar se re\u00fane, como m\u00ednimo una vez al trimestre, y siempre que lo convoque el Director, o lo solicite al menos un tercio de sus [&hellip;]<\/p>\n","protected":false},"author":1,"featured_media":0,"parent":0,"menu_order":0,"comment_status":"open","ping_status":"open","template":"","meta":{"footnotes":""},"class_list":["post-115","page","type-page","status-publish","hentry"],"_links":{"self":[{"href":"https:\/\/www.benarabi.org\/index.php?rest_route=\/wp\/v2\/pages\/115","targetHints":{"allow":["GET"]}}],"collection":[{"href":"https:\/\/www.benarabi.org\/index.php?rest_route=\/wp\/v2\/pages"}],"about":[{"href":"https:\/\/www.benarabi.org\/index.php?rest_route=\/wp\/v2\/types\/page"}],"author":[{"embeddable":true,"href":"https:\/\/www.benarabi.org\/index.php?rest_route=\/wp\/v2\/users\/1"}],"replies":[{"embeddable":true,"href":"https:\/\/www.benarabi.org\/index.php?rest_route=%2Fwp%2Fv2%2Fcomments&post=115"}],"version-history":[{"count":54,"href":"https:\/\/www.benarabi.org\/index.php?rest_route=\/wp\/v2\/pages\/115\/revisions"}],"predecessor-version":[{"id":13417,"href":"https:\/\/www.benarabi.org\/index.php?rest_route=\/wp\/v2\/pages\/115\/revisions\/13417"}],"wp:attachment":[{"href":"https:\/\/www.benarabi.org\/index.php?rest_route=%2Fwp%2Fv2%2Fmedia&parent=115"}],"curies":[{"name":"wp","href":"https:\/\/api.w.org\/{rel}","templated":true}]}}