{"id":118,"date":"2012-02-07T15:37:02","date_gmt":"2012-02-07T15:37:02","guid":{"rendered":"http:\/\/www.benarabi.org\/?page_id=118"},"modified":"2025-09-05T12:02:49","modified_gmt":"2025-09-05T10:02:49","slug":"comision-de-coordinacion-pedagogica","status":"publish","type":"page","link":"https:\/\/www.benarabi.org\/?page_id=118","title":{"rendered":"COMISI\u00d3N DE COORDINACI\u00d3N PEDAG\u00d3GICA"},"content":{"rendered":"<table width=\"657\">\n<tbody>\n<tr>\n<td><strong>Director<\/strong><\/td>\n<td width=\"276\">D. Manuel D\u00edaz Segura<\/td>\n<\/tr>\n<tr>\n<td><strong>Jefe\/a de Estudios<\/strong><\/td>\n<td width=\"276\">D\u00aa. M\u00aa Isabel Salinas Gil<\/td>\n<\/tr>\n<tr>\n<td><strong>Secretaria<\/strong><\/td>\n<td width=\"276\">D\u00aa. M\u00f3nica Borgo\u00f1\u00f3s Garc\u00eda<\/td>\n<\/tr>\n<tr>\n<td><strong>Jefe\/a Dpto. de Act. Complementarias<\/strong><\/td>\n<td width=\"276\">D\u00aa. M\u00f3nica Borgo\u00f1\u00f3s Garc\u00eda<\/td>\n<\/tr>\n<tr>\n<td><strong>Jefe\/a Dpto. de Biolog\u00eda y Geolog\u00eda<\/strong><\/td>\n<td width=\"276\">D. Juana M\u00aa Castej\u00f3n L\u00f3pez<\/td>\n<\/tr>\n<tr>\n<td><strong>Jefe\/a Dpto. de Dibujo<\/strong><\/td>\n<td width=\"276\">D\u00aa. Joaquina L\u00f3pez Alarc\u00f3n<\/td>\n<\/tr>\n<tr>\n<td><strong>Jefe\/a Dpto. de Educaci\u00f3n F\u00edsica<\/strong><\/td>\n<td width=\"276\">D. Juan Pedro Liarte Belmonte<\/td>\n<\/tr>\n<tr>\n<td><strong>Jefe\/a Dpto. de Econom\u00eda<\/strong><\/td>\n<td width=\"276\">D\u00aa Jos\u00e9 Carlos Garrido Garc\u00eda<\/td>\n<\/tr>\n<tr>\n<td><strong>Jefe\/a Dpto. de Filosof\u00eda<\/strong><\/td>\n<td width=\"276\">D.\u00aa Mar Valera Ortu\u00f1o<\/td>\n<\/tr>\n<tr>\n<td><strong>Jefe\/a Dpto. de F\u00edsica y Qu\u00edmica<\/strong><\/td>\n<td width=\"276\">D. Pablo L\u00f3pez Cremades<\/td>\n<\/tr>\n<tr>\n<td><strong>Jefe\/a Dpto. de Franc\u00e9s<\/strong><\/td>\n<td width=\"276\">D\u00aa. M\u00aa Isabel Garc\u00eda S\u00e1nchez<\/td>\n<\/tr>\n<tr>\n<td><strong>Jefe\/a Dpto. de Geograf\u00eda e Historia<\/strong><\/td>\n<td width=\"276\">D\u00aa. M\u00aa Carmen P\u00e9rez Almagro<\/td>\n<\/tr>\n<tr>\n<td style=\"text-align: justify;\"><strong>Jefe\/a Dpto. de Tecnolog\u00eda<\/strong><\/td>\n<td width=\"276\">D. Alfonso Dav\u00edd Higueras Garc\u00eda<\/td>\n<\/tr>\n<tr>\n<td><strong>Jefe\/a Dpto. de Ingl\u00e9s<\/strong><\/td>\n<td width=\"276\">D. Dolores S\u00e1nchez Mart\u00ednez<\/td>\n<\/tr>\n<tr>\n<td><strong>Jefe\/a Dpto. de Lat\u00edn<\/strong><\/td>\n<td width=\"276\">D\u00aa. Luc\u00eda Alcaraz Avil\u00e9s<\/td>\n<\/tr>\n<tr>\n<td><strong>Jefe\/a Dpto. de Lengua Castellana y Literatura<\/strong><\/td>\n<td width=\"276\">D.\u00a0Enrique Pineda Gonz\u00e1lez<\/td>\n<\/tr>\n<tr>\n<td><strong>Jefe\/a Dpto. de<\/strong> <strong>Matem\u00e1ticas<\/strong><\/td>\n<td width=\"276\">D\u00aa. M\u00aa Carmen Fern\u00e1ndez Legaz<\/td>\n<\/tr>\n<tr>\n<td><strong>Jefe\/a Dpto. de M\u00fasica<\/strong><\/td>\n<td width=\"276\">D\u00aa. Francisco Franco Vidal<\/td>\n<\/tr>\n<tr>\n<td><strong>Jefe\/a Dpto. de Orientaci\u00f3n<\/strong><\/td>\n<td width=\"276\">D\u00aa. Rosario Soto Pi\u00f1ero<\/td>\n<\/tr>\n<tr>\n<td><\/td>\n<td width=\"276\"><\/td>\n<\/tr>\n<\/tbody>\n<\/table>\n","protected":false},"excerpt":{"rendered":"<p>Director D. Manuel D\u00edaz Segura Jefe\/a de Estudios D\u00aa. M\u00aa Isabel Salinas Gil Secretaria D\u00aa. M\u00f3nica Borgo\u00f1\u00f3s Garc\u00eda Jefe\/a Dpto. de Act. Complementarias D\u00aa. M\u00f3nica Borgo\u00f1\u00f3s Garc\u00eda Jefe\/a Dpto. de Biolog\u00eda y Geolog\u00eda D. Juana M\u00aa Castej\u00f3n L\u00f3pez Jefe\/a Dpto. de Dibujo D\u00aa. Joaquina L\u00f3pez Alarc\u00f3n Jefe\/a Dpto. de Educaci\u00f3n F\u00edsica D. Juan Pedro Liarte [&hellip;]<\/p>\n","protected":false},"author":1,"featured_media":0,"parent":0,"menu_order":0,"comment_status":"open","ping_status":"open","template":"","meta":{"footnotes":""},"class_list":["post-118","page","type-page","status-publish","hentry"],"_links":{"self":[{"href":"https:\/\/www.benarabi.org\/index.php?rest_route=\/wp\/v2\/pages\/118","targetHints":{"allow":["GET"]}}],"collection":[{"href":"https:\/\/www.benarabi.org\/index.php?rest_route=\/wp\/v2\/pages"}],"about":[{"href":"https:\/\/www.benarabi.org\/index.php?rest_route=\/wp\/v2\/types\/page"}],"author":[{"embeddable":true,"href":"https:\/\/www.benarabi.org\/index.php?rest_route=\/wp\/v2\/users\/1"}],"replies":[{"embeddable":true,"href":"https:\/\/www.benarabi.org\/index.php?rest_route=%2Fwp%2Fv2%2Fcomments&post=118"}],"version-history":[{"count":22,"href":"https:\/\/www.benarabi.org\/index.php?rest_route=\/wp\/v2\/pages\/118\/revisions"}],"predecessor-version":[{"id":13341,"href":"https:\/\/www.benarabi.org\/index.php?rest_route=\/wp\/v2\/pages\/118\/revisions\/13341"}],"wp:attachment":[{"href":"https:\/\/www.benarabi.org\/index.php?rest_route=%2Fwp%2Fv2%2Fmedia&parent=118"}],"curies":[{"name":"wp","href":"https:\/\/api.w.org\/{rel}","templated":true}]}}