{"id":12301,"date":"2024-06-27T12:57:49","date_gmt":"2024-06-27T10:57:49","guid":{"rendered":"https:\/\/www.benarabi.org\/?page_id=12301"},"modified":"2024-06-27T19:40:08","modified_gmt":"2024-06-27T17:40:08","slug":"evaluacion-del-centro-encuestas-2023-24","status":"publish","type":"page","link":"https:\/\/www.benarabi.org\/?page_id=12301","title":{"rendered":"EVALUACI\u00d3N DEL CENTRO \u2013 ENCUESTAS 2023\/24"},"content":{"rendered":"<p><a href=\"https:\/\/www.benarabi.org\/wp-content\/uploads\/2024\/06\/01.-ANALISIS-DE-RESULTADOS-ENCUESTA-EVALUACION-DEL-CENTRO-POR-LAS-FAMILIAS-2023-2024.pdf\">01. AN\u00c1LISIS DE RESULTADOS ENCUESTA EVALUACI\u00d3N DEL CENTRO POR LAS FAMILIAS 2023-2024<\/a><\/p>\n<p><a href=\"https:\/\/www.benarabi.org\/wp-content\/uploads\/2024\/06\/02.-ANALISIS-DE-RESULTADOS-ENCUESTA-EVALUACION-DEL-CENTRO-POR-EL-ALUMNADO-2023-2024.pdf\">02. AN\u00c1LISIS DE RESULTADOS ENCUESTA EVALUACI\u00d3N DEL CENTRO POR EL ALUMNADO 2023-2024<\/a><\/p>\n<p><a href=\"https:\/\/www.benarabi.org\/wp-content\/uploads\/2024\/06\/03.-ANALISIS-DE-RESULTADOS-ENCUESTA-EVALUACION-DEL-ED-POR-EL-PROFESORADO-2023-2024.pdf\">03. AN\u00c1LISIS DE RESULTADOS ENCUESTA EVALUACI\u00d3N DEL ED POR EL PROFESORADO 2023-2024<\/a><\/p>\n<p><a href=\"https:\/\/www.benarabi.org\/wp-content\/uploads\/2024\/06\/04.-ANALISIS-DE-RESULTADOS-ENCUESTA-EVALUACION-DEL-CENTRO-POR-EL-PROFESORADO-2023-2024.pdf\">04. AN\u00c1LISIS DE RESULTADOS ENCUESTA EVALUACI\u00d3N DEL CENTRO POR EL PROFESORADO 2023-2024<\/a><\/p>\n<p><a href=\"https:\/\/www.benarabi.org\/wp-content\/uploads\/2024\/06\/05.-ANALISIS-DE-RESULTADOS-ENCUESTA-EVALUACION-DEL-ED-POR-PAS-2023-2024.pdf\">05. AN\u00c1LISIS DE RESULTADOS ENCUESTA EVALUACI\u00d3N DEL ED POR PAS 2023-2024<\/a><\/p>\n<p><a href=\"https:\/\/www.benarabi.org\/wp-content\/uploads\/2024\/06\/06.-ANALISIS-DE-RESULTADOS-ENCUESTA-EVALUACION-DEL-CENTRO-POR-PAS-2023-2024.pdf\">06. AN\u00c1LISIS DE RESULTADOS ENCUESTA EVALUACI\u00d3N DEL CENTRO POR PAS 2023-2024<\/a><\/p>\n<p><a href=\"https:\/\/www.benarabi.org\/wp-content\/uploads\/2024\/06\/07.-ANALISIS-DE-RESULTADOS-ENCUESTA-EVALUACION-DEL-ED-POR-CE-2023-2024.pdf\">07. AN\u00c1LISIS DE RESULTADOS ENCUESTA EVALUACI\u00d3N DEL ED POR CE 2023-2024<\/a><\/p>\n<p><a href=\"https:\/\/www.benarabi.org\/wp-content\/uploads\/2024\/06\/08.-ANALISIS-DE-RESULTADOS-ENCUESTA-AUTOEVALUACION-DEL-CE-2023-2024.pdf\">08. AN\u00c1LISIS DE RESULTADOS ENCUESTA AUTOEVALUACI\u00d3N DEL CE 2023-2024<\/a><\/p>\n<p><a href=\"https:\/\/www.benarabi.org\/wp-content\/uploads\/2024\/06\/10.-ANALISIS-DE-RESULTADOS-ENCUESTA-AUTOEVALUACION-DE-LA-PRACTICA-DOCENTE-2023-2024.pdf\">10. AN\u00c1LISIS DE RESULTADOS ENCUESTA AUTOEVALUACI\u00d3N DE LA PR\u00c1CTICA DOCENTE 2023-2024<\/a><\/p>\n<p><a href=\"https:\/\/www.benarabi.org\/wp-content\/uploads\/2024\/06\/11.-ANALISIS-DE-RESULTADOS-ENCUESTA-DEPARTAMENTOS-2023-2024.pdf\">11. AN\u00c1LISIS DE RESULTADOS ENCUESTA DEPARTAMENTOS 2023-2024<\/a><\/p>\n<p><a href=\"https:\/\/www.benarabi.org\/wp-content\/uploads\/2024\/06\/12.-ANALISIS-DE-RESULTADOS-ENCUESTA-TUTORIAS-2023-2024.pdf\">12. AN\u00c1LISIS DE RESULTADOS ENCUESTA TUTOR\u00cdAS 2023-2024<\/a><\/p>\n<p><a href=\"https:\/\/www.benarabi.org\/wp-content\/uploads\/2024\/06\/13.-ANALISIS-DE-RESULTADOS-ENCUESTA-AGENTES-EXTERNOS-2023-2024.pdf\">13. AN\u00c1LISIS DE RESULTADOS ENCUESTA AGENTES EXTERNOS 2023-2024<\/a><\/p>\n","protected":false},"excerpt":{"rendered":"<p>01. AN\u00c1LISIS DE RESULTADOS ENCUESTA EVALUACI\u00d3N DEL CENTRO POR LAS FAMILIAS 2023-2024 02. AN\u00c1LISIS DE RESULTADOS ENCUESTA EVALUACI\u00d3N DEL CENTRO POR EL ALUMNADO 2023-2024 03. AN\u00c1LISIS DE RESULTADOS ENCUESTA EVALUACI\u00d3N DEL ED POR EL PROFESORADO 2023-2024 04. AN\u00c1LISIS DE RESULTADOS ENCUESTA EVALUACI\u00d3N DEL CENTRO POR EL PROFESORADO 2023-2024 05. AN\u00c1LISIS DE RESULTADOS ENCUESTA EVALUACI\u00d3N DEL [&hellip;]<\/p>\n","protected":false},"author":1,"featured_media":0,"parent":0,"menu_order":0,"comment_status":"closed","ping_status":"closed","template":"","meta":{"footnotes":""},"class_list":["post-12301","page","type-page","status-publish","hentry"],"_links":{"self":[{"href":"https:\/\/www.benarabi.org\/index.php?rest_route=\/wp\/v2\/pages\/12301","targetHints":{"allow":["GET"]}}],"collection":[{"href":"https:\/\/www.benarabi.org\/index.php?rest_route=\/wp\/v2\/pages"}],"about":[{"href":"https:\/\/www.benarabi.org\/index.php?rest_route=\/wp\/v2\/types\/page"}],"author":[{"embeddable":true,"href":"https:\/\/www.benarabi.org\/index.php?rest_route=\/wp\/v2\/users\/1"}],"replies":[{"embeddable":true,"href":"https:\/\/www.benarabi.org\/index.php?rest_route=%2Fwp%2Fv2%2Fcomments&post=12301"}],"version-history":[{"count":4,"href":"https:\/\/www.benarabi.org\/index.php?rest_route=\/wp\/v2\/pages\/12301\/revisions"}],"predecessor-version":[{"id":12318,"href":"https:\/\/www.benarabi.org\/index.php?rest_route=\/wp\/v2\/pages\/12301\/revisions\/12318"}],"wp:attachment":[{"href":"https:\/\/www.benarabi.org\/index.php?rest_route=%2Fwp%2Fv2%2Fmedia&parent=12301"}],"curies":[{"name":"wp","href":"https:\/\/api.w.org\/{rel}","templated":true}]}}