{"id":131,"date":"2012-02-07T21:05:39","date_gmt":"2012-02-07T21:05:39","guid":{"rendered":"http:\/\/www.benarabi.org\/?page_id=131"},"modified":"2026-03-26T13:28:31","modified_gmt":"2026-03-26T12:28:31","slug":"lengua-castellana-y-literatura","status":"publish","type":"page","link":"https:\/\/www.benarabi.org\/?page_id=131","title":{"rendered":"LENGUA CASTELLANA Y LITERATURA"},"content":{"rendered":"<p>COMPONENTES DEPARTAMENTO LENGUA<\/p>\n<ul>\n<li>Arenas Jim\u00e9nez, Manuel Jorge<\/li>\n<li>Garc\u00eda Garc\u00eda, Rosal\u00eda<\/li>\n<li>Gisbert Garc\u00eda Elena<\/li>\n<li>Hern\u00e1ndez Soler, Benjamin<\/li>\n<li>Izquierdo Plazas, Carmen M\u00aa<\/li>\n<li>Moreno Nieto, Lorenzo<\/li>\n<li>Navarro Albaladejo, Raquel<\/li>\n<li>Pineda G\u00f3mez, Enrique<\/li>\n<li>Pi\u00f1ana D\u00edaz, M\u00aa Bel\u00e9n<\/li>\n<li>Saura Conesa, M\u00aa del Carmen<\/li>\n<li>Torres Ru\u00edz, Ester<\/li>\n<\/ul>\n<p>MATERIALES Y RECURSOS<\/p>\n<ul>\n<li><a href=\"http:\/\/elblogaurisecular.blogspot.com.es\/2014\/05\/proposito.html\" target=\"_blank\" rel=\"noopener noreferrer\">Blog de Literatura de Beatriz Villarino<\/a><\/li>\n<li><a href=\"http:\/\/www.benarabi.org\/?page_id=3269\">Recursos de Jes\u00fas M\u00e9ndez<\/a><\/li>\n<\/ul>\n<p>PROGRAMACI\u00d3N DID\u00c1CTICA<\/p>\n<ul>\n<li><a href=\"https:\/\/www.benarabi.org\/wp-content\/uploads\/2025\/12\/Lengua-castellana-y-literatura.pdf\">Programaci\u00f3n 2025-26<\/a><\/li>\n<\/ul>\n","protected":false},"excerpt":{"rendered":"<p>COMPONENTES DEPARTAMENTO LENGUA Arenas Jim\u00e9nez, Manuel Jorge Garc\u00eda Garc\u00eda, Rosal\u00eda Gisbert Garc\u00eda Elena Hern\u00e1ndez Soler, Benjamin Izquierdo Plazas, Carmen M\u00aa Moreno Nieto, Lorenzo Navarro Albaladejo, Raquel Pineda G\u00f3mez, Enrique Pi\u00f1ana D\u00edaz, M\u00aa Bel\u00e9n Saura Conesa, M\u00aa del Carmen Torres Ru\u00edz, Ester MATERIALES Y RECURSOS Blog de Literatura de Beatriz Villarino Recursos de Jes\u00fas M\u00e9ndez PROGRAMACI\u00d3N [&hellip;]<\/p>\n","protected":false},"author":1,"featured_media":0,"parent":0,"menu_order":0,"comment_status":"open","ping_status":"open","template":"","meta":{"footnotes":""},"class_list":["post-131","page","type-page","status-publish","hentry"],"_links":{"self":[{"href":"https:\/\/www.benarabi.org\/index.php?rest_route=\/wp\/v2\/pages\/131","targetHints":{"allow":["GET"]}}],"collection":[{"href":"https:\/\/www.benarabi.org\/index.php?rest_route=\/wp\/v2\/pages"}],"about":[{"href":"https:\/\/www.benarabi.org\/index.php?rest_route=\/wp\/v2\/types\/page"}],"author":[{"embeddable":true,"href":"https:\/\/www.benarabi.org\/index.php?rest_route=\/wp\/v2\/users\/1"}],"replies":[{"embeddable":true,"href":"https:\/\/www.benarabi.org\/index.php?rest_route=%2Fwp%2Fv2%2Fcomments&post=131"}],"version-history":[{"count":78,"href":"https:\/\/www.benarabi.org\/index.php?rest_route=\/wp\/v2\/pages\/131\/revisions"}],"predecessor-version":[{"id":14022,"href":"https:\/\/www.benarabi.org\/index.php?rest_route=\/wp\/v2\/pages\/131\/revisions\/14022"}],"wp:attachment":[{"href":"https:\/\/www.benarabi.org\/index.php?rest_route=%2Fwp%2Fv2%2Fmedia&parent=131"}],"curies":[{"name":"wp","href":"https:\/\/api.w.org\/{rel}","templated":true}]}}