{"id":13290,"date":"2025-06-29T18:30:19","date_gmt":"2025-06-29T16:30:19","guid":{"rendered":"https:\/\/www.benarabi.org\/?page_id=13290"},"modified":"2025-06-29T18:30:19","modified_gmt":"2025-06-29T16:30:19","slug":"evaluacion-del-centro-encuestas-2024-25","status":"publish","type":"page","link":"https:\/\/www.benarabi.org\/?page_id=13290","title":{"rendered":"EVALUACI\u00d3N DEL CENTRO \u2013 ENCUESTAS 2024\/25"},"content":{"rendered":"<p><a href=\"https:\/\/www.benarabi.org\/wp-content\/uploads\/2025\/06\/01.-ANALISIS-DE-RESULTADOS-ENCUESTA-EVALUACION-DEL-CENTRO-POR-LAS-FAMILIAS-2024-2025.pdf\">01. AN\u00c1LISIS DE RESULTADOS ENCUESTA EVALUACI\u00d3N DEL CENTRO POR LAS FAMILIAS 2024-2025<\/a><\/p>\n<p><a href=\"https:\/\/www.benarabi.org\/wp-content\/uploads\/2025\/06\/02.-ANALISIS-DE-RESULTADOS-ENCUESTA-EVALUACION-DEL-CENTRO-POR-EL-ALUMNADO-2024-2025.pdf\">02. AN\u00c1LISIS DE RESULTADOS ENCUESTA EVALUACI\u00d3N DEL CENTRO POR EL ALUMNADO 2024-2025<\/a><\/p>\n<p><a href=\"https:\/\/www.benarabi.org\/wp-content\/uploads\/2025\/06\/03.-ANALISIS-DE-RESULTADOS-ENCUESTA-EVALUACION-DEL-ED-POR-EL-PROFESORADO-2024-2025.pdf\">03. AN\u00c1LISIS DE RESULTADOS ENCUESTA EVALUACI\u00d3N DEL ED POR EL PROFESORADO 2024-2025<\/a><\/p>\n<p><a href=\"https:\/\/www.benarabi.org\/wp-content\/uploads\/2025\/06\/04.-ANALISIS-DE-RESULTADOS-ENCUESTA-EVALUACION-DEL-CENTRO-POR-EL-PROFESORADO-2024-2025.pdf\">04. AN\u00c1LISIS DE RESULTADOS ENCUESTA EVALUACI\u00d3N DEL CENTRO POR EL PROFESORADO 2024-2025<\/a><\/p>\n<p><a href=\"https:\/\/www.benarabi.org\/wp-content\/uploads\/2025\/06\/05.-ANALISIS-DE-RESULTADOS-ENCUESTA-EVALUACION-DEL-ED-POR-PAS-2024-2025.pdf\">05. AN\u00c1LISIS DE RESULTADOS ENCUESTA EVALUACI\u00d3N DEL ED POR PAS 2024-2025<\/a><\/p>\n<p><a href=\"https:\/\/www.benarabi.org\/wp-content\/uploads\/2025\/06\/06.-ANALISIS-DE-RESULTADOS-ENCUESTA-EVALUACION-DEL-CENTRO-POR-PAS-2024-2025.pdf\">06. AN\u00c1LISIS DE RESULTADOS ENCUESTA EVALUACI\u00d3N DEL CENTRO POR PAS 2024-2025<\/a><\/p>\n<p><a href=\"https:\/\/www.benarabi.org\/wp-content\/uploads\/2025\/06\/07.-ANALISIS-DE-RESULTADOS-ENCUESTA-EVALUACION-DEL-ED-POR-CE-2024-2025.pdf\">07. AN\u00c1LISIS DE RESULTADOS ENCUESTA EVALUACI\u00d3N DEL ED POR CE 2024-2025<\/a><\/p>\n<p><a href=\"https:\/\/www.benarabi.org\/wp-content\/uploads\/2025\/06\/10.-ANALISIS-DE-RESULTADOS-ENCUESTA-AUTOEVALUACION-DE-LA-PRACTICA-DOCENTE-2024-2025.pdf\">10. AN\u00c1LISIS DE RESULTADOS ENCUESTA AUTOEVALUACI\u00d3N DE LA PR\u00c1CTICA DOCENTE 2024-2025<\/a><\/p>\n<p><a href=\"https:\/\/www.benarabi.org\/wp-content\/uploads\/2025\/06\/11.-ANALISIS-DE-RESULTADOS-ENCUESTA-DEPARTAMENTOS-2024-2025.pdf\">11. AN\u00c1LISIS DE RESULTADOS ENCUESTA DEPARTAMENTOS 2024-2025<\/a><\/p>\n<p><a href=\"https:\/\/www.benarabi.org\/wp-content\/uploads\/2025\/06\/12.-ANALISIS-DE-RESULTADOS-ENCUESTA-TUTORIAS-2024-2025.pdf\">12. AN\u00c1LISIS DE RESULTADOS ENCUESTA TUTOR\u00cdAS 2024-2025<\/a><\/p>\n<p><a href=\"https:\/\/www.benarabi.org\/wp-content\/uploads\/2025\/06\/13.-ANALISIS-DE-RESULTADOS-ENCUESTA-AGENTES-EXTERNOS-2024-2025.pdf\">13. AN\u00c1LISIS DE RESULTADOS ENCUESTA AGENTES EXTERNOS 2024-2025<\/a><\/p>\n<p>&nbsp;<\/p>\n","protected":false},"excerpt":{"rendered":"<p>01. AN\u00c1LISIS DE RESULTADOS ENCUESTA EVALUACI\u00d3N DEL CENTRO POR LAS FAMILIAS 2024-2025 02. AN\u00c1LISIS DE RESULTADOS ENCUESTA EVALUACI\u00d3N DEL CENTRO POR EL ALUMNADO 2024-2025 03. AN\u00c1LISIS DE RESULTADOS ENCUESTA EVALUACI\u00d3N DEL ED POR EL PROFESORADO 2024-2025 04. AN\u00c1LISIS DE RESULTADOS ENCUESTA EVALUACI\u00d3N DEL CENTRO POR EL PROFESORADO 2024-2025 05. AN\u00c1LISIS DE RESULTADOS ENCUESTA EVALUACI\u00d3N DEL [&hellip;]<\/p>\n","protected":false},"author":1,"featured_media":0,"parent":0,"menu_order":0,"comment_status":"closed","ping_status":"closed","template":"","meta":{"footnotes":""},"class_list":["post-13290","page","type-page","status-publish","hentry"],"_links":{"self":[{"href":"https:\/\/www.benarabi.org\/index.php?rest_route=\/wp\/v2\/pages\/13290","targetHints":{"allow":["GET"]}}],"collection":[{"href":"https:\/\/www.benarabi.org\/index.php?rest_route=\/wp\/v2\/pages"}],"about":[{"href":"https:\/\/www.benarabi.org\/index.php?rest_route=\/wp\/v2\/types\/page"}],"author":[{"embeddable":true,"href":"https:\/\/www.benarabi.org\/index.php?rest_route=\/wp\/v2\/users\/1"}],"replies":[{"embeddable":true,"href":"https:\/\/www.benarabi.org\/index.php?rest_route=%2Fwp%2Fv2%2Fcomments&post=13290"}],"version-history":[{"count":1,"href":"https:\/\/www.benarabi.org\/index.php?rest_route=\/wp\/v2\/pages\/13290\/revisions"}],"predecessor-version":[{"id":13302,"href":"https:\/\/www.benarabi.org\/index.php?rest_route=\/wp\/v2\/pages\/13290\/revisions\/13302"}],"wp:attachment":[{"href":"https:\/\/www.benarabi.org\/index.php?rest_route=%2Fwp%2Fv2%2Fmedia&parent=13290"}],"curies":[{"name":"wp","href":"https:\/\/api.w.org\/{rel}","templated":true}]}}