{"id":135,"date":"2012-02-07T21:06:47","date_gmt":"2012-02-07T21:06:47","guid":{"rendered":"http:\/\/www.benarabi.org\/?page_id=135"},"modified":"2025-12-15T15:06:41","modified_gmt":"2025-12-15T14:06:41","slug":"dibujo","status":"publish","type":"page","link":"https:\/\/www.benarabi.org\/?page_id=135","title":{"rendered":"DIBUJO"},"content":{"rendered":"<p>COMPONENTES DEPARTAMENTO ARTES PL\u00c1STICAS<\/p>\n<ul>\n<li>L\u00f3pez Alarc\u00f3n Joaquina<\/li>\n<li>Madariaga Fern\u00e1ndez, Irene<\/li>\n<li>Oliva Caro, Yolanda<\/li>\n<li>P\u00e9rez-Nieto Mercader, Ana Mar\u00eda<\/li>\n<\/ul>\n<div>\n<p>PROGRAMACI\u00d3N DID\u00c1CTICA<\/p>\n<ul>\n<li style=\"list-style-type: none;\">\n<ul>\n<li><a href=\"https:\/\/www.benarabi.org\/wp-content\/uploads\/2025\/12\/Dibujo.pdf\">Programaci\u00f3n 2025-26<\/a><\/li>\n<\/ul>\n<\/li>\n<\/ul>\n<\/div>\n","protected":false},"excerpt":{"rendered":"<p>COMPONENTES DEPARTAMENTO ARTES PL\u00c1STICAS L\u00f3pez Alarc\u00f3n Joaquina Madariaga Fern\u00e1ndez, Irene Oliva Caro, Yolanda P\u00e9rez-Nieto Mercader, Ana Mar\u00eda PROGRAMACI\u00d3N DID\u00c1CTICA Programaci\u00f3n 2025-26<\/p>\n","protected":false},"author":1,"featured_media":0,"parent":0,"menu_order":0,"comment_status":"open","ping_status":"open","template":"","meta":{"footnotes":""},"class_list":["post-135","page","type-page","status-publish","hentry"],"_links":{"self":[{"href":"https:\/\/www.benarabi.org\/index.php?rest_route=\/wp\/v2\/pages\/135","targetHints":{"allow":["GET"]}}],"collection":[{"href":"https:\/\/www.benarabi.org\/index.php?rest_route=\/wp\/v2\/pages"}],"about":[{"href":"https:\/\/www.benarabi.org\/index.php?rest_route=\/wp\/v2\/types\/page"}],"author":[{"embeddable":true,"href":"https:\/\/www.benarabi.org\/index.php?rest_route=\/wp\/v2\/users\/1"}],"replies":[{"embeddable":true,"href":"https:\/\/www.benarabi.org\/index.php?rest_route=%2Fwp%2Fv2%2Fcomments&post=135"}],"version-history":[{"count":51,"href":"https:\/\/www.benarabi.org\/index.php?rest_route=\/wp\/v2\/pages\/135\/revisions"}],"predecessor-version":[{"id":13653,"href":"https:\/\/www.benarabi.org\/index.php?rest_route=\/wp\/v2\/pages\/135\/revisions\/13653"}],"wp:attachment":[{"href":"https:\/\/www.benarabi.org\/index.php?rest_route=%2Fwp%2Fv2%2Fmedia&parent=135"}],"curies":[{"name":"wp","href":"https:\/\/api.w.org\/{rel}","templated":true}]}}