{"id":2559,"date":"2013-11-18T18:23:05","date_gmt":"2013-11-18T17:23:05","guid":{"rendered":"http:\/\/www.benarabi.org\/?page_id=2559"},"modified":"2024-03-04T09:52:15","modified_gmt":"2024-03-04T08:52:15","slug":"deporte-escolar","status":"publish","type":"page","link":"https:\/\/www.benarabi.org\/?page_id=2559","title":{"rendered":"HORARIOS INTEGRADOS"},"content":{"rendered":"<p><iframe loading=\"lazy\" title=\"Programa PHI\" width=\"830\" height=\"467\" src=\"https:\/\/www.youtube.com\/embed\/yxghhoxupWs?feature=oembed\" frameborder=\"0\" allow=\"accelerometer; autoplay; clipboard-write; encrypted-media; gyroscope; picture-in-picture; web-share\" allowfullscreen><\/iframe><\/p>\n<ul>\n<li style=\"text-align: justify;\"><a href=\"http:\/\/servicios.educarm.es\/admin\/webForm.php?aplicacion=ARTISTICAS_IDIOMAS&amp;mode=visualizaAplicacionWeb&amp;web=92&amp;ar=1163&amp;zona=CENTROS&amp;menuSeleccionado=\" target=\"_blank\" rel=\"noopener noreferrer\">Programa Horarios Integrados en Educarm.<\/a><\/li>\n<li style=\"text-align: justify;\"><a href=\"https:\/\/www.benarabi.org\/wp-content\/uploads\/2023\/03\/Resol-medid-orga-Ense-artisti-BORM-29-3-23-3.pdf\">Resoluci\u00f3n de 23 de marzo de 2023, de la Direcci\u00f3n General de Atenci\u00f3n a la Diversidad, Innovaci\u00f3n y Formaci\u00f3n Profesional y de la Direcci\u00f3n General de Recursos Humanos, Planificaci\u00f3n Educativa y Evaluaci\u00f3n, por la que se dictan medidas organizativas para su aplicaci\u00f3n en el caso de los alumnos que simultanean las ense\u00f1anzas art\u00edsticas profesionales de M\u00fasica y Danza y la Educaci\u00f3n Secundaria Obligatoria y el Bachillerato en la Comunidad Aut\u00f3noma de la Regi\u00f3n de Murcia.<\/a><\/li>\n<li style=\"text-align: justify;\"><a href=\"https:\/\/www.benarabi.org\/wp-content\/uploads\/2022\/10\/Real-Decreto-242-2009.pdf\">Real Decreto 242\/2009, de 27 de febrero, por el que se establecen convalidaciones entre las ense\u00f1anzas profesionales de M\u00fasica y de Danza y la Educaci\u00f3n secundaria obligatoria y el Bachillerato, as\u00ed como los efectos que sobre la materia de Educaci\u00f3n f\u00edsica deben tener la condici\u00f3n de deportista de alto nivel o alto rendimiento y las ense\u00f1anzas profesionales de Danza.<\/a><\/li>\n<li><a href=\"https:\/\/www.benarabi.org\/wp-content\/uploads\/2024\/03\/BOE-A-2023-1190.pdf\">Real Decreto 14\/2023, de 17 de enero, por el que se modifica el Real Decreto 242\/2009, de 27 de febrero, por el que se establecen convalidaciones entre las ense\u00f1anzas profesionales de M\u00fasica y de Danza y la Educaci\u00f3n Secundaria Obligatoria y el Bachillerato, as\u00ed como los efectos que sobre la materia de Educaci\u00f3n F\u00edsica deben tener la condici\u00f3n de deportista de alto nivel o alto rendimiento y las ense\u00f1anzas profesionales de Danza<\/a>.<\/li>\n<\/ul>\n","protected":false},"excerpt":{"rendered":"<p>Programa Horarios Integrados en Educarm. Resoluci\u00f3n de 23 de marzo de 2023, de la Direcci\u00f3n General de Atenci\u00f3n a la Diversidad, Innovaci\u00f3n y Formaci\u00f3n Profesional y de la Direcci\u00f3n General de Recursos Humanos, Planificaci\u00f3n Educativa y Evaluaci\u00f3n, por la que se dictan medidas organizativas para su aplicaci\u00f3n en el caso de los alumnos que simultanean [&hellip;]<\/p>\n","protected":false},"author":1,"featured_media":0,"parent":0,"menu_order":0,"comment_status":"closed","ping_status":"open","template":"","meta":{"footnotes":""},"class_list":["post-2559","page","type-page","status-publish","hentry"],"_links":{"self":[{"href":"https:\/\/www.benarabi.org\/index.php?rest_route=\/wp\/v2\/pages\/2559","targetHints":{"allow":["GET"]}}],"collection":[{"href":"https:\/\/www.benarabi.org\/index.php?rest_route=\/wp\/v2\/pages"}],"about":[{"href":"https:\/\/www.benarabi.org\/index.php?rest_route=\/wp\/v2\/types\/page"}],"author":[{"embeddable":true,"href":"https:\/\/www.benarabi.org\/index.php?rest_route=\/wp\/v2\/users\/1"}],"replies":[{"embeddable":true,"href":"https:\/\/www.benarabi.org\/index.php?rest_route=%2Fwp%2Fv2%2Fcomments&post=2559"}],"version-history":[{"count":21,"href":"https:\/\/www.benarabi.org\/index.php?rest_route=\/wp\/v2\/pages\/2559\/revisions"}],"predecessor-version":[{"id":11807,"href":"https:\/\/www.benarabi.org\/index.php?rest_route=\/wp\/v2\/pages\/2559\/revisions\/11807"}],"wp:attachment":[{"href":"https:\/\/www.benarabi.org\/index.php?rest_route=%2Fwp%2Fv2%2Fmedia&parent=2559"}],"curies":[{"name":"wp","href":"https:\/\/api.w.org\/{rel}","templated":true}]}}