{"id":267,"date":"2012-02-08T18:09:47","date_gmt":"2012-02-08T18:09:47","guid":{"rendered":"http:\/\/www.benarabi.org\/?page_id=267"},"modified":"2012-02-09T20:51:22","modified_gmt":"2012-02-09T20:51:22","slug":"horario-del-centro","status":"publish","type":"page","link":"https:\/\/www.benarabi.org\/?page_id=267","title":{"rendered":"HORARIO DEL CENTRO"},"content":{"rendered":"<p>Las actividades lectivas se desarrollan en siete per\u00edodos de 55 minutos, comenzando a las <strong>8.00h<\/strong> y terminando a las <strong>15.05h<\/strong>, con dos recreos, el primero de 25 minutos de 9.50 a 10.15h y el segundo de 15 minutos, de 12.05 a 12.20h.<\/p>\n<p>El Centro adem\u00e1s se abrir\u00e1 todos los mi\u00e9rcoles por la tarde, de 16.30 a 19.30h.<\/p>\n<p>Con car\u00e1cter excepcional, se abrir\u00e1 siempre que se convoquen claustros, reuniones del consejo escolar,\u00a0 reuniones con padres, actividades de deporte escolar,\u2026<\/p>\n","protected":false},"excerpt":{"rendered":"<p>Las actividades lectivas se desarrollan en siete per\u00edodos de 55 minutos, comenzando a las 8.00h y terminando a las 15.05h, con dos recreos, el primero de 25 minutos de 9.50 a 10.15h y el segundo de 15 minutos, de 12.05 a 12.20h. El Centro adem\u00e1s se abrir\u00e1 todos los mi\u00e9rcoles por la tarde, de 16.30 [&hellip;]<\/p>\n","protected":false},"author":1,"featured_media":0,"parent":0,"menu_order":0,"comment_status":"open","ping_status":"open","template":"","meta":{"footnotes":""},"class_list":["post-267","page","type-page","status-publish","hentry"],"_links":{"self":[{"href":"https:\/\/www.benarabi.org\/index.php?rest_route=\/wp\/v2\/pages\/267","targetHints":{"allow":["GET"]}}],"collection":[{"href":"https:\/\/www.benarabi.org\/index.php?rest_route=\/wp\/v2\/pages"}],"about":[{"href":"https:\/\/www.benarabi.org\/index.php?rest_route=\/wp\/v2\/types\/page"}],"author":[{"embeddable":true,"href":"https:\/\/www.benarabi.org\/index.php?rest_route=\/wp\/v2\/users\/1"}],"replies":[{"embeddable":true,"href":"https:\/\/www.benarabi.org\/index.php?rest_route=%2Fwp%2Fv2%2Fcomments&post=267"}],"version-history":[{"count":5,"href":"https:\/\/www.benarabi.org\/index.php?rest_route=\/wp\/v2\/pages\/267\/revisions"}],"predecessor-version":[{"id":410,"href":"https:\/\/www.benarabi.org\/index.php?rest_route=\/wp\/v2\/pages\/267\/revisions\/410"}],"wp:attachment":[{"href":"https:\/\/www.benarabi.org\/index.php?rest_route=%2Fwp%2Fv2%2Fmedia&parent=267"}],"curies":[{"name":"wp","href":"https:\/\/api.w.org\/{rel}","templated":true}]}}