{"id":3032,"date":"2014-06-02T18:02:14","date_gmt":"2014-06-02T16:02:14","guid":{"rendered":"http:\/\/www.benarabi.org\/?page_id=3032"},"modified":"2014-07-21T11:41:56","modified_gmt":"2014-07-21T09:41:56","slug":"ensenanza-xxi","status":"publish","type":"page","link":"https:\/\/www.benarabi.org\/?page_id=3032","title":{"rendered":"NORMATIVA"},"content":{"rendered":"<ul>\n<li style=\"text-align: justify;\"><a href=\"http:\/\/www.benarabi.org\/wp-content\/uploads\/2014\/06\/resolucion-4-de-marzo-2013centrosseleccionados.pdf\">Resoluci\u00f3n de 4 de marzo de 2013, de la Direcci\u00f3n General de Recursos Humanos y Calidad Educativa, por la que se determinan los centros seleccionados para el desarrollo del Proyecto Ense\u00f1anza XXI, en el curso 2013-2014.<\/a><\/li>\n<\/ul>\n<ul>\n<li style=\"text-align: justify;\"><a href=\"http:\/\/www.benarabi.org\/wp-content\/uploads\/2014\/06\/Resoluci\u00f3n-28-de-marzo-2014-para-adscripci\u00f3n-ense\u00f1anza-xxi.pdf\">Resoluci\u00f3n de 28 de marzo de 2014, de la Direcci\u00f3n General de Recursos Humanos y Calidad Educativa, para la adscripci\u00f3n de centros educativos al Proyecto Ense\u00f1anza XXI, durante el curso 2014-2015.<\/a><\/li>\n<\/ul>\n<ul>\n<li style=\"text-align: justify;\"><a href=\"http:\/\/www.benarabi.org\/wp-content\/uploads\/2014\/06\/ResolucionCentro-SELECCIONADO.pdf\">Resoluci\u00f3n de 29 de mayo de 2014, de la Direcci\u00f3n General de Planificaci\u00f3n Educativa y Recursos Humanos, por la que se determinan los centros seleccionados para el desarrollo del Proyecto Ense\u00f1anza XXI, durante el curso 2014-2015.<\/a><\/li>\n<\/ul>\n","protected":false},"excerpt":{"rendered":"<p>Resoluci\u00f3n de 4 de marzo de 2013, de la Direcci\u00f3n General de Recursos Humanos y Calidad Educativa, por la que se determinan los centros seleccionados para el desarrollo del Proyecto Ense\u00f1anza XXI, en el curso 2013-2014. Resoluci\u00f3n de 28 de marzo de 2014, de la Direcci\u00f3n General de Recursos Humanos y Calidad Educativa, para la [&hellip;]<\/p>\n","protected":false},"author":1,"featured_media":0,"parent":0,"menu_order":0,"comment_status":"closed","ping_status":"open","template":"","meta":{"footnotes":""},"class_list":["post-3032","page","type-page","status-publish","hentry"],"_links":{"self":[{"href":"https:\/\/www.benarabi.org\/index.php?rest_route=\/wp\/v2\/pages\/3032","targetHints":{"allow":["GET"]}}],"collection":[{"href":"https:\/\/www.benarabi.org\/index.php?rest_route=\/wp\/v2\/pages"}],"about":[{"href":"https:\/\/www.benarabi.org\/index.php?rest_route=\/wp\/v2\/types\/page"}],"author":[{"embeddable":true,"href":"https:\/\/www.benarabi.org\/index.php?rest_route=\/wp\/v2\/users\/1"}],"replies":[{"embeddable":true,"href":"https:\/\/www.benarabi.org\/index.php?rest_route=%2Fwp%2Fv2%2Fcomments&post=3032"}],"version-history":[{"count":10,"href":"https:\/\/www.benarabi.org\/index.php?rest_route=\/wp\/v2\/pages\/3032\/revisions"}],"predecessor-version":[{"id":3182,"href":"https:\/\/www.benarabi.org\/index.php?rest_route=\/wp\/v2\/pages\/3032\/revisions\/3182"}],"wp:attachment":[{"href":"https:\/\/www.benarabi.org\/index.php?rest_route=%2Fwp%2Fv2%2Fmedia&parent=3032"}],"curies":[{"name":"wp","href":"https:\/\/api.w.org\/{rel}","templated":true}]}}