{"id":3166,"date":"2014-07-21T11:25:07","date_gmt":"2014-07-21T09:25:07","guid":{"rendered":"http:\/\/www.benarabi.org\/?page_id=3166"},"modified":"2017-03-21T21:43:44","modified_gmt":"2017-03-21T20:43:44","slug":"informacion","status":"publish","type":"page","link":"https:\/\/www.benarabi.org\/?page_id=3166","title":{"rendered":"INFORMACI\u00d3N A LAS FAMILIAS"},"content":{"rendered":"<hr>\n<h2>&nbsp;Curso 2017-18<\/h2>\n<ul>\n<li><a href=\"http:\/\/www.benarabi.org\/wp-content\/uploads\/2014\/07\/Ense\u00f1anza-XXI.-Info-padres.pdf\">Ense\u00f1anza XXI. Informaci\u00f3n a padres<\/a><\/li>\n<li><a href=\"http:\/\/www.benarabi.org\/wp-content\/uploads\/2014\/07\/PRESENTACION-REUNION-PADRES-COLEGIOS.pdf\">Presentaci\u00f3n para la reuni\u00f3n con padres en colegios<\/a><\/li>\n<\/ul>\n<h2>Curso 2016-17<\/h2>\n<ul>\n<li><a href=\"http:\/\/www.benarabi.org\/wp-content\/uploads\/2014\/07\/Citaci\u00f3n-reuniones-E-XXI-septiembre-padres-y-alumnos-2016-17.doc\" rel=\"\">Citaci\u00f3n para la doble reuni\u00f3n del d\u00eda 14 de septiembre de 2016 para alumnos y para familias de Ense\u00f1anza XXI &#8211; 1\u00baAF y nuevas incorporaciones al programa en 2\u00baAF y en 3\u00baAF .<\/a><\/li>\n<li><a href=\"http:\/\/www.benarabi.org\/wp-content\/uploads\/2014\/07\/Citaci\u00f3n-recogida-de-ordenadores-portatiles-2016-17.docx\" rel=\"\">Citaci\u00f3n recogida de ordenadores port\u00e1tiles 2016-17<\/a><\/li>\n<li><a href=\"http:\/\/www.acer.com\/ac\/es\/ES\/content\/professional-model\/NX.VCGEB.002\" target=\"_blank\">Caracter\u00edsticas del ordenador port\u00e1til Acer B117M (enlace actualizado a 14\/07\/16)<\/a><\/li>\n<li><a href=\"http:\/\/www.benarabi.org\/wp-content\/uploads\/2014\/07\/Gui\u00f3n-reuni\u00f3n-E-XXI-14-julio-2016-17-padres-1\u00baESO-Versi\u00f3n-aceronline.pdf\" rel=\"\">Gui\u00f3n reuni\u00f3n E-XXI 14 de julio 2016 padres 1\u00baESO.<\/a><\/li>\n<li><a href=\"http:\/\/www.benarabi.org\/wp-content\/uploads\/2014\/07\/Gui\u00f3n-reuni\u00f3n-E-XXI-14-julio-2016-17-padres-2\u00baESO-Nuevas-incorporaciones-Versi\u00f3n-aceronline.pdf\" rel=\"\">Gui\u00f3n reuni\u00f3n E-XXI 14 de julio 2016 padres 2\u00baESO (Nuevas incorporaciones)<\/a>.<\/li>\n<li><a href=\"http:\/\/www.benarabi.org\/wp-content\/uploads\/2014\/07\/Gui\u00f3n-reuni\u00f3n-E-XXI-14-julio-2016-17-padres-3\u00baESO-Nuevas-incorporaciones-Versi\u00f3n-aceronline.docx\" rel=\"\">Gui\u00f3n reuni\u00f3n E-XXI 14 julio 2016-17 padres 3\u00baESO (Nuevas incorporaciones<\/a>)<\/li>\n<\/ul>\n<p>&nbsp;<\/p>\n<h2>Curso 2015-16<\/h2>\n<ul>\n<li><a href=\"http:\/\/www.benarabi.org\/wp-content\/uploads\/2014\/07\/Citaci\u00f3n-reuniones-E-XXI-septiembre-padres-y-alumnos-2015-16.doc\">Citaci\u00f3n para la doble reuni\u00f3n del d\u00eda 15 de septiembre de 2015 para alumnos y para familias de Ense\u00f1anza XXI &#8211; 1\u00baAF y nuevas incorporaciones al programa en 2\u00baAF.<\/a><\/li>\n<li><a href=\"http:\/\/www.benarabi.org\/wp-content\/uploads\/2014\/07\/Citaci\u00f3n-recogida-de-ordenadores-portatiles-2015-16.docx\">Citaci\u00f3n para la recogida de ordenadores port\u00e1tiles 2015-16<\/a>.<\/li>\n<li><a href=\"http:\/\/www.benarabi.org\/wp-content\/uploads\/2014\/07\/Gui\u00f3n-reuni\u00f3n-E-XXI-15-julio-2015-16-padres-1\u00baESO-Versi\u00f3n-aceronline1.pdf\">Informaci\u00f3n entregada en la reuni\u00f3n E-XXI 15 julio 2015 familias pr\u00f3ximo 1\u00baESO (curso 2015-16).<\/a><\/li>\n<li><a href=\"http:\/\/www.benarabi.org\/wp-content\/uploads\/2014\/07\/Gui\u00f3n-reuni\u00f3n-E-XXI-15-julio-2015-16-padres-2\u00baESO-Incorporaciones-tardias-Versi\u00f3n-aceronline1.pdf\">Informaci\u00f3n entregada en la reuni\u00f3n E-XXI 15 julio 2015 familias pr\u00f3ximo 2\u00baESO (curso 2015-16)(nuevas incorporaciones)<\/a><a href=\"http:\/\/www.benarabi.org\/wp-content\/uploads\/2014\/07\/Gui\u00f3n-reuni\u00f3n-E-XXI-15-julio-2015-16-padres-2\u00baESO-Incorporaciones-tardias-Versi\u00f3n-aceronline.pdf\">.<\/a><\/li>\n<li><a href=\"http:\/\/www.benarabi.org\/wp-content\/uploads\/2014\/07\/Gui\u00f3n-reuni\u00f3n-E-XXI-26-junio-2015-padres-futuro-2\u00baESO-21.pdf\">Informaci\u00f3n entregada en la reuni\u00f3n E-XXI 26-junio 2015 familias pr\u00f3ximo 2\u00baESO (curso 2015-16) (definitivo 29-06-2015).<\/a><\/li>\n<li><a href=\"http:\/\/www.benarabi.org\/wp-content\/uploads\/2014\/07\/Citacion-reunion-Ense\u00f1anza-XXI-26-junio-padres-futuro-2\u00baESO.pdf\">Citaci\u00f3n para la reuni\u00f3n del d\u00eda 26 junio 2015&nbsp;para familias de Ense\u00f1anza XXI &#8211; 1\u00baAF (futuro 2\u00baESO)<\/a>.<\/li>\n<\/ul>\n<h2>Curso 2014-15<\/h2>\n<ul>\n<li><a href=\"http:\/\/www.benarabi.org\/wp-content\/uploads\/2014\/07\/Guion-para-entregar-a-padres-reunion-E-XXI-enero-definitivo.pdf\">Gui\u00f3n para reuni\u00f3n informativa del 14 de enero de 2015<\/a>.<\/li>\n<li><a href=\"http:\/\/www.benarabi.org\/wp-content\/uploads\/2014\/07\/Citacion-reunion-padres-Ense\u00f1anza-XXI.doc\">Reuni\u00f3n informativa 14 de enero de 2015 destinada a padres de alumnos pertenecientes a Ense\u00f1anza XXI.<\/a><\/li>\n<li><a href=\"http:\/\/www.benarabi.org\/wp-content\/uploads\/2014\/07\/Citaci\u00f3n-reuni\u00f3n-Ense\u00f1anza-XXI-septiembre-padres.doc\">Reuni\u00f3n informativa 16 de septiembre de 2014 destinada a padres de alumnos pertenecientes a Ense\u00f1anza XXI<\/a>.<\/li>\n<li><a href=\"http:\/\/www.benarabi.org\/wp-content\/uploads\/2014\/07\/Comunicado-acerca-de-los-libros-de-lectura-de-Ense\u00f1anza-XXI.doc\">Comunicado acerca de los libros de lectura de Ense\u00f1anza XXI<\/a>.<\/li>\n<li><a href=\"http:\/\/www.benarabi.org\/wp-content\/uploads\/2014\/07\/Aclaraciones-sobre-el-precio-del-ordenador-port\u00e1til1.docx\">Aclaraciones sobre el precio del ordenador port\u00e1til<\/a>.<\/li>\n<li><a href=\"http:\/\/www.benarabi.org\/wp-content\/uploads\/2014\/07\/Gui\u00f3n-reuni\u00f3n-E-XXI-julio.doc\">Reuni\u00f3n informativa 22 de julio Ense\u00f1anza XXI<\/a>.<\/li>\n<\/ul>\n","protected":false},"excerpt":{"rendered":"<p>&nbsp;Curso 2017-18 Ense\u00f1anza XXI. Informaci\u00f3n a padres Presentaci\u00f3n para la reuni\u00f3n con padres en colegios Curso 2016-17 Citaci\u00f3n para la doble reuni\u00f3n del d\u00eda 14 de septiembre de 2016 para alumnos y para familias de Ense\u00f1anza XXI &#8211; 1\u00baAF y nuevas incorporaciones al programa en 2\u00baAF y en 3\u00baAF . Citaci\u00f3n recogida de ordenadores port\u00e1tiles [&hellip;]<\/p>\n","protected":false},"author":1,"featured_media":0,"parent":0,"menu_order":0,"comment_status":"closed","ping_status":"open","template":"","meta":{"footnotes":""},"class_list":["post-3166","page","type-page","status-publish","hentry"],"_links":{"self":[{"href":"https:\/\/www.benarabi.org\/index.php?rest_route=\/wp\/v2\/pages\/3166","targetHints":{"allow":["GET"]}}],"collection":[{"href":"https:\/\/www.benarabi.org\/index.php?rest_route=\/wp\/v2\/pages"}],"about":[{"href":"https:\/\/www.benarabi.org\/index.php?rest_route=\/wp\/v2\/types\/page"}],"author":[{"embeddable":true,"href":"https:\/\/www.benarabi.org\/index.php?rest_route=\/wp\/v2\/users\/1"}],"replies":[{"embeddable":true,"href":"https:\/\/www.benarabi.org\/index.php?rest_route=%2Fwp%2Fv2%2Fcomments&post=3166"}],"version-history":[{"count":48,"href":"https:\/\/www.benarabi.org\/index.php?rest_route=\/wp\/v2\/pages\/3166\/revisions"}],"predecessor-version":[{"id":4554,"href":"https:\/\/www.benarabi.org\/index.php?rest_route=\/wp\/v2\/pages\/3166\/revisions\/4554"}],"wp:attachment":[{"href":"https:\/\/www.benarabi.org\/index.php?rest_route=%2Fwp%2Fv2%2Fmedia&parent=3166"}],"curies":[{"name":"wp","href":"https:\/\/api.w.org\/{rel}","templated":true}]}}