{"id":3269,"date":"2014-09-22T23:02:35","date_gmt":"2014-09-22T21:02:35","guid":{"rendered":"http:\/\/www.benarabi.org\/?page_id=3269"},"modified":"2018-09-14T10:50:07","modified_gmt":"2018-09-14T08:50:07","slug":"morfologia-el-analisis-sintactico-perifrasis-las-oraciones-impersonales-la-narracion-la-comunicacion-componentes-del-lexico-el-texto-exposicion-y-argumentacion-variedades-de-la-lengua","status":"publish","type":"page","link":"https:\/\/www.benarabi.org\/?page_id=3269","title":{"rendered":"Recursos de Jes\u00fas M\u00e9ndez"},"content":{"rendered":"<ul>\n<li><a href=\"http:\/\/www.benarabi.org\/wp-content\/uploads\/2012\/02\/EL-AN\u00c1LISIS-SINT\u00c1CTICO.pps\">El an\u00e1lisis sint\u00e1ctico<\/a><\/li>\n<li><a href=\"http:\/\/www.benarabi.org\/wp-content\/uploads\/2012\/02\/PER\u00cdFRASIS-BACH.pdf\">Per\u00edfrasis<\/a><\/li>\n<li><a href=\"http:\/\/www.benarabi.org\/wp-content\/uploads\/2012\/02\/LAS-ORACIONES-IMPERSONALES.pdf\">Las oraciones impersonales<\/a><\/li>\n<li><a href=\"http:\/\/www.benarabi.org\/wp-content\/uploads\/2012\/02\/LA-NARRACI\u00d3N.pdf\">La narraci\u00f3n<\/a><\/li>\n<li><a href=\"http:\/\/www.benarabi.org\/wp-content\/uploads\/2012\/02\/LA-COMUNICACI\u00d3N.pdf\">La comunicaci\u00f3n<\/a><\/li>\n<li><a href=\"http:\/\/www.benarabi.org\/wp-content\/uploads\/2012\/02\/COMPONENTES-DEL-L\u00c9XICO.pdf\">Componentes del l\u00e9xico<\/a><\/li>\n<li><a href=\"http:\/\/www.benarabi.org\/wp-content\/uploads\/2012\/02\/EL-TEXTO.pdf\">El texto<\/a><\/li>\n<li><a href=\"http:\/\/www.benarabi.org\/wp-content\/uploads\/2012\/02\/EXPOSICI\u00d3N-Y-ARGUMENTACI\u00d3N.pdf\">Exposici\u00f3n y argumentaci\u00f3n<\/a><\/li>\n<li><a href=\"http:\/\/www.benarabi.org\/wp-content\/uploads\/2012\/02\/VARIEDADES-DE-LA-LENGUA.pdf\">Variedades de la Lengua<\/a><\/li>\n<\/ul>\n","protected":false},"excerpt":{"rendered":"<p>El an\u00e1lisis sint\u00e1ctico Per\u00edfrasis Las oraciones impersonales La narraci\u00f3n La comunicaci\u00f3n Componentes del l\u00e9xico El texto Exposici\u00f3n y argumentaci\u00f3n Variedades de la Lengua<\/p>\n","protected":false},"author":1,"featured_media":0,"parent":0,"menu_order":0,"comment_status":"closed","ping_status":"open","template":"","meta":{"footnotes":""},"class_list":["post-3269","page","type-page","status-publish","hentry"],"_links":{"self":[{"href":"https:\/\/www.benarabi.org\/index.php?rest_route=\/wp\/v2\/pages\/3269","targetHints":{"allow":["GET"]}}],"collection":[{"href":"https:\/\/www.benarabi.org\/index.php?rest_route=\/wp\/v2\/pages"}],"about":[{"href":"https:\/\/www.benarabi.org\/index.php?rest_route=\/wp\/v2\/types\/page"}],"author":[{"embeddable":true,"href":"https:\/\/www.benarabi.org\/index.php?rest_route=\/wp\/v2\/users\/1"}],"replies":[{"embeddable":true,"href":"https:\/\/www.benarabi.org\/index.php?rest_route=%2Fwp%2Fv2%2Fcomments&post=3269"}],"version-history":[{"count":4,"href":"https:\/\/www.benarabi.org\/index.php?rest_route=\/wp\/v2\/pages\/3269\/revisions"}],"predecessor-version":[{"id":5885,"href":"https:\/\/www.benarabi.org\/index.php?rest_route=\/wp\/v2\/pages\/3269\/revisions\/5885"}],"wp:attachment":[{"href":"https:\/\/www.benarabi.org\/index.php?rest_route=%2Fwp%2Fv2%2Fmedia&parent=3269"}],"curies":[{"name":"wp","href":"https:\/\/api.w.org\/{rel}","templated":true}]}}