{"id":39,"date":"2012-02-05T21:45:55","date_gmt":"2012-02-05T21:45:55","guid":{"rendered":"http:\/\/www.benarabi.org\/?page_id=39"},"modified":"2025-12-15T15:25:28","modified_gmt":"2025-12-15T14:25:28","slug":"programacion-dpto","status":"publish","type":"page","link":"https:\/\/www.benarabi.org\/?page_id=39","title":{"rendered":"TECNOLOG\u00cdA"},"content":{"rendered":"<p>COMPONENTES DEPARTAMENTO TECNOLOG\u00cdA<\/p>\n<ul>\n<li>Aguilar Ros, Manuel<\/li>\n<li>Gamb\u00edn Rabad\u00e1n, Adri\u00e1n<\/li>\n<li>Higueras Garc\u00eda, Alfonso David<\/li>\n<li>Le\u00f3n Segura, Mar\u00eda \u00c1ngeles<\/li>\n<li>Mart\u00edn Risue\u00f1o, M\u00aa del Carmen<\/li>\n<li>Mateo Marin, Jos\u00e9 Antonio<\/li>\n<li>Olmo Mart\u00ednez, Pedro<\/li>\n<li>Salinas Gil, M\u00aa Isabel<\/li>\n<\/ul>\n<div>\n<p>PROGRAMACI\u00d3N DID\u00c1CTICA<\/p>\n<ul>\n<li><a href=\"https:\/\/www.benarabi.org\/wp-content\/uploads\/2025\/12\/Tecnologia.pdf\">Programaci\u00f3n 2025-26<\/a><\/li>\n<\/ul>\n<\/div>\n","protected":false},"excerpt":{"rendered":"<p>COMPONENTES DEPARTAMENTO TECNOLOG\u00cdA Aguilar Ros, Manuel Gamb\u00edn Rabad\u00e1n, Adri\u00e1n Higueras Garc\u00eda, Alfonso David Le\u00f3n Segura, Mar\u00eda \u00c1ngeles Mart\u00edn Risue\u00f1o, M\u00aa del Carmen Mateo Marin, Jos\u00e9 Antonio Olmo Mart\u00ednez, Pedro Salinas Gil, M\u00aa Isabel PROGRAMACI\u00d3N DID\u00c1CTICA Programaci\u00f3n 2025-26<\/p>\n","protected":false},"author":1,"featured_media":0,"parent":0,"menu_order":0,"comment_status":"open","ping_status":"open","template":"","meta":{"footnotes":""},"class_list":["post-39","page","type-page","status-publish","hentry"],"_links":{"self":[{"href":"https:\/\/www.benarabi.org\/index.php?rest_route=\/wp\/v2\/pages\/39","targetHints":{"allow":["GET"]}}],"collection":[{"href":"https:\/\/www.benarabi.org\/index.php?rest_route=\/wp\/v2\/pages"}],"about":[{"href":"https:\/\/www.benarabi.org\/index.php?rest_route=\/wp\/v2\/types\/page"}],"author":[{"embeddable":true,"href":"https:\/\/www.benarabi.org\/index.php?rest_route=\/wp\/v2\/users\/1"}],"replies":[{"embeddable":true,"href":"https:\/\/www.benarabi.org\/index.php?rest_route=%2Fwp%2Fv2%2Fcomments&post=39"}],"version-history":[{"count":46,"href":"https:\/\/www.benarabi.org\/index.php?rest_route=\/wp\/v2\/pages\/39\/revisions"}],"predecessor-version":[{"id":13665,"href":"https:\/\/www.benarabi.org\/index.php?rest_route=\/wp\/v2\/pages\/39\/revisions\/13665"}],"wp:attachment":[{"href":"https:\/\/www.benarabi.org\/index.php?rest_route=%2Fwp%2Fv2%2Fmedia&parent=39"}],"curies":[{"name":"wp","href":"https:\/\/api.w.org\/{rel}","templated":true}]}}