{"id":411,"date":"2012-02-09T20:28:50","date_gmt":"2012-02-09T20:28:50","guid":{"rendered":"http:\/\/www.benarabi.org\/?page_id=411"},"modified":"2023-02-09T09:30:49","modified_gmt":"2023-02-09T08:30:49","slug":"colegios-adscritos-y-de-adscripcion","status":"publish","type":"page","link":"https:\/\/www.benarabi.org\/?page_id=411","title":{"rendered":"COLEGIOS ADSCRITOS Y DE ADSCRIPCI\u00d3N"},"content":{"rendered":"<p>Los Centros de Educaci\u00f3n Infantil y Primaria que nuestro Instituto tiene adscritos y en adscripci\u00f3n m\u00faltiple son:<\/p>\n<ul>\n<li>CE INF-PRI Antonio de Ulloa<\/li>\n<li>CE INF-PRI Atalaya<\/li>\n<li>CE INF-PRI Azor\u00edn<\/li>\n<li>CE INF-PRI Beethoven<\/li>\n<li>CE INF-PRI Ciudad Jard\u00edn<\/li>\n<li>CE INF-PRI Cuatro Santos<\/li>\n<li>CE INF-PRI Feliciano S\u00e1nchez<\/li>\n<li>CE INF-PRI Fernando Garrido<\/li>\n<li>CE INF-PRI Jos\u00e9 Mar\u00eda de la Puerta<\/li>\n<li>CE INF-PRI La Asomada<\/li>\n<li>CE INF-PRI Poeta Antonio Oliver<\/li>\n<li>CE INF-PRI San Antonio Abad<\/li>\n<li>CE INF-PRI San F\u00e9lix<\/li>\n<li>CE INF-PRI San Francisco Javier<\/li>\n<li>CE INF-PRI Vicente Ros<\/li>\n<li>CE INF-PRI Virgen de Bego\u00f1a<\/li>\n<\/ul>\n","protected":false},"excerpt":{"rendered":"<p>Los Centros de Educaci\u00f3n Infantil y Primaria que nuestro Instituto tiene adscritos y en adscripci\u00f3n m\u00faltiple son: CE INF-PRI Antonio de Ulloa CE INF-PRI Atalaya CE INF-PRI Azor\u00edn CE INF-PRI Beethoven CE INF-PRI Ciudad Jard\u00edn CE INF-PRI Cuatro Santos CE INF-PRI Feliciano S\u00e1nchez CE INF-PRI Fernando Garrido CE INF-PRI Jos\u00e9 Mar\u00eda de la Puerta CE [&hellip;]<\/p>\n","protected":false},"author":1,"featured_media":0,"parent":0,"menu_order":0,"comment_status":"closed","ping_status":"open","template":"","meta":{"footnotes":""},"class_list":["post-411","page","type-page","status-publish","hentry"],"_links":{"self":[{"href":"https:\/\/www.benarabi.org\/index.php?rest_route=\/wp\/v2\/pages\/411","targetHints":{"allow":["GET"]}}],"collection":[{"href":"https:\/\/www.benarabi.org\/index.php?rest_route=\/wp\/v2\/pages"}],"about":[{"href":"https:\/\/www.benarabi.org\/index.php?rest_route=\/wp\/v2\/types\/page"}],"author":[{"embeddable":true,"href":"https:\/\/www.benarabi.org\/index.php?rest_route=\/wp\/v2\/users\/1"}],"replies":[{"embeddable":true,"href":"https:\/\/www.benarabi.org\/index.php?rest_route=%2Fwp%2Fv2%2Fcomments&post=411"}],"version-history":[{"count":4,"href":"https:\/\/www.benarabi.org\/index.php?rest_route=\/wp\/v2\/pages\/411\/revisions"}],"predecessor-version":[{"id":10471,"href":"https:\/\/www.benarabi.org\/index.php?rest_route=\/wp\/v2\/pages\/411\/revisions\/10471"}],"wp:attachment":[{"href":"https:\/\/www.benarabi.org\/index.php?rest_route=%2Fwp%2Fv2%2Fmedia&parent=411"}],"curies":[{"name":"wp","href":"https:\/\/api.w.org\/{rel}","templated":true}]}}