{"id":435,"date":"2012-02-10T11:43:54","date_gmt":"2012-02-10T11:43:54","guid":{"rendered":"http:\/\/www.benarabi.org\/?page_id=435"},"modified":"2025-12-15T15:13:47","modified_gmt":"2025-12-15T14:13:47","slug":"actividades-extraescolares","status":"publish","type":"page","link":"https:\/\/www.benarabi.org\/?page_id=435","title":{"rendered":"ACTIVIDADES COMPLEMENTARIAS"},"content":{"rendered":"<p><span style=\"font-size: medium;\">COMPONENTES DEPARTAMENTO ACTIVIDADES EXTRAESCOLARES<\/span><\/p>\n<ul>\n<li>Borgo\u00f1\u00f3s Garc\u00eda, M\u00f3nica<\/li>\n<\/ul>\n<p>PROGRAMACI\u00d3N DID\u00c1CTICA<\/p>\n<ul>\n<li><a href=\"https:\/\/www.benarabi.org\/wp-content\/uploads\/2025\/12\/AACC-25_26.pdf\">Programaci\u00f3n 2025-26<\/a><\/li>\n<\/ul>\n<p>BLOG DEL DEPARTAMENTO DE ACTIVIDADES COMPLEMENTARIAS<\/p>\n<ul>\n<li><a href=\"https:\/\/sites.google.com\/murciaeduca.es\/iesbenarabi-blog-aacc\/actividades-complementarias\">Blog Departamento de Actividades Complementarias<\/a><\/li>\n<\/ul>\n<p>&nbsp;<\/p>\n<p>&nbsp;<\/p>\n","protected":false},"excerpt":{"rendered":"<p>COMPONENTES DEPARTAMENTO ACTIVIDADES EXTRAESCOLARES Borgo\u00f1\u00f3s Garc\u00eda, M\u00f3nica PROGRAMACI\u00d3N DID\u00c1CTICA Programaci\u00f3n 2025-26 BLOG DEL DEPARTAMENTO DE ACTIVIDADES COMPLEMENTARIAS Blog Departamento de Actividades Complementarias &nbsp; &nbsp;<\/p>\n","protected":false},"author":1,"featured_media":0,"parent":0,"menu_order":0,"comment_status":"closed","ping_status":"open","template":"","meta":{"footnotes":""},"class_list":["post-435","page","type-page","status-publish","hentry"],"_links":{"self":[{"href":"https:\/\/www.benarabi.org\/index.php?rest_route=\/wp\/v2\/pages\/435","targetHints":{"allow":["GET"]}}],"collection":[{"href":"https:\/\/www.benarabi.org\/index.php?rest_route=\/wp\/v2\/pages"}],"about":[{"href":"https:\/\/www.benarabi.org\/index.php?rest_route=\/wp\/v2\/types\/page"}],"author":[{"embeddable":true,"href":"https:\/\/www.benarabi.org\/index.php?rest_route=\/wp\/v2\/users\/1"}],"replies":[{"embeddable":true,"href":"https:\/\/www.benarabi.org\/index.php?rest_route=%2Fwp%2Fv2%2Fcomments&post=435"}],"version-history":[{"count":34,"href":"https:\/\/www.benarabi.org\/index.php?rest_route=\/wp\/v2\/pages\/435\/revisions"}],"predecessor-version":[{"id":13654,"href":"https:\/\/www.benarabi.org\/index.php?rest_route=\/wp\/v2\/pages\/435\/revisions\/13654"}],"wp:attachment":[{"href":"https:\/\/www.benarabi.org\/index.php?rest_route=%2Fwp%2Fv2%2Fmedia&parent=435"}],"curies":[{"name":"wp","href":"https:\/\/api.w.org\/{rel}","templated":true}]}}