{"id":437,"date":"2012-02-10T11:44:19","date_gmt":"2012-02-10T11:44:19","guid":{"rendered":"http:\/\/www.benarabi.org\/?page_id=437"},"modified":"2025-12-15T15:14:39","modified_gmt":"2025-12-15T14:14:39","slug":"biologia-y-geologia","status":"publish","type":"page","link":"https:\/\/www.benarabi.org\/?page_id=437","title":{"rendered":"BIOLOG\u00cdA Y GEOLOG\u00cdA"},"content":{"rendered":"<p>COMPONENTES DEPARTAMENTO CIENCIAS NATURALES<\/p>\n<ul>\n<li>Acosta Mu\u00f1oz, M\u00aa Carmen<\/li>\n<li>Arias Garc\u00eda, Jose Antonio<\/li>\n<li>Castej\u00f3n L\u00f3pez, Juana Mar\u00eda<\/li>\n<li>Celeiro Freijomil, Mar\u00eda Jos\u00e9<\/li>\n<li>S\u00e1nchez S\u00f3tano, Daniel Jos\u00e9<\/li>\n<\/ul>\n<p>PROGRAMACI\u00d3N DID\u00c1CTICA<\/p>\n<ul>\n<li><a href=\"https:\/\/www.benarabi.org\/wp-content\/uploads\/2025\/12\/Biologia-y-Geologia.pdf\">Programaci\u00f3n 2025-26<\/a><\/li>\n<\/ul>\n","protected":false},"excerpt":{"rendered":"<p>COMPONENTES DEPARTAMENTO CIENCIAS NATURALES Acosta Mu\u00f1oz, M\u00aa Carmen Arias Garc\u00eda, Jose Antonio Castej\u00f3n L\u00f3pez, Juana Mar\u00eda Celeiro Freijomil, Mar\u00eda Jos\u00e9 S\u00e1nchez S\u00f3tano, Daniel Jos\u00e9 PROGRAMACI\u00d3N DID\u00c1CTICA Programaci\u00f3n 2025-26<\/p>\n","protected":false},"author":1,"featured_media":0,"parent":0,"menu_order":0,"comment_status":"closed","ping_status":"open","template":"","meta":{"footnotes":""},"class_list":["post-437","page","type-page","status-publish","hentry"],"_links":{"self":[{"href":"https:\/\/www.benarabi.org\/index.php?rest_route=\/wp\/v2\/pages\/437","targetHints":{"allow":["GET"]}}],"collection":[{"href":"https:\/\/www.benarabi.org\/index.php?rest_route=\/wp\/v2\/pages"}],"about":[{"href":"https:\/\/www.benarabi.org\/index.php?rest_route=\/wp\/v2\/types\/page"}],"author":[{"embeddable":true,"href":"https:\/\/www.benarabi.org\/index.php?rest_route=\/wp\/v2\/users\/1"}],"replies":[{"embeddable":true,"href":"https:\/\/www.benarabi.org\/index.php?rest_route=%2Fwp%2Fv2%2Fcomments&post=437"}],"version-history":[{"count":48,"href":"https:\/\/www.benarabi.org\/index.php?rest_route=\/wp\/v2\/pages\/437\/revisions"}],"predecessor-version":[{"id":13655,"href":"https:\/\/www.benarabi.org\/index.php?rest_route=\/wp\/v2\/pages\/437\/revisions\/13655"}],"wp:attachment":[{"href":"https:\/\/www.benarabi.org\/index.php?rest_route=%2Fwp%2Fv2%2Fmedia&parent=437"}],"curies":[{"name":"wp","href":"https:\/\/api.w.org\/{rel}","templated":true}]}}