{"id":439,"date":"2012-02-10T11:45:09","date_gmt":"2012-02-10T11:45:09","guid":{"rendered":"http:\/\/www.benarabi.org\/?page_id=439"},"modified":"2026-01-20T13:48:32","modified_gmt":"2026-01-20T12:48:32","slug":"educacion-fisica","status":"publish","type":"page","link":"https:\/\/www.benarabi.org\/?page_id=439","title":{"rendered":"FRANC\u00c9S"},"content":{"rendered":"<p>COMPONENTES DEPARTAMENTO FRANC\u00c9S<\/p>\n<ul>\n<li>Garc\u00eda S\u00e1nchez, M\u00aa Isabel<\/li>\n<li>Gonz\u00e1lez Criado, Elena<\/li>\n<li>Guill\u00e9n Leyva, Jos\u00e9<\/li>\n<li>Melero Valenzuela, Ana M\u00aa<\/li>\n<li>Mart\u00ednez M\u00e9ndez, Cristina Mar\u00eda<\/li>\n<li>Rosa Rubio, Rocio<\/li>\n<li>Ortiz Plaza, Mar\u00eda Victoria<\/li>\n<\/ul>\n<p>&nbsp;<\/p>\n<p>PROGRAMACI\u00d3N DID\u00c1CTICA<\/p>\n<ul>\n<li><a href=\"https:\/\/drive.google.com\/file\/d\/1C1_jWyRXmp6IGPDngtHGpons8fWeijOg\/view?usp=sharing\" target=\"_blank\" rel=\"noopener\">Programaci\u00f3n 2025-26<\/a><\/li>\n<\/ul>\n","protected":false},"excerpt":{"rendered":"<p>COMPONENTES DEPARTAMENTO FRANC\u00c9S Garc\u00eda S\u00e1nchez, M\u00aa Isabel Gonz\u00e1lez Criado, Elena Guill\u00e9n Leyva, Jos\u00e9 Melero Valenzuela, Ana M\u00aa Mart\u00ednez M\u00e9ndez, Cristina Mar\u00eda Rosa Rubio, Rocio Ortiz Plaza, Mar\u00eda Victoria &nbsp; PROGRAMACI\u00d3N DID\u00c1CTICA Programaci\u00f3n 2025-26<\/p>\n","protected":false},"author":1,"featured_media":0,"parent":0,"menu_order":0,"comment_status":"closed","ping_status":"open","template":"","meta":{"footnotes":""},"class_list":["post-439","page","type-page","status-publish","hentry"],"_links":{"self":[{"href":"https:\/\/www.benarabi.org\/index.php?rest_route=\/wp\/v2\/pages\/439","targetHints":{"allow":["GET"]}}],"collection":[{"href":"https:\/\/www.benarabi.org\/index.php?rest_route=\/wp\/v2\/pages"}],"about":[{"href":"https:\/\/www.benarabi.org\/index.php?rest_route=\/wp\/v2\/types\/page"}],"author":[{"embeddable":true,"href":"https:\/\/www.benarabi.org\/index.php?rest_route=\/wp\/v2\/users\/1"}],"replies":[{"embeddable":true,"href":"https:\/\/www.benarabi.org\/index.php?rest_route=%2Fwp%2Fv2%2Fcomments&post=439"}],"version-history":[{"count":57,"href":"https:\/\/www.benarabi.org\/index.php?rest_route=\/wp\/v2\/pages\/439\/revisions"}],"predecessor-version":[{"id":13701,"href":"https:\/\/www.benarabi.org\/index.php?rest_route=\/wp\/v2\/pages\/439\/revisions\/13701"}],"wp:attachment":[{"href":"https:\/\/www.benarabi.org\/index.php?rest_route=%2Fwp%2Fv2%2Fmedia&parent=439"}],"curies":[{"name":"wp","href":"https:\/\/api.w.org\/{rel}","templated":true}]}}