{"id":443,"date":"2012-02-10T11:48:11","date_gmt":"2012-02-10T11:48:11","guid":{"rendered":"http:\/\/www.benarabi.org\/?page_id=443"},"modified":"2025-10-07T10:50:11","modified_gmt":"2025-10-07T08:50:11","slug":"griego","status":"publish","type":"page","link":"https:\/\/www.benarabi.org\/?page_id=443","title":{"rendered":"GRIEGO"},"content":{"rendered":"<p>COMPONENTES DEPARTAMENTO GRIEGO<\/p>\n<ul>\n<li><\/li>\n<\/ul>\n<p>PROGRAMACI\u00d3N DID\u00c1CTICA<\/p>\n<ul>\n<li><a href=\"https:\/\/www.benarabi.org\/wp-content\/uploads\/2024\/11\/Latin.pdf\">Programaci\u00f3n 2024-25<\/a><\/li>\n<\/ul>\n","protected":false},"excerpt":{"rendered":"<p>COMPONENTES DEPARTAMENTO GRIEGO PROGRAMACI\u00d3N DID\u00c1CTICA Programaci\u00f3n 2024-25<\/p>\n","protected":false},"author":1,"featured_media":0,"parent":0,"menu_order":0,"comment_status":"closed","ping_status":"open","template":"","meta":{"footnotes":""},"class_list":["post-443","page","type-page","status-publish","hentry"],"_links":{"self":[{"href":"https:\/\/www.benarabi.org\/index.php?rest_route=\/wp\/v2\/pages\/443","targetHints":{"allow":["GET"]}}],"collection":[{"href":"https:\/\/www.benarabi.org\/index.php?rest_route=\/wp\/v2\/pages"}],"about":[{"href":"https:\/\/www.benarabi.org\/index.php?rest_route=\/wp\/v2\/types\/page"}],"author":[{"embeddable":true,"href":"https:\/\/www.benarabi.org\/index.php?rest_route=\/wp\/v2\/users\/1"}],"replies":[{"embeddable":true,"href":"https:\/\/www.benarabi.org\/index.php?rest_route=%2Fwp%2Fv2%2Fcomments&post=443"}],"version-history":[{"count":26,"href":"https:\/\/www.benarabi.org\/index.php?rest_route=\/wp\/v2\/pages\/443\/revisions"}],"predecessor-version":[{"id":13386,"href":"https:\/\/www.benarabi.org\/index.php?rest_route=\/wp\/v2\/pages\/443\/revisions\/13386"}],"wp:attachment":[{"href":"https:\/\/www.benarabi.org\/index.php?rest_route=%2Fwp%2Fv2%2Fmedia&parent=443"}],"curies":[{"name":"wp","href":"https:\/\/api.w.org\/{rel}","templated":true}]}}