{"id":445,"date":"2012-02-10T11:49:55","date_gmt":"2012-02-10T11:49:55","guid":{"rendered":"http:\/\/www.benarabi.org\/?page_id=445"},"modified":"2025-12-15T15:21:37","modified_gmt":"2025-12-15T14:21:37","slug":"ingles","status":"publish","type":"page","link":"https:\/\/www.benarabi.org\/?page_id=445","title":{"rendered":"INGL\u00c9S"},"content":{"rendered":"<p>COMPONENTES DEPARTAMENTO INGL\u00c9S<\/p>\n<ul>\n<li>Barbero Guill\u00e9n, Andr\u00e9s<\/li>\n<li>Capel Navarro, M\u00aa Teresa<\/li>\n<li>Franco Guirado, Concepci\u00f3n<\/li>\n<li>Garc\u00eda Hern\u00e1ndez, Mar\u00eda Josefa<\/li>\n<li>Mader, Magdalena<\/li>\n<li>Mart\u00ednez del Castillo, Andr\u00e9s<\/li>\n<li>Prego de Lis, Blanca<\/li>\n<li>Rizo Aznar, Noelia<\/li>\n<li>S\u00e1nchez Mart\u00ednez, Dolores<\/li>\n<li>Vi\u00f1als Lucas, Sergio<\/li>\n<li>Wandosell Amate, Alfredo<\/li>\n<\/ul>\n<p>PROGRAMACI\u00d3N DID\u00c1CTICA<\/p>\n<ul>\n<li><a href=\"https:\/\/www.benarabi.org\/wp-content\/uploads\/2025\/12\/Ingles.pdf\">Programaci\u00f3n 2025-26<\/a><\/li>\n<\/ul>\n","protected":false},"excerpt":{"rendered":"<p>COMPONENTES DEPARTAMENTO INGL\u00c9S Barbero Guill\u00e9n, Andr\u00e9s Capel Navarro, M\u00aa Teresa Franco Guirado, Concepci\u00f3n Garc\u00eda Hern\u00e1ndez, Mar\u00eda Josefa Mader, Magdalena Mart\u00ednez del Castillo, Andr\u00e9s Prego de Lis, Blanca Rizo Aznar, Noelia S\u00e1nchez Mart\u00ednez, Dolores Vi\u00f1als Lucas, Sergio Wandosell Amate, Alfredo PROGRAMACI\u00d3N DID\u00c1CTICA Programaci\u00f3n 2025-26<\/p>\n","protected":false},"author":1,"featured_media":0,"parent":0,"menu_order":0,"comment_status":"closed","ping_status":"open","template":"","meta":{"footnotes":""},"class_list":["post-445","page","type-page","status-publish","hentry"],"_links":{"self":[{"href":"https:\/\/www.benarabi.org\/index.php?rest_route=\/wp\/v2\/pages\/445","targetHints":{"allow":["GET"]}}],"collection":[{"href":"https:\/\/www.benarabi.org\/index.php?rest_route=\/wp\/v2\/pages"}],"about":[{"href":"https:\/\/www.benarabi.org\/index.php?rest_route=\/wp\/v2\/types\/page"}],"author":[{"embeddable":true,"href":"https:\/\/www.benarabi.org\/index.php?rest_route=\/wp\/v2\/users\/1"}],"replies":[{"embeddable":true,"href":"https:\/\/www.benarabi.org\/index.php?rest_route=%2Fwp%2Fv2%2Fcomments&post=445"}],"version-history":[{"count":51,"href":"https:\/\/www.benarabi.org\/index.php?rest_route=\/wp\/v2\/pages\/445\/revisions"}],"predecessor-version":[{"id":13661,"href":"https:\/\/www.benarabi.org\/index.php?rest_route=\/wp\/v2\/pages\/445\/revisions\/13661"}],"wp:attachment":[{"href":"https:\/\/www.benarabi.org\/index.php?rest_route=%2Fwp%2Fv2%2Fmedia&parent=445"}],"curies":[{"name":"wp","href":"https:\/\/api.w.org\/{rel}","templated":true}]}}