{"id":447,"date":"2012-02-10T11:50:25","date_gmt":"2012-02-10T11:50:25","guid":{"rendered":"http:\/\/www.benarabi.org\/?page_id=447"},"modified":"2025-12-15T15:22:22","modified_gmt":"2025-12-15T14:22:22","slug":"latin","status":"publish","type":"page","link":"https:\/\/www.benarabi.org\/?page_id=447","title":{"rendered":"LAT\u00cdN"},"content":{"rendered":"<p>COMPONENTES DEPARTAMENTO LAT\u00cdN<\/p>\n<ul>\n<li>Alcar\u00e1z Avil\u00e9s, Luc\u00eda B\u00e1rbara<\/li>\n<\/ul>\n<p>PROGRAMACI\u00d3N DID\u00c1CTICA<\/p>\n<ul>\n<li><a href=\"https:\/\/www.benarabi.org\/wp-content\/uploads\/2025\/12\/Latin.pdf\">Programaci\u00f3n 2025-26<\/a><\/li>\n<\/ul>\n","protected":false},"excerpt":{"rendered":"<p>COMPONENTES DEPARTAMENTO LAT\u00cdN Alcar\u00e1z Avil\u00e9s, Luc\u00eda B\u00e1rbara PROGRAMACI\u00d3N DID\u00c1CTICA Programaci\u00f3n 2025-26<\/p>\n","protected":false},"author":1,"featured_media":0,"parent":0,"menu_order":0,"comment_status":"closed","ping_status":"open","template":"","meta":{"footnotes":""},"class_list":["post-447","page","type-page","status-publish","hentry"],"_links":{"self":[{"href":"https:\/\/www.benarabi.org\/index.php?rest_route=\/wp\/v2\/pages\/447","targetHints":{"allow":["GET"]}}],"collection":[{"href":"https:\/\/www.benarabi.org\/index.php?rest_route=\/wp\/v2\/pages"}],"about":[{"href":"https:\/\/www.benarabi.org\/index.php?rest_route=\/wp\/v2\/types\/page"}],"author":[{"embeddable":true,"href":"https:\/\/www.benarabi.org\/index.php?rest_route=\/wp\/v2\/users\/1"}],"replies":[{"embeddable":true,"href":"https:\/\/www.benarabi.org\/index.php?rest_route=%2Fwp%2Fv2%2Fcomments&post=447"}],"version-history":[{"count":33,"href":"https:\/\/www.benarabi.org\/index.php?rest_route=\/wp\/v2\/pages\/447\/revisions"}],"predecessor-version":[{"id":13662,"href":"https:\/\/www.benarabi.org\/index.php?rest_route=\/wp\/v2\/pages\/447\/revisions\/13662"}],"wp:attachment":[{"href":"https:\/\/www.benarabi.org\/index.php?rest_route=%2Fwp%2Fv2%2Fmedia&parent=447"}],"curies":[{"name":"wp","href":"https:\/\/api.w.org\/{rel}","templated":true}]}}