{"id":449,"date":"2012-02-10T11:50:45","date_gmt":"2012-02-10T11:50:45","guid":{"rendered":"http:\/\/www.benarabi.org\/?page_id=449"},"modified":"2025-12-17T12:41:48","modified_gmt":"2025-12-17T11:41:48","slug":"musica","status":"publish","type":"page","link":"https:\/\/www.benarabi.org\/?page_id=449","title":{"rendered":"M\u00daSICA"},"content":{"rendered":"<p>COMPONENTES DEPARTAMENTO M\u00daSICA<\/p>\n<ul>\n<li>Cabrera Vel\u00e1zquez, Mar\u00eda Isabel<\/li>\n<li>Conejo Rojano, Carmen<\/li>\n<li>Franco Vidal, Francisco Jos\u00e9<\/li>\n<\/ul>\n<p>PROGRAMACI\u00d3N DID\u00c1CTICA<\/p>\n<ul>\n<li><a href=\"https:\/\/drive.google.com\/file\/d\/1lEdIA4cdG4XIEYDWoE92Z6OVARNg3jav\/view?usp=sharing\" target=\"_blank\" rel=\"noopener\">Programaci\u00f3n 2025-26<\/a><\/li>\n<\/ul>\n","protected":false},"excerpt":{"rendered":"<p>COMPONENTES DEPARTAMENTO M\u00daSICA Cabrera Vel\u00e1zquez, Mar\u00eda Isabel Conejo Rojano, Carmen Franco Vidal, Francisco Jos\u00e9 PROGRAMACI\u00d3N DID\u00c1CTICA Programaci\u00f3n 2025-26<\/p>\n","protected":false},"author":1,"featured_media":0,"parent":0,"menu_order":0,"comment_status":"closed","ping_status":"open","template":"","meta":{"footnotes":""},"class_list":["post-449","page","type-page","status-publish","hentry"],"_links":{"self":[{"href":"https:\/\/www.benarabi.org\/index.php?rest_route=\/wp\/v2\/pages\/449","targetHints":{"allow":["GET"]}}],"collection":[{"href":"https:\/\/www.benarabi.org\/index.php?rest_route=\/wp\/v2\/pages"}],"about":[{"href":"https:\/\/www.benarabi.org\/index.php?rest_route=\/wp\/v2\/types\/page"}],"author":[{"embeddable":true,"href":"https:\/\/www.benarabi.org\/index.php?rest_route=\/wp\/v2\/users\/1"}],"replies":[{"embeddable":true,"href":"https:\/\/www.benarabi.org\/index.php?rest_route=%2Fwp%2Fv2%2Fcomments&post=449"}],"version-history":[{"count":46,"href":"https:\/\/www.benarabi.org\/index.php?rest_route=\/wp\/v2\/pages\/449\/revisions"}],"predecessor-version":[{"id":13677,"href":"https:\/\/www.benarabi.org\/index.php?rest_route=\/wp\/v2\/pages\/449\/revisions\/13677"}],"wp:attachment":[{"href":"https:\/\/www.benarabi.org\/index.php?rest_route=%2Fwp%2Fv2%2Fmedia&parent=449"}],"curies":[{"name":"wp","href":"https:\/\/api.w.org\/{rel}","templated":true}]}}