{"id":451,"date":"2012-02-10T11:51:04","date_gmt":"2012-02-10T11:51:04","guid":{"rendered":"http:\/\/www.benarabi.org\/?page_id=451"},"modified":"2025-12-15T15:26:23","modified_gmt":"2025-12-15T14:26:23","slug":"orientacion","status":"publish","type":"page","link":"https:\/\/www.benarabi.org\/?page_id=451","title":{"rendered":"ORIENTACI\u00d3N"},"content":{"rendered":"<p>COMPONENTES DEPARTAMENTO ORIENTACI\u00d3N<\/p>\n<ul>\n<li>Aparicio miralles, Juana Mar\u00eda<\/li>\n<li>Buend\u00eda S\u00e1nchez, Bel\u00e9n<\/li>\n<li>Castej\u00f3n G\u00f3mez, Inmaculada<\/li>\n<li>Cifuentes Rosso, Yolanda<\/li>\n<li>Conesa Gonz\u00e1lez, Mar\u00eda<\/li>\n<li>Soto Pi\u00f1ero, M\u00aa Rosario<\/li>\n<\/ul>\n<p>PROGRAMACI\u00d3N DID\u00c1CTICA<\/p>\n<ul>\n<li><a href=\"https:\/\/www.benarabi.org\/wp-content\/uploads\/2025\/12\/Orientacion.pdf\">Programaci\u00f3n 2025-26<\/a><\/li>\n<\/ul>\n","protected":false},"excerpt":{"rendered":"<p>COMPONENTES DEPARTAMENTO ORIENTACI\u00d3N Aparicio miralles, Juana Mar\u00eda Buend\u00eda S\u00e1nchez, Bel\u00e9n Castej\u00f3n G\u00f3mez, Inmaculada Cifuentes Rosso, Yolanda Conesa Gonz\u00e1lez, Mar\u00eda Soto Pi\u00f1ero, M\u00aa Rosario PROGRAMACI\u00d3N DID\u00c1CTICA Programaci\u00f3n 2025-26<\/p>\n","protected":false},"author":1,"featured_media":0,"parent":0,"menu_order":0,"comment_status":"closed","ping_status":"open","template":"","meta":{"footnotes":""},"class_list":["post-451","page","type-page","status-publish","hentry"],"_links":{"self":[{"href":"https:\/\/www.benarabi.org\/index.php?rest_route=\/wp\/v2\/pages\/451","targetHints":{"allow":["GET"]}}],"collection":[{"href":"https:\/\/www.benarabi.org\/index.php?rest_route=\/wp\/v2\/pages"}],"about":[{"href":"https:\/\/www.benarabi.org\/index.php?rest_route=\/wp\/v2\/types\/page"}],"author":[{"embeddable":true,"href":"https:\/\/www.benarabi.org\/index.php?rest_route=\/wp\/v2\/users\/1"}],"replies":[{"embeddable":true,"href":"https:\/\/www.benarabi.org\/index.php?rest_route=%2Fwp%2Fv2%2Fcomments&post=451"}],"version-history":[{"count":44,"href":"https:\/\/www.benarabi.org\/index.php?rest_route=\/wp\/v2\/pages\/451\/revisions"}],"predecessor-version":[{"id":13666,"href":"https:\/\/www.benarabi.org\/index.php?rest_route=\/wp\/v2\/pages\/451\/revisions\/13666"}],"wp:attachment":[{"href":"https:\/\/www.benarabi.org\/index.php?rest_route=%2Fwp%2Fv2%2Fmedia&parent=451"}],"curies":[{"name":"wp","href":"https:\/\/api.w.org\/{rel}","templated":true}]}}