{"id":453,"date":"2012-02-10T11:51:30","date_gmt":"2012-02-10T11:51:30","guid":{"rendered":"http:\/\/www.benarabi.org\/?page_id=453"},"modified":"2025-12-15T15:26:54","modified_gmt":"2025-12-15T14:26:54","slug":"religion","status":"publish","type":"page","link":"https:\/\/www.benarabi.org\/?page_id=453","title":{"rendered":"RELIGI\u00d3N"},"content":{"rendered":"<p>COMPONENTES DEPARTAMENTO RELIGI\u00d3N<\/p>\n<ul>\n<li>Arroyo Fern\u00e1ndez, Blanca<\/li>\n<li>Meca Solano, Armando<\/li>\n<li>S\u00e1ez Garc\u00eda, M\u00aa Olivia<\/li>\n<li>S\u00e1nchez Ingl\u00e9s, Domingo<\/li>\n<\/ul>\n<p>PROGRAMACI\u00d3N DID\u00c1CTICA<\/p>\n<ul>\n<li><a href=\"https:\/\/www.benarabi.org\/wp-content\/uploads\/2025\/12\/Religion.pdf\">Programaci\u00f3n 2025-26<\/a><\/li>\n<\/ul>\n","protected":false},"excerpt":{"rendered":"<p>COMPONENTES DEPARTAMENTO RELIGI\u00d3N Arroyo Fern\u00e1ndez, Blanca Meca Solano, Armando S\u00e1ez Garc\u00eda, M\u00aa Olivia S\u00e1nchez Ingl\u00e9s, Domingo PROGRAMACI\u00d3N DID\u00c1CTICA Programaci\u00f3n 2025-26<\/p>\n","protected":false},"author":1,"featured_media":0,"parent":0,"menu_order":0,"comment_status":"closed","ping_status":"open","template":"","meta":{"footnotes":""},"class_list":["post-453","page","type-page","status-publish","hentry"],"_links":{"self":[{"href":"https:\/\/www.benarabi.org\/index.php?rest_route=\/wp\/v2\/pages\/453","targetHints":{"allow":["GET"]}}],"collection":[{"href":"https:\/\/www.benarabi.org\/index.php?rest_route=\/wp\/v2\/pages"}],"about":[{"href":"https:\/\/www.benarabi.org\/index.php?rest_route=\/wp\/v2\/types\/page"}],"author":[{"embeddable":true,"href":"https:\/\/www.benarabi.org\/index.php?rest_route=\/wp\/v2\/users\/1"}],"replies":[{"embeddable":true,"href":"https:\/\/www.benarabi.org\/index.php?rest_route=%2Fwp%2Fv2%2Fcomments&post=453"}],"version-history":[{"count":39,"href":"https:\/\/www.benarabi.org\/index.php?rest_route=\/wp\/v2\/pages\/453\/revisions"}],"predecessor-version":[{"id":13667,"href":"https:\/\/www.benarabi.org\/index.php?rest_route=\/wp\/v2\/pages\/453\/revisions\/13667"}],"wp:attachment":[{"href":"https:\/\/www.benarabi.org\/index.php?rest_route=%2Fwp%2Fv2%2Fmedia&parent=453"}],"curies":[{"name":"wp","href":"https:\/\/api.w.org\/{rel}","templated":true}]}}