{"id":455,"date":"2012-02-10T11:52:48","date_gmt":"2012-02-10T11:52:48","guid":{"rendered":"http:\/\/www.benarabi.org\/?page_id=455"},"modified":"2025-12-15T15:19:53","modified_gmt":"2025-12-15T14:19:53","slug":"fisica-y-quimica","status":"publish","type":"page","link":"https:\/\/www.benarabi.org\/?page_id=455","title":{"rendered":"F\u00cdSICA Y QU\u00cdMICA"},"content":{"rendered":"<p>COMPONENTES DEPARTAMENTO F\u00cdSICA Y QU\u00cdMICA<\/p>\n<ul>\n<li>Garc\u00eda Villar, M\u00aa Ascensi\u00f3n<\/li>\n<li>G\u00f3mez Moya, Marta<\/li>\n<li>L\u00f3pez Cremades, Pablo<\/li>\n<li>Monteagudo Merlos, Jos\u00e9<\/li>\n<li>Paniagua Mirete, Loreto<\/li>\n<\/ul>\n<p>PROGRAMACI\u00d3N DID\u00c1CTICA<\/p>\n<ul>\n<li><a href=\"https:\/\/www.benarabi.org\/wp-content\/uploads\/2025\/12\/Fisica-y-quimica.pdf\">Programaci\u00f3n 2025-26<\/a><\/li>\n<\/ul>\n","protected":false},"excerpt":{"rendered":"<p>COMPONENTES DEPARTAMENTO F\u00cdSICA Y QU\u00cdMICA Garc\u00eda Villar, M\u00aa Ascensi\u00f3n G\u00f3mez Moya, Marta L\u00f3pez Cremades, Pablo Monteagudo Merlos, Jos\u00e9 Paniagua Mirete, Loreto PROGRAMACI\u00d3N DID\u00c1CTICA Programaci\u00f3n 2025-26<\/p>\n","protected":false},"author":1,"featured_media":0,"parent":0,"menu_order":0,"comment_status":"closed","ping_status":"open","template":"","meta":{"footnotes":""},"class_list":["post-455","page","type-page","status-publish","hentry"],"_links":{"self":[{"href":"https:\/\/www.benarabi.org\/index.php?rest_route=\/wp\/v2\/pages\/455","targetHints":{"allow":["GET"]}}],"collection":[{"href":"https:\/\/www.benarabi.org\/index.php?rest_route=\/wp\/v2\/pages"}],"about":[{"href":"https:\/\/www.benarabi.org\/index.php?rest_route=\/wp\/v2\/types\/page"}],"author":[{"embeddable":true,"href":"https:\/\/www.benarabi.org\/index.php?rest_route=\/wp\/v2\/users\/1"}],"replies":[{"embeddable":true,"href":"https:\/\/www.benarabi.org\/index.php?rest_route=%2Fwp%2Fv2%2Fcomments&post=455"}],"version-history":[{"count":49,"href":"https:\/\/www.benarabi.org\/index.php?rest_route=\/wp\/v2\/pages\/455\/revisions"}],"predecessor-version":[{"id":13659,"href":"https:\/\/www.benarabi.org\/index.php?rest_route=\/wp\/v2\/pages\/455\/revisions\/13659"}],"wp:attachment":[{"href":"https:\/\/www.benarabi.org\/index.php?rest_route=%2Fwp%2Fv2%2Fmedia&parent=455"}],"curies":[{"name":"wp","href":"https:\/\/api.w.org\/{rel}","templated":true}]}}