{"id":477,"date":"2012-02-10T12:11:27","date_gmt":"2012-02-10T12:11:27","guid":{"rendered":"http:\/\/www.benarabi.org\/?page_id=477"},"modified":"2025-12-15T15:15:57","modified_gmt":"2025-12-15T14:15:57","slug":"educacion-fisica-2","status":"publish","type":"page","link":"https:\/\/www.benarabi.org\/?page_id=477","title":{"rendered":"EDUCACI\u00d3N F\u00cdSICA"},"content":{"rendered":"<p>COMPONENTES DEPARTAMENTO EDUCACI\u00d3N F\u00cdSICA<\/p>\n<ul>\n<li>Albaladejo Mart\u00ednez, Inmaculada<\/li>\n<li>Amante S\u00e1nchez, Pablo<\/li>\n<li>Garc\u00eda Ruiz, Carlos<\/li>\n<li>Exp\u00f3sito Garc\u00eda, Juan<\/li>\n<li>Liarte Belmonte, Juan Pedro<\/li>\n<\/ul>\n<p>PROGRAMACI\u00d3N DID\u00c1CTICA<\/p>\n<ul>\n<li><a href=\"https:\/\/www.benarabi.org\/wp-content\/uploads\/2025\/12\/Educacion-Fisica.pdf\">Programaci\u00f3n 2025-26<\/a><\/li>\n<\/ul>\n","protected":false},"excerpt":{"rendered":"<p>COMPONENTES DEPARTAMENTO EDUCACI\u00d3N F\u00cdSICA Albaladejo Mart\u00ednez, Inmaculada Amante S\u00e1nchez, Pablo Garc\u00eda Ruiz, Carlos Exp\u00f3sito Garc\u00eda, Juan Liarte Belmonte, Juan Pedro PROGRAMACI\u00d3N DID\u00c1CTICA Programaci\u00f3n 2025-26<\/p>\n","protected":false},"author":1,"featured_media":0,"parent":0,"menu_order":0,"comment_status":"closed","ping_status":"open","template":"","meta":{"footnotes":""},"class_list":["post-477","page","type-page","status-publish","hentry"],"_links":{"self":[{"href":"https:\/\/www.benarabi.org\/index.php?rest_route=\/wp\/v2\/pages\/477","targetHints":{"allow":["GET"]}}],"collection":[{"href":"https:\/\/www.benarabi.org\/index.php?rest_route=\/wp\/v2\/pages"}],"about":[{"href":"https:\/\/www.benarabi.org\/index.php?rest_route=\/wp\/v2\/types\/page"}],"author":[{"embeddable":true,"href":"https:\/\/www.benarabi.org\/index.php?rest_route=\/wp\/v2\/users\/1"}],"replies":[{"embeddable":true,"href":"https:\/\/www.benarabi.org\/index.php?rest_route=%2Fwp%2Fv2%2Fcomments&post=477"}],"version-history":[{"count":51,"href":"https:\/\/www.benarabi.org\/index.php?rest_route=\/wp\/v2\/pages\/477\/revisions"}],"predecessor-version":[{"id":13657,"href":"https:\/\/www.benarabi.org\/index.php?rest_route=\/wp\/v2\/pages\/477\/revisions\/13657"}],"wp:attachment":[{"href":"https:\/\/www.benarabi.org\/index.php?rest_route=%2Fwp%2Fv2%2Fmedia&parent=477"}],"curies":[{"name":"wp","href":"https:\/\/api.w.org\/{rel}","templated":true}]}}