{"id":4772,"date":"2017-01-19T19:39:08","date_gmt":"2017-01-19T18:39:08","guid":{"rendered":"http:\/\/www.benarabi.org\/?page_id=4772"},"modified":"2025-10-07T11:09:45","modified_gmt":"2025-10-07T09:09:45","slug":"4772-2","status":"publish","type":"page","link":"https:\/\/www.benarabi.org\/?page_id=4772","title":{"rendered":"EQUIPO DIRECTIVO"},"content":{"rendered":"<h1><\/h1>\n<h1 style=\"text-align: center;\"><strong>COMPONENTES<\/strong><\/h1>\n<table width=\"643\">\n<tbody>\n<tr>\n<td width=\"271\">\n<p style=\"text-align: center;\"><strong>CARGO<\/strong><\/p>\n<\/td>\n<td style=\"text-align: center;\" width=\"372\"><strong>NOMBRE<\/strong><\/td>\n<\/tr>\n<tr>\n<td width=\"271\">\n<p style=\"text-align: center;\"><strong>\u00a0<\/strong><strong>Director<\/strong><\/p>\n<\/td>\n<td width=\"372\">\n<p style=\"text-align: center;\"><strong>D. Manuel D\u00edaz Segura <\/strong><\/p>\n<\/td>\n<\/tr>\n<tr>\n<td width=\"271\">\n<p style=\"text-align: center;\"><strong>\u00a0<\/strong><strong>Jefatura de Estudios<\/strong><\/p>\n<\/td>\n<td width=\"372\">\n<p style=\"text-align: center;\"><strong>D\u00aa M\u00aa Isabel Salinas Gil<\/strong><\/p>\n<\/td>\n<\/tr>\n<tr>\n<td width=\"271\">\n<p style=\"text-align: center;\"><strong>\u00a0<\/strong><strong>Jefe de Estudios adjunto<\/strong><\/p>\n<\/td>\n<td width=\"372\">\n<p style=\"text-align: center;\"><strong>\u00a0\u00a0D. Jos\u00e9 Antonio Mateo Mar\u00edn<\/strong><\/p>\n<\/td>\n<\/tr>\n<tr>\n<td width=\"271\">\n<p style=\"text-align: center;\"><strong>\u00a0<\/strong><strong>Jefa de Estudios adjunta<\/strong><strong>\u00a0<\/strong><\/p>\n<\/td>\n<td width=\"372\">\n<p style=\"text-align: center;\"><strong>D\u00aa Elena Gonz\u00e1lez Criado<\/strong><\/p>\n<\/td>\n<\/tr>\n<tr>\n<td style=\"text-align: center;\" width=\"271\"><strong>Secretaria<\/strong><\/td>\n<td width=\"372\">\n<p style=\"text-align: center;\"><strong>D\u00aa Carolina de los \u00c1ngeles Pi\u00f1ana D\u00edaz<\/strong><\/p>\n<\/td>\n<\/tr>\n<\/tbody>\n<\/table>\n<p><strong>\u00a0<\/strong><strong>El Equipo directivo ha sido renovado para el per\u00edodo del 1 de julio de 2019 al 30 de junio de 2023. <a href=\"http:\/\/www.benarabi.org\/wp-content\/uploads\/2019\/09\/Manuel-D\u00edaz.pdf\">Consulta aqu\u00ed el Proyecto de Direcci\u00f3n.<\/a><\/strong><\/p>\n<p><strong>\u00a0<\/strong><strong>\u2026\u2026\u2026\u2026\u2026\u2026\u2026\u2026\u2026\u2026\u2026\u2026\u2026\u2026\u2026\u2026\u2026\u2026\u2026\u2026\u2026\u2026\u2026\u2026\u2026\u2026\u2026\u2026\u2026\u2026\u2026\u2026\u2026\u2026\u2026&#8230;&#8230;&#8230;.<\/strong><\/p>\n<p><a href=\"http:\/\/www.benarabi.org\/wp-content\/uploads\/2017\/01\/LOMCE_BOE-A-2013-12886.pdf\" rel=\"\">Ley Org\u00e1nica 8\/2013, de 9 de diciembre, para la mejora de la calidad educativa. (LOMCE)<\/a><\/p>\n<table width=\"643\">\n<tbody>\n<tr>\n<td width=\"643\">\n<h3 style=\"text-align: center;\"><strong>\u00a0<\/strong><strong>EQUIPO DIRECTIVO<\/strong><\/h3>\n<\/td>\n<\/tr>\n<tr>\n<td width=\"643\"><strong>\u00a0<\/strong><em><strong>Art\u00edculo 131<\/strong><\/em><strong>\u00a0<\/strong><strong>El equipo directivo<\/strong><\/p>\n<p style=\"text-align: justify;\"><strong>1.<\/strong>\u00a0El equipo directivo, \u00f3rgano ejecutivo de gobierno de los centros p\u00fablicos, estar\u00e1 integrado por el director, el jefe de estudios, el secretario y cuantos determinen las Administraciones educativas.<\/p>\n<p style=\"text-align: justify;\"><strong>2.<\/strong>\u00a0El equipo directivo trabajar\u00e1 de forma coordinada en el desempe\u00f1o de sus funciones, conforme a las instrucciones del director y las funciones espec\u00edficas legalmente establecidas.<\/p>\n<p style=\"text-align: justify;\"><strong>3.<\/strong>\u00a0El director, previa comunicaci\u00f3n al Claustro de profesores y al Consejo Escolar, formular\u00e1 propuesta de nombramiento y cese a la Administraci\u00f3n educativa de los cargos de jefe de estudios y secretario de entre los profesores con destino en dicho centro.<\/p>\n<p style=\"text-align: justify;\"><strong>4.<\/strong>\u00a0Todos los miembros del equipo directivo cesar\u00e1n en sus funciones al t\u00e9rmino de su mandato o cuando se produzca el cese del director.<\/p>\n<p style=\"text-align: justify;\"><strong>5.<\/strong>\u00a0Las Administraciones educativas favorecer\u00e1n el ejercicio de la funci\u00f3n directiva en los centros docentes, mediante la adopci\u00f3n de medidas que permitan mejorar la actuaci\u00f3n de los equipos directivos en relaci\u00f3n con el personal y los recursos materiales y mediante la organizaci\u00f3n de programas y cursos de formaci\u00f3n.<\/p>\n<\/td>\n<\/tr>\n<\/tbody>\n<\/table>\n<table width=\"643\">\n<tbody>\n<tr>\n<td width=\"643\">\n<h3 style=\"text-align: center;\"><strong>\u00a0<\/strong><strong>COMPETENCIAS DEL DIRECTOR<\/strong><\/h3>\n<\/td>\n<\/tr>\n<tr>\n<td width=\"643\">\n<p style=\"text-align: justify;\"><em><strong>Art\u00edculo 132<\/strong><\/em><strong>\u00a0<\/strong><strong>Competencias del director. Son competencias del director:<\/strong><\/p>\n<p style=\"text-align: justify;\"><strong>a)\u00a0<\/strong>Ostentar la representaci\u00f3n del centro, representar a la Administraci\u00f3n educativa en el mismo y hacerle llegar a \u00e9sta los planteamientos, aspiraciones y necesidades de la comunidad educativa.<\/p>\n<p style=\"text-align: justify;\"><strong>b)\u00a0<\/strong>Dirigir y coordinar todas las actividades del centro, sin perjuicio de las competencias atribuidas al Claustro del profesorado y al Consejo Escolar.<\/p>\n<p style=\"text-align: justify;\"><strong>c)\u00a0<\/strong>Ejercer la direcci\u00f3n pedag\u00f3gica, promover la innovaci\u00f3n educativa e impulsar planes para la consecuci\u00f3n de los objetivos del proyecto educativo del centro.<\/p>\n<p style=\"text-align: justify;\"><strong>d)\u00a0<\/strong>Garantizar el cumplimiento de las leyes y dem\u00e1s disposiciones vigentes.<\/p>\n<p style=\"text-align: justify;\"><strong>e)\u00a0<\/strong>Ejercer la jefatura de todo el personal adscrito al centro.<\/p>\n<p style=\"text-align: justify;\"><strong>f)\u00a0<\/strong>Favorecer la convivencia en el centro, garantizar la mediaci\u00f3n en la resoluci\u00f3n de los conflictos e imponer las medidas disciplinarias que correspondan a los alumnos y alumnas, en cumplimiento de la normativa vigente, sin perjuicio de las competencias atribuidas al Consejo Escolar en el art\u00edculo 127 de esta Ley org\u00e1nica. A tal fin, se promover\u00e1 la agilizaci\u00f3n de los procedimientos para la resoluci\u00f3n de los conflictos en los centros.<\/p>\n<p style=\"text-align: justify;\"><strong>g)\u00a0<\/strong>Impulsar la colaboraci\u00f3n con las familias, con instituciones y con organismos que faciliten la relaci\u00f3n del centro con el entorno, y fomentar un clima escolar que favorezca el estudio y el desarrollo de cuantas actuaciones propicien una formaci\u00f3n integral en conocimientos y valores de los alumnos y alumnas.<\/p>\n<p style=\"text-align: justify;\"><strong>h)\u00a0<\/strong>Impulsar las evaluaciones internas del centro y colaborar en las evaluaciones externas y en la evaluaci\u00f3n del profesorado.<\/p>\n<p style=\"text-align: justify;\"><strong>i)\u00a0<\/strong>Convocar y presidir los actos acad\u00e9micos y las sesiones del Consejo Escolar y del Claustro del profesorado del centro y ejecutar los acuerdos adoptados, en el \u00e1mbito de sus competencias.<\/p>\n<p style=\"text-align: justify;\"><strong>j)\u00a0<\/strong>Realizar las contrataciones de obras, servicios y suministros, as\u00ed como autorizar los gastos de acuerdo con el presupuesto del centro, ordenar los pagos y visar las certificaciones y documentos oficiales del centro, todo ello de acuerdo con lo que establezcan las Administraciones educativas.<\/p>\n<p style=\"text-align: justify;\"><strong>k)\u00a0<\/strong>Proponer a la Administraci\u00f3n educativa el nombramiento y cese de los miembros del equipo directivo, previa informaci\u00f3n al Claustro del profesorado y al Consejo Escolar del centro.<\/p>\n<p style=\"text-align: justify;\"><strong>\u00a0<\/strong><strong>l)\u00a0<\/strong>Aprobar los proyectos y las normas a los que se refiere el cap\u00edtulo II del t\u00edtulo V de la presente Ley Org\u00e1nica.<\/p>\n<p style=\"text-align: justify;\"><strong>m)\u00a0<\/strong>Aprobar la programaci\u00f3n general anual del centro, sin perjuicio de las competencias del Claustro del profesorado, en relaci\u00f3n con la planificaci\u00f3n y organizaci\u00f3n docente.<\/p>\n<p style=\"text-align: justify;\"><strong>n)\u00a0<\/strong>Decidir sobre la admisi\u00f3n de alumnos y alumnas, con sujeci\u00f3n a lo establecido en esta Ley Org\u00e1nica y disposiciones que la desarrollen.<\/p>\n<p style=\"text-align: justify;\"><strong>\u00f1)\u00a0<\/strong>Aprobar la obtenci\u00f3n de recursos complementarios de acuerdo con lo establecido en el art\u00edculo 122.3.<\/p>\n<p style=\"text-align: justify;\"><strong>o)\u00a0<\/strong>Fijar las directrices para la colaboraci\u00f3n, con fines educativos y culturales, con las Administraciones locales, con otros centros, entidades y organismos.<\/p>\n<p style=\"text-align: justify;\"><strong>p)\u00a0<\/strong>Cualesquiera otras que le sean encomendadas por la Administraci\u00f3n educativa.<\/p>\n<\/td>\n<\/tr>\n<\/tbody>\n<\/table>\n<p style=\"text-align: justify;\"><strong>\u00a0<\/strong><a href=\"http:\/\/www.benarabi.org\/wp-content\/uploads\/2017\/01\/ROIES_BOE-A-1996-3834-consolidado.pdf\" rel=\"\">ROC IES Real Decreto 83\/1996, de 26 de enero, por el que se aprueba el Reglamento org\u00e1nico de los institutos de educaci\u00f3n secundaria.<\/a><\/p>\n<table width=\"643\">\n<tbody>\n<tr>\n<td width=\"643\">\n<h3 style=\"text-align: center;\"><strong>\u00a0<\/strong><strong>COMPETENCIAS DEL JEFE DE ESTUDIOS<\/strong><\/h3>\n<\/td>\n<\/tr>\n<tr>\n<td width=\"643\"><strong>Art\u00edculo 33. Son competencias del jefe de estudios: <\/strong><\/p>\n<p style=\"text-align: justify;\">a) Ejercer, por delegaci\u00f3n del director y bajo su autoridad, la jefatura del personal docente en todo lo relativo al r\u00e9gimen acad\u00e9mico.<\/p>\n<p style=\"text-align: justify;\">b) Sustituir al director en caso de ausencia o enfermedad.<\/p>\n<p style=\"text-align: justify;\">c) Coordinar las actividades de car\u00e1cter acad\u00e9mico, de orientaci\u00f3n y complementarias de profesores y alumnos, en relaci\u00f3n con el proyecto educativo, los proyectos curriculares de etapa y la programaci\u00f3n general anual y, adem\u00e1s, velar por su ejecuci\u00f3n.<\/p>\n<p style=\"text-align: justify;\">d) Elaborar, en colaboraci\u00f3n con los restantes miembros del equipo directivo, los horarios acad\u00e9micos de alumnos y profesores de acuerdo con los criterios aprobados por el claustro y con el horario general incluido en la programaci\u00f3n general anual, as\u00ed como velar por su estricto cumplimiento.<\/p>\n<p style=\"text-align: justify;\">e) Coordinar las actividades de los jefes de departamento.<\/p>\n<p style=\"text-align: justify;\">f) Coordinar y dirigir la acci\u00f3n de los tutores, con la colaboraci\u00f3n, en su caso, del departamento de orientaci\u00f3n y de acuerdo con el plan de orientaci\u00f3n acad\u00e9mica y profesional y del plan de acci\u00f3n tutorial.<\/p>\n<p style=\"text-align: justify;\">g) Coordinar, con la colaboraci\u00f3n del representante del claustro en el centro de profesores y recursos, las actividades de perfeccionamiento del profesorado, as\u00ed como planificar y organizar las actividades de formaci\u00f3n de profesores realizadas por el instituto.<\/p>\n<p style=\"text-align: justify;\">h) Organizar los actos acad\u00e9micos.<\/p>\n<p style=\"text-align: justify;\">i) Fomentar la participaci\u00f3n de los distintos sectores de la comunidad escolar, especialmente en lo que se refiere al alumnado, facilitando y orientando su organizaci\u00f3n, y apoyando el trabajo de la junta de delegados.<\/p>\n<p style=\"text-align: justify;\">j) Participar en la elaboraci\u00f3n de la propuesta de proyecto educativo y de la programaci\u00f3n general anual, junto con el resto del equipo directivo.<\/p>\n<p style=\"text-align: justify;\">k) Favorecer la convivencia en el instituto y garantizar el procedimiento para imponer las correcciones que correspondan, de acuerdo con las disposiciones vigentes, lo establecido en el reglamento de r\u00e9gimen interior y los criterios fijados por el consejo escolar.<\/p>\n<p style=\"text-align: justify;\">l) Cualquier otra funci\u00f3n que le pueda ser encomendada por el director dentro de su \u00e1mbito de competencia.<\/p>\n<\/td>\n<\/tr>\n<\/tbody>\n<\/table>\n<table width=\"643\">\n<tbody>\n<tr>\n<td width=\"643\">\n<h3 style=\"text-align: center;\"><strong>\u00a0<\/strong><strong>COMPETENCIAS DEL SECRETARIO<\/strong><strong>\u00a0<\/strong><\/h3>\n<\/td>\n<\/tr>\n<tr>\n<td width=\"643\">\n<p style=\"text-align: justify;\"><strong>\u00a0<\/strong><strong>Art\u00edculo 34. Son competencias del secretario: <\/strong><\/p>\n<p style=\"text-align: justify;\">a) Ordenar el r\u00e9gimen administrativo del instituto, de conformidad con las directrices del director.<\/p>\n<p style=\"text-align: justify;\">b) Actuar como secretario de los \u00f3rganos colegiados de gobierno del instituto, levantar acta de las sesiones y dar fe de los acuerdos con el visto bueno del director.<\/p>\n<p style=\"text-align: justify;\">c) Custodiar los libros y archivos del instituto.<\/p>\n<p style=\"text-align: justify;\">d) Expedir las certificaciones que soliciten las autoridades y los interesados.<\/p>\n<p style=\"text-align: justify;\">e) Realizar el inventario general del instituto y mantenerlo actualizado.<\/p>\n<p style=\"text-align: justify;\">f) Custodiar y coordinar la utilizaci\u00f3n de los medios, inform\u00e1ticos, audiovisuales y del resto del material did\u00e1ctico.<\/p>\n<p style=\"text-align: justify;\">g) Ejercer, por delegaci\u00f3n del director y bajo su autoridad, la jefatura del personal de administraci\u00f3n y de servicios adscrito al instituto.<\/p>\n<p style=\"text-align: justify;\">h) Elaborar el anteproyecto de presupuesto del instituto.<\/p>\n<p style=\"text-align: justify;\">i) Ordenar el r\u00e9gimen econ\u00f3mico del instituto, de conformidad con las instrucciones del director, realizar la contabilidad y rendir cuentas ante las autoridades correspondientes.<\/p>\n<p style=\"text-align: justify;\">j) Velar por el mantenimiento material del instituto en todos sus aspectos, de acuerdo con las indicaciones del director.<\/p>\n<p style=\"text-align: justify;\">k) Participar en la elaboraci\u00f3n de la propuesta de proyecto educativo y de la programaci\u00f3n general anual, junto con el resto del equipo directivo.<\/p>\n<p style=\"text-align: justify;\">l) Cualquier otra funci\u00f3n que le pueda ser encomendada por el director dentro de su \u00e1mbito de competencia.<\/p>\n<\/td>\n<\/tr>\n<\/tbody>\n<\/table>\n<table width=\"643\">\n<tbody>\n<tr>\n<td width=\"643\">\n<h3 style=\"text-align: center;\"><strong>\u00a0<\/strong><strong>JEFATURAS DE ESTUDIOS ADJUNTAS<\/strong><strong>\u00a0<\/strong><\/h3>\n<\/td>\n<\/tr>\n<tr>\n<td width=\"643\">\n<p style=\"text-align: justify;\"><strong>\u00a0<\/strong><strong>Art\u00edculo 39. <\/strong><\/p>\n<p style=\"text-align: justify;\">Las jefaturas de estudios adjuntas que el Ministerio de Educaci\u00f3n y Ciencia establezca, de acuerdo con lo preceptuado en el art\u00edculo 4.b) de este Reglamento, se regular\u00e1n de la forma siguiente:<\/p>\n<p style=\"text-align: justify;\">1. El procedimiento para la designaci\u00f3n, nombramiento y cese de los jefes de estudios adjuntos ser\u00e1 el mismo que establecen los art\u00edculos 32 y 35 del presente Reglamento para el jefe de estudios y el secretario.<\/p>\n<p style=\"text-align: justify;\">2. Las funciones del jefe de estudios adjunto ser\u00e1n las que en \u00e9l delegue el jefe de estudios, si\u00e9ndole asignadas \u00e9stas por el director.<\/p>\n<p style=\"text-align: justify;\">3. Una vez nombrados, los jefes de estudios adjuntos formar\u00e1n parte del equipo directivo.<strong>\u00a0<\/strong><\/p>\n<\/td>\n<\/tr>\n<\/tbody>\n<\/table>\n","protected":false},"excerpt":{"rendered":"<p>COMPONENTES CARGO NOMBRE \u00a0Director D. Manuel D\u00edaz Segura \u00a0Jefatura de Estudios D\u00aa M\u00aa Isabel Salinas Gil \u00a0Jefe de Estudios adjunto \u00a0\u00a0D. Jos\u00e9 Antonio Mateo Mar\u00edn \u00a0Jefa de Estudios adjunta\u00a0 D\u00aa Elena Gonz\u00e1lez Criado Secretaria D\u00aa Carolina de los \u00c1ngeles Pi\u00f1ana D\u00edaz \u00a0El Equipo directivo ha sido renovado para el per\u00edodo del 1 de julio de [&hellip;]<\/p>\n","protected":false},"author":1,"featured_media":0,"parent":0,"menu_order":0,"comment_status":"closed","ping_status":"closed","template":"","meta":{"footnotes":""},"class_list":["post-4772","page","type-page","status-publish","hentry"],"_links":{"self":[{"href":"https:\/\/www.benarabi.org\/index.php?rest_route=\/wp\/v2\/pages\/4772","targetHints":{"allow":["GET"]}}],"collection":[{"href":"https:\/\/www.benarabi.org\/index.php?rest_route=\/wp\/v2\/pages"}],"about":[{"href":"https:\/\/www.benarabi.org\/index.php?rest_route=\/wp\/v2\/types\/page"}],"author":[{"embeddable":true,"href":"https:\/\/www.benarabi.org\/index.php?rest_route=\/wp\/v2\/users\/1"}],"replies":[{"embeddable":true,"href":"https:\/\/www.benarabi.org\/index.php?rest_route=%2Fwp%2Fv2%2Fcomments&post=4772"}],"version-history":[{"count":16,"href":"https:\/\/www.benarabi.org\/index.php?rest_route=\/wp\/v2\/pages\/4772\/revisions"}],"predecessor-version":[{"id":13392,"href":"https:\/\/www.benarabi.org\/index.php?rest_route=\/wp\/v2\/pages\/4772\/revisions\/13392"}],"wp:attachment":[{"href":"https:\/\/www.benarabi.org\/index.php?rest_route=%2Fwp%2Fv2%2Fmedia&parent=4772"}],"curies":[{"name":"wp","href":"https:\/\/api.w.org\/{rel}","templated":true}]}}