{"id":4868,"date":"2017-02-05T08:27:26","date_gmt":"2017-02-05T07:27:26","guid":{"rendered":"http:\/\/www.benarabi.org\/?page_id=4868"},"modified":"2025-12-10T14:00:49","modified_gmt":"2025-12-10T13:00:49","slug":"documentos-institucionales","status":"publish","type":"page","link":"https:\/\/www.benarabi.org\/?page_id=4868","title":{"rendered":"DOCUMENTOS INSTITUCIONALES"},"content":{"rendered":"<ul>\n<li><a href=\"https:\/\/www.benarabi.org\/wp-content\/uploads\/2025\/12\/01.-PGA-25-26_IES-BEN-ARABI.pdf\">Programaci\u00f3n General Anual 2025-26<\/a>\n<ul>\n<li style=\"list-style-type: none;\">\n<ul>\n<li style=\"list-style-type: none;\">\n<ul>\n<li style=\"list-style-type: none;\">\n<ul>\n<li><a href=\"https:\/\/www.benarabi.org\/wp-content\/uploads\/2025\/12\/04.-Propuesta-Curricular-25-26_IES-BEN-ARABI.pdf\">Propuesta Curricular ESO y Bachillerato 25-26<\/a>\n<ul>\n<li><a href=\"https:\/\/www.benarabi.org\/wp-content\/uploads\/2023\/10\/Criterios-de-promocion-y-Titulacion-LOMLOE-23-24.pdf\">Criterios de Promoci\u00f3n y Titulaci\u00f3n<\/a><\/li>\n<li>Programaciones Docentes (dentro de cada Departamento)<\/li>\n<\/ul>\n<\/li>\n<li><a href=\"https:\/\/www.benarabi.org\/wp-content\/uploads\/2025\/12\/11.-PDC_-30011776-IES-BEN-ARABI-25-26.pdf\">Plan Digital de Centro 25-26<\/a><\/li>\n<li><a href=\"https:\/\/www.benarabi.org\/wp-content\/uploads\/2023\/11\/PLAN-DE-MEJORA-23-24.pdf\">Plan de Mejora<\/a><\/li>\n<li><a href=\"https:\/\/www.benarabi.org\/wp-content\/uploads\/2023\/11\/Plan-de-Convivencia.pdf\">Plan de Convivencia<\/a><\/li>\n<li><a href=\"https:\/\/www.benarabi.org\/wp-content\/uploads\/2025\/12\/08.-PLAN-DE-ATENCI-ON-A-LA-DIVERSIDAD-25-26.pdf\">Plan de Atenci\u00f3n a la Diversidad 25-26<\/a><\/li>\n<li><a href=\"https:\/\/www.benarabi.org\/wp-content\/uploads\/2025\/12\/14.-PLC-BEN-ARABI-2025-2026.pdf\">Plan Ling\u00fc\u00edstico de Centro 25-26<\/a><\/li>\n<li><a href=\"https:\/\/www.benarabi.org\/wp-content\/uploads\/2025\/12\/10.-PLAN-DE-FOMENTO-DE-LA-LECTURA-25-26.pdf\">Plan de Lectura 25-26<\/a><\/li>\n<\/ul>\n<\/li>\n<\/ul>\n<ul>\n<li><a href=\"https:\/\/www.benarabi.org\/wp-content\/uploads\/2025\/12\/07.-PAT-25-26.pdf\">Plan de Acci\u00f3n Tutorial 25-26<\/a><\/li>\n<li><a href=\"https:\/\/www.benarabi.org\/wp-content\/uploads\/2025\/12\/02.-PEC-25-26_IES-BEN-ARABI.pdf\">Proyecto Educativo 25-26<\/a><\/li>\n<li><a href=\"https:\/\/www.benarabi.org\/wp-content\/uploads\/2025\/12\/12.-PLAN-TRANSICION-ETAPAS-25-26.pdf\">Plan de Transici\u00f3n entre Etapas 25-26<\/a><\/li>\n<\/ul>\n<\/li>\n<\/ul>\n<\/li>\n<\/ul>\n<\/li>\n<\/ul>\n<ul>\n<li style=\"list-style-type: none;\">\n<ul>\n<li style=\"list-style-type: none;\">\n<ul>\n<li><a href=\"https:\/\/www.benarabi.org\/wp-content\/uploads\/2025\/12\/03.-DOCF25-26.pdf\">Documento de Organizaci\u00f3n y Funcionamiento del centro 25-26<\/a><\/li>\n<li><a href=\"https:\/\/www.benarabi.org\/wp-content\/uploads\/2024\/11\/AACC-Programacion-24-25.pdf\">Programaci\u00f3n anual de AACC 2024-25<\/a><\/li>\n<\/ul>\n<\/li>\n<\/ul>\n<ul>\n<li>Planes y Proyectos Centro\n<ul>\n<li><a href=\"https:\/\/www.benarabi.org\/wp-content\/uploads\/2025\/12\/06.-PGA-7.1.-PLAN-DE-GESTION-DE-CALIDAD-2025-26.pdf\">Plan de Gesti\u00f3n de Calidad 25-26<\/a><\/li>\n<li><a href=\"https:\/\/www.benarabi.org\/wp-content\/uploads\/2025\/12\/13.-PLAN-DE-AUTOPROTECCION.pdf\">Plan de Evacuaci\u00f3n y Autoprotecci\u00f3n 25-26<\/a><\/li>\n<li><a href=\"https:\/\/www.benarabi.org\/wp-content\/uploads\/2025\/12\/09.-Programa-Educacion-para-la-salud2526Bi.pdf\">Programa Educaci\u00f3n para la Salud 25-26<\/a><\/li>\n<li><a href=\"https:\/\/www.benarabi.org\/wp-content\/uploads\/2023\/11\/16.-PROYECTO-SOLICITUD-Erasmus-IES-Ben-Arabi-2022.pdf\">Proyecto Erasmus<\/a><\/li>\n<\/ul>\n<\/li>\n<\/ul>\n<\/li>\n<li><a href=\"https:\/\/www.benarabi.org\/wp-content\/uploads\/2024\/11\/23_24_-MEMORIA-ANUAL_ies-ben-arabi.pdf\">Memoria anual del curso 23-24<\/a><\/li>\n<li><a href=\"https:\/\/www.benarabi.org\/wp-content\/uploads\/2023\/11\/4.-Proyecto-23-27.pdf\">Proyecto de Direcci\u00f3n 2023-27<\/a><\/li>\n<\/ul>\n","protected":false},"excerpt":{"rendered":"<p>Programaci\u00f3n General Anual 2025-26 Propuesta Curricular ESO y Bachillerato 25-26 Criterios de Promoci\u00f3n y Titulaci\u00f3n Programaciones Docentes (dentro de cada Departamento) Plan Digital de Centro 25-26 Plan de Mejora Plan de Convivencia Plan de Atenci\u00f3n a la Diversidad 25-26 Plan Ling\u00fc\u00edstico de Centro 25-26 Plan de Lectura 25-26 Plan de Acci\u00f3n Tutorial 25-26 Proyecto Educativo [&hellip;]<\/p>\n","protected":false},"author":1,"featured_media":0,"parent":0,"menu_order":0,"comment_status":"closed","ping_status":"closed","template":"","meta":{"footnotes":""},"class_list":["post-4868","page","type-page","status-publish","hentry"],"_links":{"self":[{"href":"https:\/\/www.benarabi.org\/index.php?rest_route=\/wp\/v2\/pages\/4868","targetHints":{"allow":["GET"]}}],"collection":[{"href":"https:\/\/www.benarabi.org\/index.php?rest_route=\/wp\/v2\/pages"}],"about":[{"href":"https:\/\/www.benarabi.org\/index.php?rest_route=\/wp\/v2\/types\/page"}],"author":[{"embeddable":true,"href":"https:\/\/www.benarabi.org\/index.php?rest_route=\/wp\/v2\/users\/1"}],"replies":[{"embeddable":true,"href":"https:\/\/www.benarabi.org\/index.php?rest_route=%2Fwp%2Fv2%2Fcomments&post=4868"}],"version-history":[{"count":65,"href":"https:\/\/www.benarabi.org\/index.php?rest_route=\/wp\/v2\/pages\/4868\/revisions"}],"predecessor-version":[{"id":13606,"href":"https:\/\/www.benarabi.org\/index.php?rest_route=\/wp\/v2\/pages\/4868\/revisions\/13606"}],"wp:attachment":[{"href":"https:\/\/www.benarabi.org\/index.php?rest_route=%2Fwp%2Fv2%2Fmedia&parent=4868"}],"curies":[{"name":"wp","href":"https:\/\/api.w.org\/{rel}","templated":true}]}}