{"id":488,"date":"2012-02-10T20:42:30","date_gmt":"2012-02-10T20:42:30","guid":{"rendered":"http:\/\/www.benarabi.org\/?page_id=488"},"modified":"2025-12-15T15:21:04","modified_gmt":"2025-12-15T14:21:04","slug":"geografia-e-historia","status":"publish","type":"page","link":"https:\/\/www.benarabi.org\/?page_id=488","title":{"rendered":"GEOGRAF\u00cdA E HISTOR\u00cdA"},"content":{"rendered":"<p>COMPONENTES DEPARTAMENTO GEOGRAF\u00cdA E HISTORIA<\/p>\n<ul>\n<li>Alba Delgado, Juan Carlos<\/li>\n<li>Brotons Montemayor, Esther<\/li>\n<li>Diaz Cayuela, Antonio<\/li>\n<li>Garc\u00eda Mart\u00ednez, Jorge<\/li>\n<li>Le\u00f3n Mart\u00edn, \u00d3scar<\/li>\n<li>P\u00e9rez Almagro, Mar\u00eda del Carmen<\/li>\n<li>Ten\u00e9s Garc\u00eda, Guillermo<\/li>\n<li>Yuste P\u00e9rez, M\u00aa Eloisa<\/li>\n<\/ul>\n<p>PROGRAMACI\u00d3N DID\u00c1CTICA<\/p>\n<ul>\n<li><a href=\"https:\/\/www.benarabi.org\/wp-content\/uploads\/2025\/12\/Geografia-e-historia.pdf\">Programaci\u00f3n 2025-26<\/a><\/li>\n<\/ul>\n","protected":false},"excerpt":{"rendered":"<p>COMPONENTES DEPARTAMENTO GEOGRAF\u00cdA E HISTORIA Alba Delgado, Juan Carlos Brotons Montemayor, Esther Diaz Cayuela, Antonio Garc\u00eda Mart\u00ednez, Jorge Le\u00f3n Mart\u00edn, \u00d3scar P\u00e9rez Almagro, Mar\u00eda del Carmen Ten\u00e9s Garc\u00eda, Guillermo Yuste P\u00e9rez, M\u00aa Eloisa PROGRAMACI\u00d3N DID\u00c1CTICA Programaci\u00f3n 2025-26<\/p>\n","protected":false},"author":1,"featured_media":0,"parent":0,"menu_order":0,"comment_status":"closed","ping_status":"open","template":"","meta":{"footnotes":""},"class_list":["post-488","page","type-page","status-publish","hentry"],"_links":{"self":[{"href":"https:\/\/www.benarabi.org\/index.php?rest_route=\/wp\/v2\/pages\/488","targetHints":{"allow":["GET"]}}],"collection":[{"href":"https:\/\/www.benarabi.org\/index.php?rest_route=\/wp\/v2\/pages"}],"about":[{"href":"https:\/\/www.benarabi.org\/index.php?rest_route=\/wp\/v2\/types\/page"}],"author":[{"embeddable":true,"href":"https:\/\/www.benarabi.org\/index.php?rest_route=\/wp\/v2\/users\/1"}],"replies":[{"embeddable":true,"href":"https:\/\/www.benarabi.org\/index.php?rest_route=%2Fwp%2Fv2%2Fcomments&post=488"}],"version-history":[{"count":45,"href":"https:\/\/www.benarabi.org\/index.php?rest_route=\/wp\/v2\/pages\/488\/revisions"}],"predecessor-version":[{"id":13660,"href":"https:\/\/www.benarabi.org\/index.php?rest_route=\/wp\/v2\/pages\/488\/revisions\/13660"}],"wp:attachment":[{"href":"https:\/\/www.benarabi.org\/index.php?rest_route=%2Fwp%2Fv2%2Fmedia&parent=488"}],"curies":[{"name":"wp","href":"https:\/\/api.w.org\/{rel}","templated":true}]}}