{"id":490,"date":"2012-02-10T20:42:46","date_gmt":"2012-02-10T20:42:46","guid":{"rendered":"http:\/\/www.benarabi.org\/?page_id=490"},"modified":"2026-03-26T13:27:21","modified_gmt":"2026-03-26T12:27:21","slug":"matematicas-2","status":"publish","type":"page","link":"https:\/\/www.benarabi.org\/?page_id=490","title":{"rendered":"MATEM\u00c1TICAS"},"content":{"rendered":"<p>COMPONENTES DEPARTAMENTO MATEM\u00c1TICAS<\/p>\n<ul>\n<li>Borgo\u00f1\u00f3s Garc\u00eda, M\u00f3nica<\/li>\n<li>C\u00e1novas Larios, Mar\u00eda Isabel<\/li>\n<li>D\u00edaz Segura, Manuel<\/li>\n<li>Fern\u00e1ndez Legaz, M\u00aa del Carm\u00e9n<\/li>\n<li>Fort\u00f3n de la Viuda, Agust\u00edn<\/li>\n<li>Garc\u00eda Gonz\u00e1lez, Andr\u00e9s Avelino<\/li>\n<li>Granero L\u00f3pez, Ismael<\/li>\n<li>Mat\u00ednez Garc\u00eda, Jos\u00e9 Luis<\/li>\n<li>Monz\u00f3n Pulido, F\u00e1tima<\/li>\n<li>Pi\u00f1ana D\u00edaz, Carolina de los \u00c1ngeles<\/li>\n<li>Rodriguez Tardido, \u00d3scar Jos\u00e9<\/li>\n<li>S\u00e1nchez Romero, Yolanda<\/li>\n<li>Titos S\u00e1nchez-Cantalejo, Pablo<\/li>\n<\/ul>\n<p>PROGRAMACI\u00d3N DID\u00c1CTICA MATEM\u00c1TICAS<\/p>\n<ul>\n<li><a href=\"https:\/\/www.benarabi.org\/wp-content\/uploads\/2025\/12\/Matematicas.pdf\">Programaci\u00f3n 2025-26<\/a><\/li>\n<\/ul>\n","protected":false},"excerpt":{"rendered":"<p>COMPONENTES DEPARTAMENTO MATEM\u00c1TICAS Borgo\u00f1\u00f3s Garc\u00eda, M\u00f3nica C\u00e1novas Larios, Mar\u00eda Isabel D\u00edaz Segura, Manuel Fern\u00e1ndez Legaz, M\u00aa del Carm\u00e9n Fort\u00f3n de la Viuda, Agust\u00edn Garc\u00eda Gonz\u00e1lez, Andr\u00e9s Avelino Granero L\u00f3pez, Ismael Mat\u00ednez Garc\u00eda, Jos\u00e9 Luis Monz\u00f3n Pulido, F\u00e1tima Pi\u00f1ana D\u00edaz, Carolina de los \u00c1ngeles Rodriguez Tardido, \u00d3scar Jos\u00e9 S\u00e1nchez Romero, Yolanda Titos S\u00e1nchez-Cantalejo, Pablo PROGRAMACI\u00d3N DID\u00c1CTICA [&hellip;]<\/p>\n","protected":false},"author":1,"featured_media":0,"parent":0,"menu_order":0,"comment_status":"closed","ping_status":"open","template":"","meta":{"footnotes":""},"class_list":["post-490","page","type-page","status-publish","hentry"],"_links":{"self":[{"href":"https:\/\/www.benarabi.org\/index.php?rest_route=\/wp\/v2\/pages\/490","targetHints":{"allow":["GET"]}}],"collection":[{"href":"https:\/\/www.benarabi.org\/index.php?rest_route=\/wp\/v2\/pages"}],"about":[{"href":"https:\/\/www.benarabi.org\/index.php?rest_route=\/wp\/v2\/types\/page"}],"author":[{"embeddable":true,"href":"https:\/\/www.benarabi.org\/index.php?rest_route=\/wp\/v2\/users\/1"}],"replies":[{"embeddable":true,"href":"https:\/\/www.benarabi.org\/index.php?rest_route=%2Fwp%2Fv2%2Fcomments&post=490"}],"version-history":[{"count":64,"href":"https:\/\/www.benarabi.org\/index.php?rest_route=\/wp\/v2\/pages\/490\/revisions"}],"predecessor-version":[{"id":14021,"href":"https:\/\/www.benarabi.org\/index.php?rest_route=\/wp\/v2\/pages\/490\/revisions\/14021"}],"wp:attachment":[{"href":"https:\/\/www.benarabi.org\/index.php?rest_route=%2Fwp%2Fv2%2Fmedia&parent=490"}],"curies":[{"name":"wp","href":"https:\/\/api.w.org\/{rel}","templated":true}]}}