{"id":522,"date":"2012-02-11T09:43:44","date_gmt":"2012-02-11T09:43:44","guid":{"rendered":"http:\/\/www.benarabi.org\/?page_id=522"},"modified":"2025-10-07T11:10:29","modified_gmt":"2025-10-07T09:10:29","slug":"organos-unipersonales-2","status":"publish","type":"page","link":"https:\/\/www.benarabi.org\/?page_id=522","title":{"rendered":"\u00d3RGANOS UNIPERSONALES"},"content":{"rendered":"<table style=\"width: 389px;\" width=\"375\">\n<tbody>\n<tr>\n<td style=\"width: 184px;\"><strong>DIRECTOR<\/strong><\/td>\n<td style=\"width: 189px;\">D. Manuel D\u00edaz Segura<\/td>\n<\/tr>\n<tr>\n<td style=\"width: 184px;\"><strong>JEFE DE ESTUDIOS<\/strong><\/td>\n<td style=\"width: 189px;\">D\u00aa. M\u00aa Isabel Salinas Gil<\/td>\n<\/tr>\n<tr>\n<td style=\"width: 184px;\"><strong>JEFE DE ESTUDIOS ADJUNTO<\/strong><\/td>\n<td style=\"width: 189px;\">D. Jos\u00e9 Antonio Mateo Mar\u00edn<\/td>\n<\/tr>\n<tr>\n<td style=\"width: 184px;\"><strong>JEFA DE ESTUDIOS ADJUNTA<\/strong><\/td>\n<td style=\"width: 189px;\">D\u00aa Elena Gonz\u00e1lez Criado<\/td>\n<\/tr>\n<tr>\n<td style=\"width: 184px;\"><strong>SECRETARIA<\/strong><\/td>\n<td style=\"width: 189px;\">D\u00aa Carolina de los \u00c1ngeles Pi\u00f1ana D\u00edaz<\/td>\n<\/tr>\n<\/tbody>\n<\/table>\n","protected":false},"excerpt":{"rendered":"<p>DIRECTOR D. Manuel D\u00edaz Segura JEFE DE ESTUDIOS D\u00aa. M\u00aa Isabel Salinas Gil JEFE DE ESTUDIOS ADJUNTO D. Jos\u00e9 Antonio Mateo Mar\u00edn JEFA DE ESTUDIOS ADJUNTA D\u00aa Elena Gonz\u00e1lez Criado SECRETARIA D\u00aa Carolina de los \u00c1ngeles Pi\u00f1ana D\u00edaz<\/p>\n","protected":false},"author":1,"featured_media":0,"parent":0,"menu_order":0,"comment_status":"closed","ping_status":"open","template":"","meta":{"footnotes":""},"class_list":["post-522","page","type-page","status-publish","hentry"],"_links":{"self":[{"href":"https:\/\/www.benarabi.org\/index.php?rest_route=\/wp\/v2\/pages\/522","targetHints":{"allow":["GET"]}}],"collection":[{"href":"https:\/\/www.benarabi.org\/index.php?rest_route=\/wp\/v2\/pages"}],"about":[{"href":"https:\/\/www.benarabi.org\/index.php?rest_route=\/wp\/v2\/types\/page"}],"author":[{"embeddable":true,"href":"https:\/\/www.benarabi.org\/index.php?rest_route=\/wp\/v2\/users\/1"}],"replies":[{"embeddable":true,"href":"https:\/\/www.benarabi.org\/index.php?rest_route=%2Fwp%2Fv2%2Fcomments&post=522"}],"version-history":[{"count":9,"href":"https:\/\/www.benarabi.org\/index.php?rest_route=\/wp\/v2\/pages\/522\/revisions"}],"predecessor-version":[{"id":13393,"href":"https:\/\/www.benarabi.org\/index.php?rest_route=\/wp\/v2\/pages\/522\/revisions\/13393"}],"wp:attachment":[{"href":"https:\/\/www.benarabi.org\/index.php?rest_route=%2Fwp%2Fv2%2Fmedia&parent=522"}],"curies":[{"name":"wp","href":"https:\/\/api.w.org\/{rel}","templated":true}]}}