{"id":5319,"date":"2017-10-24T11:44:23","date_gmt":"2017-10-24T09:44:23","guid":{"rendered":"http:\/\/www.benarabi.org\/?page_id=5319"},"modified":"2026-01-26T13:41:42","modified_gmt":"2026-01-26T12:41:42","slug":"delegados","status":"publish","type":"page","link":"https:\/\/www.benarabi.org\/?page_id=5319","title":{"rendered":"DELEGADOS"},"content":{"rendered":"<ul>\n<li><a href=\"https:\/\/www.benarabi.org\/wp-content\/uploads\/2025\/12\/Listado-de-delegados-y-subdelegados-25-26.pdf\">Listado de delegados\/subdelegados 2025\/26<\/a><\/li>\n<li><a href=\"http:\/\/www.benarabi.org\/wp-content\/uploads\/2017\/10\/Funciones_delegados.pdf\">Funciones de la Junta de delegados y delegados de grupo<\/a><\/li>\n<li>Reuniones Junta de delegados:\n<ul>\n<li style=\"text-align: left;\">Convocatoria Junta de delegados:\n<ul>\n<li style=\"list-style-type: none;\">\n<ul>\n<li><a href=\"https:\/\/www.benarabi.org\/wp-content\/uploads\/2025\/12\/1.04-12-25_JUNTA-DE-DELEGADOS.doc\">Convocatoria 04-12-25<\/a><\/li>\n<li><a href=\"https:\/\/www.benarabi.org\/wp-content\/uploads\/2026\/01\/2.17_12_25_JUNTA-DE-DELEGADOS.doc\">Convocatoria 17-12-25<\/a><\/li>\n<li><a href=\"https:\/\/www.benarabi.org\/wp-content\/uploads\/2026\/01\/3.20_01_26_JUNTA-DE-DELEGADOS.doc\">Convocatoria 20-01-26<\/a><\/li>\n<\/ul>\n<\/li>\n<\/ul>\n<\/li>\n<li>Informaci\u00f3n Junta de delegados:\n<ul>\n<li style=\"list-style-type: none;\">\n<ul>\n<li><a href=\"https:\/\/www.benarabi.org\/wp-content\/uploads\/2025\/12\/1.-INFORMACION-DELEGADOS-04-12-25.doc\">Informaci\u00f3n delegados 04-12-25<\/a><\/li>\n<li><a href=\"https:\/\/www.benarabi.org\/wp-content\/uploads\/2026\/01\/2.-INFORMACION-DELEGADOS-17-12-25.doc\">Informaci\u00f3n delegados 20-01-26<\/a><\/li>\n<\/ul>\n<\/li>\n<\/ul>\n<\/li>\n<\/ul>\n<\/li>\n<\/ul>\n","protected":false},"excerpt":{"rendered":"<p>Listado de delegados\/subdelegados 2025\/26 Funciones de la Junta de delegados y delegados de grupo Reuniones Junta de delegados: Convocatoria Junta de delegados: Convocatoria 04-12-25 Convocatoria 17-12-25 Convocatoria 20-01-26 Informaci\u00f3n Junta de delegados: Informaci\u00f3n delegados 04-12-25 Informaci\u00f3n delegados 20-01-26<\/p>\n","protected":false},"author":1,"featured_media":0,"parent":0,"menu_order":0,"comment_status":"closed","ping_status":"closed","template":"","meta":{"footnotes":""},"class_list":["post-5319","page","type-page","status-publish","hentry"],"_links":{"self":[{"href":"https:\/\/www.benarabi.org\/index.php?rest_route=\/wp\/v2\/pages\/5319","targetHints":{"allow":["GET"]}}],"collection":[{"href":"https:\/\/www.benarabi.org\/index.php?rest_route=\/wp\/v2\/pages"}],"about":[{"href":"https:\/\/www.benarabi.org\/index.php?rest_route=\/wp\/v2\/types\/page"}],"author":[{"embeddable":true,"href":"https:\/\/www.benarabi.org\/index.php?rest_route=\/wp\/v2\/users\/1"}],"replies":[{"embeddable":true,"href":"https:\/\/www.benarabi.org\/index.php?rest_route=%2Fwp%2Fv2%2Fcomments&post=5319"}],"version-history":[{"count":39,"href":"https:\/\/www.benarabi.org\/index.php?rest_route=\/wp\/v2\/pages\/5319\/revisions"}],"predecessor-version":[{"id":13746,"href":"https:\/\/www.benarabi.org\/index.php?rest_route=\/wp\/v2\/pages\/5319\/revisions\/13746"}],"wp:attachment":[{"href":"https:\/\/www.benarabi.org\/index.php?rest_route=%2Fwp%2Fv2%2Fmedia&parent=5319"}],"curies":[{"name":"wp","href":"https:\/\/api.w.org\/{rel}","templated":true}]}}