{"id":5334,"date":"2017-10-26T11:32:30","date_gmt":"2017-10-26T09:32:30","guid":{"rendered":"http:\/\/www.benarabi.org\/?page_id=5334"},"modified":"2025-10-20T10:17:26","modified_gmt":"2025-10-20T08:17:26","slug":"padres","status":"publish","type":"page","link":"https:\/\/www.benarabi.org\/?page_id=5334","title":{"rendered":"INFORMACI\u00d3N A PADRES"},"content":{"rendered":"<p>INFORMACI\u00d3N GENERAL<\/p>\n<ul>\n<li style=\"list-style-type: none;\">\n<ul>\n<li><a href=\"https:\/\/www.benarabi.org\/wp-content\/uploads\/2025\/10\/25-26_Guion-reunion-tutores-y-padres.pdf\">Informaci\u00f3n General padres de alumnos (Curso 2025-26)<\/a><\/li>\n<li><a href=\"https:\/\/www.benarabi.org\/wp-content\/uploads\/2023\/11\/RECOMENDACIONES-A-FAMILIAS-TRANSICION-DE-ETAPAS.pdf\">Recomendaciones a familias transici\u00f3n de etapas<\/a><\/li>\n<li><a href=\"https:\/\/www.benarabi.org\/wp-content\/uploads\/2023\/10\/Criterios-de-promocion-y-Titulacion-LOMLOE-23-24.pdf\">Criterios de promoci\u00f3n y titulaci\u00f3n LOMLOE<\/a><\/li>\n<li><a href=\"https:\/\/www.benarabi.org\/wp-content\/uploads\/2025\/10\/Horario-visita-de-padres.pdf\">Horario visitas de padres 2025-26 (tambi\u00e9n en Mirador)<\/a><\/li>\n<li><a href=\"https:\/\/www.benarabi.org\/wp-content\/uploads\/2024\/03\/Orientacion-academica-24.pdf\">Informaci\u00f3n Reuni\u00f3n Orientacio\u0301n Acade\u0301mica 18-03-25 <\/a>\u00a0(<a href=\"https:\/\/www.benarabi.org\/wp-content\/uploads\/2025\/04\/Orientacion-academica-24-25.pdf\">Documento 1, <\/a><a href=\"https:\/\/www.benarabi.org\/wp-content\/uploads\/2025\/04\/guia-acceso-uniscopio-2025.pdf\">Documento 2 <\/a>, <a href=\"https:\/\/www.benarabi.org\/wp-content\/uploads\/2025\/04\/Orientacion-academica-y-Profesional-tras-la-titulacion-en-Bachillerato-1.pptx\">Documento 3<\/a>)<\/li>\n<li><a href=\"https:\/\/www.um.es\/documents\/d\/estudios\/jornadas-informativas-para-centros-y-orientadores-pau2025-pdf\" target=\"_blank\" rel=\"noopener\">Jornadas informativas PAU 2025<\/a><\/li>\n<\/ul>\n<\/li>\n<\/ul>\n<p>HERRAMIENTAS DIGITALES<\/p>\n<ul>\n<li><a href=\"https:\/\/www.benarabi.org\/wp-content\/uploads\/2023\/09\/Instrucciones-uso-recursos-digitales-2022-23.pdf\">Instrucciones-uso-recursos-digitales<\/a><\/li>\n<li><a href=\"https:\/\/www.benarabi.org\/wp-content\/uploads\/2021\/12\/Mirador-Nuevo-acceso.pdf\">Mirador &#8211; Nuevo acceso<\/a><\/li>\n<li><a href=\"http:\/\/ares.murciaeduca.es\/nre\/#\/home\" target=\"_blank\" rel=\"noopener noreferrer\">Obtenci\u00f3n del NRE del alumno (n\u00famero regional de estudiante)<\/a><\/li>\n<\/ul>\n","protected":false},"excerpt":{"rendered":"<p>INFORMACI\u00d3N GENERAL Informaci\u00f3n General padres de alumnos (Curso 2025-26) Recomendaciones a familias transici\u00f3n de etapas Criterios de promoci\u00f3n y titulaci\u00f3n LOMLOE Horario visitas de padres 2025-26 (tambi\u00e9n en Mirador) Informaci\u00f3n Reuni\u00f3n Orientacio\u0301n Acade\u0301mica 18-03-25 \u00a0(Documento 1, Documento 2 , Documento 3) Jornadas informativas PAU 2025 HERRAMIENTAS DIGITALES Instrucciones-uso-recursos-digitales Mirador &#8211; Nuevo acceso Obtenci\u00f3n del NRE [&hellip;]<\/p>\n","protected":false},"author":1,"featured_media":0,"parent":0,"menu_order":0,"comment_status":"closed","ping_status":"closed","template":"","meta":{"footnotes":""},"class_list":["post-5334","page","type-page","status-publish","hentry"],"_links":{"self":[{"href":"https:\/\/www.benarabi.org\/index.php?rest_route=\/wp\/v2\/pages\/5334","targetHints":{"allow":["GET"]}}],"collection":[{"href":"https:\/\/www.benarabi.org\/index.php?rest_route=\/wp\/v2\/pages"}],"about":[{"href":"https:\/\/www.benarabi.org\/index.php?rest_route=\/wp\/v2\/types\/page"}],"author":[{"embeddable":true,"href":"https:\/\/www.benarabi.org\/index.php?rest_route=\/wp\/v2\/users\/1"}],"replies":[{"embeddable":true,"href":"https:\/\/www.benarabi.org\/index.php?rest_route=%2Fwp%2Fv2%2Fcomments&post=5334"}],"version-history":[{"count":61,"href":"https:\/\/www.benarabi.org\/index.php?rest_route=\/wp\/v2\/pages\/5334\/revisions"}],"predecessor-version":[{"id":13446,"href":"https:\/\/www.benarabi.org\/index.php?rest_route=\/wp\/v2\/pages\/5334\/revisions\/13446"}],"wp:attachment":[{"href":"https:\/\/www.benarabi.org\/index.php?rest_route=%2Fwp%2Fv2%2Fmedia&parent=5334"}],"curies":[{"name":"wp","href":"https:\/\/api.w.org\/{rel}","templated":true}]}}