{"id":8183,"date":"2021-03-03T12:53:44","date_gmt":"2021-03-03T11:53:44","guid":{"rendered":"http:\/\/www.benarabi.org\/?page_id=8183"},"modified":"2026-04-16T09:30:09","modified_gmt":"2026-04-16T07:30:09","slug":"manual-de-procedimientos-tabla","status":"publish","type":"page","link":"https:\/\/www.benarabi.org\/?page_id=8183","title":{"rendered":"MANUAL DE PROCEDIMIENTOS"},"content":{"rendered":"<p style=\"text-align: left;\"><strong>PROC<\/strong><strong>ESOS<\/strong><span style=\"text-decoration: underline;\"><strong> ESTRAT\u00c9GICOS<\/strong><\/span><\/p>\n<p>PE.1. PROCESOS DE DIRECCI\u00d3N<\/p>\n<ul>\n<li style=\"list-style-type: none;\">\n<ul>\n<li><a href=\"https:\/\/www.benarabi.org\/wp-content\/uploads\/2026\/02\/PE-1.1.-ORGANIGRAMA-Y-ORGANOS-CENTRO.pdf\">PE. 1.1. Organigrama y \u00f3rganos del centro<\/a><\/li>\n<li><a href=\"https:\/\/www.benarabi.org\/wp-content\/uploads\/2026\/02\/PE-1.2.-GRUPOS-Y-HORARIOS.pdf\">PE .1.2. Grupos y horarios<\/a><\/li>\n<li><a href=\"https:\/\/www.benarabi.org\/wp-content\/uploads\/2026\/02\/PE.-1.3.-PGA.pdf\">PE. 1.3. PGA.<\/a><\/li>\n<li><a href=\"https:\/\/www.benarabi.org\/wp-content\/uploads\/2026\/02\/PE.-1.4.-INFORMACION-AL-PROFESORADO.pdf\">PE .1.4. Informaci\u00f3n al profesorado<\/a><\/li>\n<li><a href=\"https:\/\/www.benarabi.org\/wp-content\/uploads\/2026\/02\/PE.1.5.-CALENDARIO-Y-TEMPORALIZACION.pdf\">PE. 1.5. Calendario y temporalizaci\u00f3n<\/a><\/li>\n<li><a href=\"https:\/\/www.benarabi.org\/wp-content\/uploads\/2026\/02\/PE.1.6.-NORMATIVA.pdf\">PE .1.6. Normativa<\/a><\/li>\n<\/ul>\n<\/li>\n<\/ul>\n<p>PE.2. PROGRAMAS, PLANES Y PROYECTOS<\/p>\n<ul>\n<li style=\"list-style-type: none;\">\n<ul>\n<li><a href=\"https:\/\/www.benarabi.org\/wp-content\/uploads\/2026\/02\/PE.-2.1-REVISION-Y-ELABORACION-DEL-PEC.pdf\">PE.\u00a0 2.1. Revisi\u00f3n y elaboraci\u00f3n del PEC<\/a><\/li>\n<li><a href=\"https:\/\/www.benarabi.org\/wp-content\/uploads\/2026\/02\/PE.-2.2.-SELECCION-Y-PLANIFICACION-DE-LOS-PPP-DEL-CENTRO.pdf\">PE.\u00a0 2.2. Selecci\u00f3n y planificaci\u00f3n de los PPP. del centro<\/a><\/li>\n<li><a href=\"https:\/\/www.benarabi.org\/wp-content\/uploads\/2026\/02\/PE.-2.3.-GESTION-DE-LOS-PPP-DEL-CENTRO.pdf\">PE.\u00a0 2.3. Gesti\u00f3n de los PPP. del centro<\/a><\/li>\n<li><a href=\"https:\/\/www.benarabi.org\/wp-content\/uploads\/2026\/02\/PE.-2.4.-EVALUACION-DE-LOS-PPP-DEL-CENTRO.pdf\">PE.\u00a0 2.4. Evaluaci\u00f3n de los PPP. del centro<\/a><\/li>\n<\/ul>\n<\/li>\n<\/ul>\n<p>PE.3. GESTI\u00d3N DE CALIDAD<\/p>\n<ul>\n<li style=\"list-style-type: none;\">\n<ul>\n<li><a href=\"https:\/\/www.benarabi.org\/wp-content\/uploads\/2026\/02\/PE.-3.1.-PLANIFICACION-ESTRATEGICA.pdf\">PE.\u00a0 3.1. Planificaci\u00f3n estrat\u00e9gica<\/a><\/li>\n<li><a href=\"https:\/\/www.benarabi.org\/wp-content\/uploads\/2026\/02\/PE.-3.2.-GESTION-DE-DATOS-Y-ENCUESTAS.pdf\">PE.\u00a0 3.2. Gesti\u00f3n de datos y encuestas<\/a><\/li>\n<li><a href=\"https:\/\/www.benarabi.org\/wp-content\/uploads\/2026\/02\/PE.-3.3.-EVALUACION-DE-PROCESOS-Y-AUTOEVALUACION.pdf\">PE.\u00a0 3.3. Evaluaci\u00f3n de procesos y autoevaluaci\u00f3n<\/a><\/li>\n<li><a href=\"https:\/\/www.benarabi.org\/wp-content\/uploads\/2026\/02\/PE.-3.4.-CONTROL-DE-INDICADORES.pdf\">PE.\u00a0 3.4. Control de indicadores<\/a><\/li>\n<li><a href=\"https:\/\/www.benarabi.org\/wp-content\/uploads\/2026\/02\/PE.-3.5.-PLAN-DE-MEJORA.pdf\">PE.\u00a0 3.5. Planes de mejora<\/a><\/li>\n<li><a href=\"https:\/\/www.benarabi.org\/wp-content\/uploads\/2022\/02\/PE.-3.6.-GESTION-DOCUMENTAL.pdf\">PE.\u00a0 3.6. Gesti\u00f3n documental<\/a><\/li>\n<\/ul>\n<\/li>\n<\/ul>\n<p><span style=\"text-decoration: underline;\"><strong>PROCESOS OPERATIVOS<\/strong><\/span><\/p>\n<p>PO.1. PR\u00c1CTICA DOCENTE<\/p>\n<ul>\n<li style=\"list-style-type: none;\">\n<ul>\n<li><a href=\"https:\/\/www.benarabi.org\/wp-content\/uploads\/2026\/02\/PO.1.1.-DESARROLLO-DE-LA-PRACTICA-DOCENTE.-Actividades-ordinarias-y-guardias.pdf\">PO. 1.1. Desarrollo de la pr\u00e1ctica docente<\/a><\/li>\n<li><a href=\"https:\/\/www.benarabi.org\/wp-content\/uploads\/2026\/02\/PO.1.2.-ATENCION-A-LA-DIVERSIDAD.pdf\">PO .1.2. Atenci\u00f3n a la diversidad<\/a><\/li>\n<li><a href=\"https:\/\/www.benarabi.org\/wp-content\/uploads\/2026\/02\/PO.1.3.-ACTIVIDADES-COMPLEMENTARIAS.pdf\">PO. 1.3. Actividades Complementarias<\/a><\/li>\n<li><a href=\"https:\/\/www.benarabi.org\/wp-content\/uploads\/2026\/02\/PO.1.4.-EVALUACION-DEL-ALUMNADO.pdf\">PO .1.4. Evaluaci\u00f3n del alumnado<\/a><\/li>\n<li><a href=\"https:\/\/www.benarabi.org\/wp-content\/uploads\/2026\/02\/PO.1.5.-EVALUACION-PROCESO-DE-ENSENANZA-Y-PRACTICA-DOCENTE.pdf\">PO. 1.5. Evaluaci\u00f3n de la pr\u00e1ctica docente<\/a><\/li>\n<\/ul>\n<\/li>\n<\/ul>\n<p>PO.2. TUTOR\u00cdA Y ORIENTACI\u00d3N<\/p>\n<ul>\n<li style=\"list-style-type: none;\">\n<ul>\n<li><a href=\"https:\/\/www.benarabi.org\/wp-content\/uploads\/2026\/02\/PO.-2.1.-COORDINACION-CON-OTRAS-ETAPAS.pdf\">PO.\u00a0 2.1. Coordinaci\u00f3n con otras etapas<\/a><\/li>\n<li><a href=\"https:\/\/www.benarabi.org\/wp-content\/uploads\/2026\/02\/PO.-2.2.-COORDINACION-EQUIPO-DOCENTE.pdf\">PO.\u00a0 2.2. Coordinaci\u00f3n del equipo docente<\/a><\/li>\n<li><a href=\"https:\/\/www.benarabi.org\/wp-content\/uploads\/2026\/02\/PO.-2.3.-ORIENTACION-ACADEMICA-Y-PROFESIONAL.pdf\">PO.\u00a0 2.3. Orientaci\u00f3n acad\u00e9mica y profesional<\/a><\/li>\n<li><a href=\"https:\/\/www.benarabi.org\/wp-content\/uploads\/2026\/02\/PO.-2.4.-ACCION-TUTORIAL.pdf\">PO.\u00a0 2.4. Acci\u00f3n tutorial<\/a><\/li>\n<li><a href=\"https:\/\/www.benarabi.org\/wp-content\/uploads\/2026\/02\/PO.-2.5.-ABSENTISMO.pdf\">PO.\u00a0 2.5. Absentismo<\/a><\/li>\n<\/ul>\n<\/li>\n<\/ul>\n<p>PO.3. CONVIVENCIA<\/p>\n<ul>\n<li style=\"list-style-type: none;\">\n<ul>\n<li><a href=\"https:\/\/www.benarabi.org\/wp-content\/uploads\/2026\/02\/PO.-3.1.-APLICACION-DE-LAS-NORMAS-DE-CONVIVENCIA.pdf\">PO.\u00a0 3.1. Aplicaci\u00f3n de las normas de convivencia<\/a><\/li>\n<li><a href=\"https:\/\/www.benarabi.org\/wp-content\/uploads\/2026\/02\/PO.-3.2.-PREVENCION-Y-RESOLUCION-DE-CONFLICTOS.pdf\">PO.\u00a0 3.2. Prevenci\u00f3n y resoluci\u00f3n de conflictos<\/a><\/li>\n<\/ul>\n<\/li>\n<\/ul>\n<p>PO.4. INFORMACI\u00d3N AL ALUMNADO Y FAMILIAS<\/p>\n<ul>\n<li style=\"list-style-type: none;\">\n<ul>\n<li><a href=\"https:\/\/www.benarabi.org\/wp-content\/uploads\/2026\/02\/PO.-4.1.-ADMISION-DEL-ALUMNADO.pdf\">PO.\u00a0 4.1. Proceso de admisi\u00f3n del alumnado<\/a><\/li>\n<li><a href=\"https:\/\/www.benarabi.org\/wp-content\/uploads\/2026\/02\/PO.-4.2.-ACOGIDA-DEL-ALUMNADO.pdf\">PO.\u00a0 4.2. Acogida del alumnado<\/a><\/li>\n<li><a href=\"https:\/\/www.benarabi.org\/wp-content\/uploads\/2026\/02\/PO.-4.3.-INFORMACION-Y-COMUNICACION-AL-ALUMNADO.pdf\">PO.\u00a0 4.3. Informaci\u00f3n y comunicaci\u00f3n al alumnado<\/a><\/li>\n<li><a href=\"https:\/\/www.benarabi.org\/wp-content\/uploads\/2026\/02\/PO.-4.4.-ATENCION-INFORMACION-Y-COMUNICACION-A-LAS-FAMILIAS.pdf\">PO.\u00a0 4.4. Atenci\u00f3n, informaci\u00f3n y comunicaci\u00f3n a las familias<\/a><\/li>\n<li><a href=\"https:\/\/www.benarabi.org\/wp-content\/uploads\/2026\/02\/PO.-4.5.-BOLETINES-DE-CALIFICACIONES-TRIMESTRALES.pdf\">PO.\u00a0 4.5. Boletines de calificaci\u00f3n<\/a><\/li>\n<\/ul>\n<\/li>\n<\/ul>\n<p>PO.5. T\u00cdTULOS, CERTIFICACIONES Y PREMIOS<\/p>\n<ul>\n<li style=\"list-style-type: none;\">\n<ul>\n<li><a href=\"https:\/\/www.benarabi.org\/wp-content\/uploads\/2026\/02\/PO.-5.1.-PAU.pdf\">PO.\u00a0 5.1. EBAU<\/a><\/li>\n<li><a href=\"https:\/\/www.benarabi.org\/wp-content\/uploads\/2026\/03\/PO.-5.2.-BACHIBAC.pdf\">PO.\u00a0 5.2. BACHIBAC<\/a><\/li>\n<li><a href=\"https:\/\/www.benarabi.org\/wp-content\/uploads\/2026\/04\/PO.-5.3.-PREMIOS-EXTRAORDINARIOS-ESO-BACHILLERATO.pdf\">PO.\u00a0 5.3. Premios Extraordinarios ESO y Bachillerato<\/a><\/li>\n<li><a href=\"https:\/\/www.benarabi.org\/wp-content\/uploads\/2026\/02\/PO.-5.4.-CERTIFICACIONES-LINGUISTICAS.pdf\">PO.\u00a0 5.4. Certificaciones ling\u00fc\u00edsticas<\/a><\/li>\n<\/ul>\n<\/li>\n<\/ul>\n<p><span style=\"text-decoration: underline;\"><strong>PROCESOS DE APOYO<\/strong><\/span><\/p>\n<p>PA.1. PLANIFICACI\u00d3N DEL CURSO<\/p>\n<ul>\n<li style=\"list-style-type: none;\">\n<ul>\n<li><a href=\"https:\/\/www.benarabi.org\/wp-content\/uploads\/2026\/02\/PA.-1.1.-RECEPCION-DEL-NUEVO-PERSONAL.pdf\">PA. 1.1. Recepci\u00f3n del nuevo personal<\/a><\/li>\n<li><a href=\"https:\/\/www.benarabi.org\/wp-content\/uploads\/2026\/02\/PA.-1.2.-FORMACION-PERSONAL.pdf\">PA .1.2. Formaci\u00f3n del personal<\/a><\/li>\n<li><a href=\"https:\/\/www.benarabi.org\/wp-content\/uploads\/2026\/02\/PA.-1.3.-GESTION-Y-CONTROL-DE-LAS-TAREAS-DEL-PERSONAL.pdf\">PA. 1.3. Gesti\u00f3n y seguimiento de las tareas del personal<\/a><\/li>\n<li><a href=\"https:\/\/www.benarabi.org\/wp-content\/uploads\/2026\/02\/PA.-1.4.-PLANES-DE-EVACUACION-Y-AUTOPROTECCION.pdf\">PA .1.4. Prevenci\u00f3n de Riesgos Laborales<\/a><\/li>\n<\/ul>\n<\/li>\n<\/ul>\n<p>PA.2. GESTI\u00d3N ECON\u00d3MICA ADMINISTRATIVA<\/p>\n<ul>\n<li style=\"list-style-type: none;\">\n<ul>\n<li><a href=\"https:\/\/www.benarabi.org\/wp-content\/uploads\/2026\/02\/PA.2.1.-GESTION-ECONOMICA.pdf\">PA.\u00a0 2.1. Gesti\u00f3n econ\u00f3mica<\/a><\/li>\n<li><a href=\"https:\/\/www.benarabi.org\/wp-content\/uploads\/2026\/02\/PA.2.2.-INVENTARIO.pdf\">PA.\u00a0 2.2. Inventario<\/a><\/li>\n<li><a href=\"https:\/\/www.benarabi.org\/wp-content\/uploads\/2026\/02\/PA.2.3.-MANTENIMIENTO-Y-CONSERVACION-DEL-CENTRO.pdf\">PA.\u00a0 2.3. Mantenimiento y Conservaci\u00f3n del Centro<\/a><\/li>\n<li><a href=\"https:\/\/www.benarabi.org\/wp-content\/uploads\/2026\/02\/PA.2.4.-USO-INSTALACIONES-DEL-CENTRO.pdf\">PA.\u00a0 2.4. Uso de Instalaciones del Centro<\/a><\/li>\n<\/ul>\n<\/li>\n<\/ul>\n<p>PA.3. RELACIONES EXTERNAS<\/p>\n<ul>\n<li style=\"list-style-type: none;\">\n<ul>\n<li><a href=\"https:\/\/www.benarabi.org\/wp-content\/uploads\/2026\/02\/PA.-3.1.-Proyeccion-del-centro.pdf\">PA.\u00a0 3.1. Proyecci\u00f3n del centro<\/a><\/li>\n<li><a href=\"https:\/\/www.benarabi.org\/wp-content\/uploads\/2026\/02\/PA.-3.2.-ESTABLECIMIENTO-Y-GESTION-DE-ALIANZAS-Y-CONVENIOS.pdf\">PA.\u00a0 3.2. Establecimiento y gesti\u00f3n de alianzas y convenios<\/a><\/li>\n<li><a href=\"https:\/\/www.benarabi.org\/wp-content\/uploads\/2026\/02\/PE.-3.3.-EVALUACION-DE-PROCESOS-Y-AUTOEVALUACION.pdf\">PA.\u00a0 3.3. Informaci\u00f3n y comunicaci\u00f3n a la sociedad<\/a><\/li>\n<\/ul>\n<\/li>\n<\/ul>\n<p>PA.4. SERVICIOS<\/p>\n<ul>\n<li style=\"list-style-type: none;\">\n<ul>\n<li>PA.\u00a0 4.1. Becas y ayudas\n<ul>\n<li><a href=\"https:\/\/www.benarabi.org\/wp-content\/uploads\/2026\/02\/PA.-4.1.1-BECAS-ESTUDIOS-POSTOBLIGATORIOS.pdf\">PA.\u00a0 4.1.1. Becas para estudiantes que cursen estudios postobligatorios<\/a><\/li>\n<li><a href=\"https:\/\/www.benarabi.org\/wp-content\/uploads\/2026\/02\/PA.-4.1.2.-BECAS-AYUDAS-ALUMNOS-NEE.pdf\">PA.\u00a0 4.1.2. Becas y ayudas para alumnos con necesidad espec\u00edfica de apoyo educativo<\/a><\/li>\n<li><a href=\"https:\/\/www.benarabi.org\/wp-content\/uploads\/2026\/02\/PA.-4.1.3.-AYUDAS-INDIVIDUALIZADAS-AL-TRANSPORTE-ESCOLAR.pdf\">PA.\u00a0 4.1.3. Ayudas individualizadas de Transporte Escolar\u00a0<\/a><\/li>\n<\/ul>\n<\/li>\n<li><a href=\"https:\/\/www.benarabi.org\/wp-content\/uploads\/2026\/02\/PA.-4.2.-SERVICIO-DE-APOYO-EDUCATIVO-DOMICILIARIO.pdf\">PA.\u00a0 4.2. Servicio de Apoyo Educativo Domiciliario<\/a><\/li>\n<li><a href=\"https:\/\/www.benarabi.org\/wp-content\/uploads\/2026\/02\/PA.-4.3.-RECONOCIMIENTO-MEDICO-PD-Y-PND.pdf\">PA.\u00a0 4.3. Reconocimiento m\u00e9dico del Personal Docente y PAS<\/a><\/li>\n<li><a href=\"https:\/\/www.benarabi.org\/wp-content\/uploads\/2026\/02\/PA.-4.4.-BIBLIOTECA.pdf\">PA.\u00a0 4.4. Biblioteca<\/a><\/li>\n<li><a href=\"https:\/\/www.benarabi.org\/wp-content\/uploads\/2026\/02\/PA.-4.5.-BANCO-DE-LIBROS.pdf\">PA.\u00a0 4.5. Banco de libros<\/a><\/li>\n<li><a href=\"https:\/\/www.benarabi.org\/wp-content\/uploads\/2022\/03\/PA.-4.6.-EBUBANC.pdf\">PA.\u00a0 4.6. EDUBANC<\/a><\/li>\n<li><a href=\"https:\/\/www.benarabi.org\/wp-content\/uploads\/2026\/02\/PA.-4.7.-PRESTAMOS-DE-MEDIOS-DIGITALES.pdf\">PA.\u00a0 4.7. Pr\u00e9stamo de Medios Digitales<\/a><\/li>\n<\/ul>\n<\/li>\n<\/ul>\n","protected":false},"excerpt":{"rendered":"<p>PROCESOS ESTRAT\u00c9GICOS PE.1. PROCESOS DE DIRECCI\u00d3N PE. 1.1. Organigrama y \u00f3rganos del centro PE .1.2. Grupos y horarios PE. 1.3. PGA. PE .1.4. Informaci\u00f3n al profesorado PE. 1.5. Calendario y temporalizaci\u00f3n PE .1.6. Normativa PE.2. PROGRAMAS, PLANES Y PROYECTOS PE.\u00a0 2.1. Revisi\u00f3n y elaboraci\u00f3n del PEC PE.\u00a0 2.2. Selecci\u00f3n y planificaci\u00f3n de los PPP. del [&hellip;]<\/p>\n","protected":false},"author":1,"featured_media":0,"parent":0,"menu_order":0,"comment_status":"closed","ping_status":"closed","template":"","meta":{"footnotes":""},"class_list":["post-8183","page","type-page","status-publish","hentry"],"_links":{"self":[{"href":"https:\/\/www.benarabi.org\/index.php?rest_route=\/wp\/v2\/pages\/8183","targetHints":{"allow":["GET"]}}],"collection":[{"href":"https:\/\/www.benarabi.org\/index.php?rest_route=\/wp\/v2\/pages"}],"about":[{"href":"https:\/\/www.benarabi.org\/index.php?rest_route=\/wp\/v2\/types\/page"}],"author":[{"embeddable":true,"href":"https:\/\/www.benarabi.org\/index.php?rest_route=\/wp\/v2\/users\/1"}],"replies":[{"embeddable":true,"href":"https:\/\/www.benarabi.org\/index.php?rest_route=%2Fwp%2Fv2%2Fcomments&post=8183"}],"version-history":[{"count":52,"href":"https:\/\/www.benarabi.org\/index.php?rest_route=\/wp\/v2\/pages\/8183\/revisions"}],"predecessor-version":[{"id":14075,"href":"https:\/\/www.benarabi.org\/index.php?rest_route=\/wp\/v2\/pages\/8183\/revisions\/14075"}],"wp:attachment":[{"href":"https:\/\/www.benarabi.org\/index.php?rest_route=%2Fwp%2Fv2%2Fmedia&parent=8183"}],"curies":[{"name":"wp","href":"https:\/\/api.w.org\/{rel}","templated":true}]}}