{"id":8433,"date":"2021-07-16T10:44:48","date_gmt":"2021-07-16T08:44:48","guid":{"rendered":"https:\/\/www.benarabi.org\/?page_id=8433"},"modified":"2022-06-29T08:42:46","modified_gmt":"2022-06-29T06:42:46","slug":"evaluacion-del-centro-encuestas","status":"publish","type":"page","link":"https:\/\/www.benarabi.org\/?page_id=8433","title":{"rendered":"EVALUACI\u00d3N DEL CENTRO &#8211; ENCUESTAS 2020\/21"},"content":{"rendered":"<ul>\n<li style=\"text-align: justify;\"><a href=\"https:\/\/www.benarabi.org\/wp-content\/uploads\/2022\/02\/01.-FAMILIAS-ANALISIS-DEL-CENTRO-sin-comentarios.pdf\">01. AN\u00c1LISIS DE RESULTADOS ENCUESTA EVALUACI\u00d3N DEL CENTRO POR PARTE DE LAS FAMILIAS<\/a><\/li>\n<li style=\"text-align: justify;\"><a href=\"https:\/\/www.benarabi.org\/wp-content\/uploads\/2022\/02\/02.-ALUMNOS-ENCUESTA-EVALUACION-DEL-CENTRO-sin-comentarios.pdf\">02. AN\u00c1LISIS DE RESULTADOS ENCUESTA EVALUACI\u00d3N DEL CENTRO POR PARTE DEL ALUMNADO<\/a><\/li>\n<li style=\"text-align: justify;\"><a href=\"https:\/\/www.benarabi.org\/wp-content\/uploads\/2022\/02\/03.-PROFESORADO-ENCUESTA-EVALUACION-DEL-EQUIPO-DIRECTIVO.pdf\">03. AN\u00c1LISIS DE RESULTADOS ENCUESTA EVALUACI\u00d3N DEL EQUIPO DIRECTIVO POR EL PROFESORADO<\/a><\/li>\n<li style=\"text-align: justify;\"><a href=\"https:\/\/www.benarabi.org\/wp-content\/uploads\/2022\/02\/04.-PROFESORADO-ENCUESTA-EVALUACION-DEL-CENTRO.pdf\">04. AN\u00c1LISIS DE RESULTADOS ENCUESTA EVALUACI\u00d3N DEL CENTRO POR EL PROFESORADO<\/a><\/li>\n<li style=\"text-align: justify;\"><a href=\"https:\/\/www.benarabi.org\/wp-content\/uploads\/2022\/02\/05.-PAS-ENCUESTA-EVALUACION-DEL-E.-DIRECTIVO.pdf\">05. AN\u00c1LISIS DE RESULTADOS ENCUESTA EVALUACI\u00d3N DEL EQUIPO DIRECTIVO POR PARTE DEL PAS<\/a><\/li>\n<li style=\"text-align: justify;\"><a href=\"https:\/\/www.benarabi.org\/wp-content\/uploads\/2022\/02\/06.-PAS-ENCUESTA-EVALUACION-DEL-CENTRO.pdf\">06. AN\u00c1LISIS DE RESULTADOS ENCUESTA EVALUACI\u00d3N DEL CENTRO POR PARTE DEL PAS<\/a><\/li>\n<\/ul>\n","protected":false},"excerpt":{"rendered":"<p>01. AN\u00c1LISIS DE RESULTADOS ENCUESTA EVALUACI\u00d3N DEL CENTRO POR PARTE DE LAS FAMILIAS 02. AN\u00c1LISIS DE RESULTADOS ENCUESTA EVALUACI\u00d3N DEL CENTRO POR PARTE DEL ALUMNADO 03. AN\u00c1LISIS DE RESULTADOS ENCUESTA EVALUACI\u00d3N DEL EQUIPO DIRECTIVO POR EL PROFESORADO 04. AN\u00c1LISIS DE RESULTADOS ENCUESTA EVALUACI\u00d3N DEL CENTRO POR EL PROFESORADO 05. AN\u00c1LISIS DE RESULTADOS ENCUESTA EVALUACI\u00d3N DEL [&hellip;]<\/p>\n","protected":false},"author":1,"featured_media":0,"parent":0,"menu_order":0,"comment_status":"closed","ping_status":"closed","template":"","meta":{"footnotes":""},"class_list":["post-8433","page","type-page","status-publish","hentry"],"_links":{"self":[{"href":"https:\/\/www.benarabi.org\/index.php?rest_route=\/wp\/v2\/pages\/8433","targetHints":{"allow":["GET"]}}],"collection":[{"href":"https:\/\/www.benarabi.org\/index.php?rest_route=\/wp\/v2\/pages"}],"about":[{"href":"https:\/\/www.benarabi.org\/index.php?rest_route=\/wp\/v2\/types\/page"}],"author":[{"embeddable":true,"href":"https:\/\/www.benarabi.org\/index.php?rest_route=\/wp\/v2\/users\/1"}],"replies":[{"embeddable":true,"href":"https:\/\/www.benarabi.org\/index.php?rest_route=%2Fwp%2Fv2%2Fcomments&post=8433"}],"version-history":[{"count":12,"href":"https:\/\/www.benarabi.org\/index.php?rest_route=\/wp\/v2\/pages\/8433\/revisions"}],"predecessor-version":[{"id":9787,"href":"https:\/\/www.benarabi.org\/index.php?rest_route=\/wp\/v2\/pages\/8433\/revisions\/9787"}],"wp:attachment":[{"href":"https:\/\/www.benarabi.org\/index.php?rest_route=%2Fwp%2Fv2%2Fmedia&parent=8433"}],"curies":[{"name":"wp","href":"https:\/\/api.w.org\/{rel}","templated":true}]}}