{"id":9780,"date":"2022-06-29T08:42:42","date_gmt":"2022-06-29T06:42:42","guid":{"rendered":"https:\/\/www.benarabi.org\/?page_id=9780"},"modified":"2022-06-29T10:38:15","modified_gmt":"2022-06-29T08:38:15","slug":"evaluacion-del-centro-encuestas-2021-22","status":"publish","type":"page","link":"https:\/\/www.benarabi.org\/?page_id=9780","title":{"rendered":"EVALUACI\u00d3N DEL CENTRO &#8211; ENCUESTAS 2021\/22"},"content":{"rendered":"<ul>\n<li><a href=\"https:\/\/www.benarabi.org\/wp-content\/uploads\/2022\/06\/ANALISIS-DE-RESULTADOS-ENCUESTA-EVALUACION-DEL-CENTRO-2021-2022.pdf\">AN\u00c1LISIS DE RESULTADOS ENCUESTA EVALUACI\u00d3N DEL CENTRO 2021-2022<\/a><\/li>\n<li><a href=\"https:\/\/www.benarabi.org\/wp-content\/uploads\/2022\/06\/01.-ANALISIS-DE-RESULTADOS-ENCUESTA-EVALUACION-DEL-CENTRO-POR-LAS-FAMILIAS-2021-2022.pdf\">01. AN\u00c1LISIS DE RESULTADOS ENCUESTA EVALUACI\u00d3N DEL CENTRO POR LAS FAMILIAS 2021-2022<\/a><\/li>\n<li><a href=\"https:\/\/www.benarabi.org\/wp-content\/uploads\/2022\/06\/02.-ANALISIS-DE-RESULTADOS-ENCUESTA-EVALUACION-DEL-CENTRO-POR-EL-ALUMNADO-2021-2022.pdf\">02. AN\u00c1LISIS DE RESULTADOS ENCUESTA EVALUACI\u00d3N DEL CENTRO POR EL ALUMNADO 2021-2022<\/a><\/li>\n<li><a href=\"https:\/\/www.benarabi.org\/wp-content\/uploads\/2022\/06\/03.-ANALISIS-DE-RESULTADOS-ENCUESTA-EVALUACION-DEL-ED-POR-EL-PROFESORADO-2021-2022.pdf\">03. AN\u00c1LISIS DE RESULTADOS ENCUESTA EVALUACI\u00d3N DEL ED POR EL PROFESORADO 2021-2022<\/a><\/li>\n<li><a href=\"https:\/\/www.benarabi.org\/wp-content\/uploads\/2022\/06\/04.-ANALISIS-DE-RESULTADOS-ENCUESTA-EVALUACION-DEL-CENTRO-POR-EL-PROFESORADO-2021-2022.pdf\">04. AN\u00c1LISIS DE RESULTADOS ENCUESTA EVALUACI\u00d3N DEL CENTRO POR EL PROFESORADO 2021-2022<\/a><\/li>\n<li><a href=\"https:\/\/www.benarabi.org\/wp-content\/uploads\/2022\/06\/05.-ANALISIS-DE-RESULTADOS-ENCUESTA-EVALUACION-DEL-ED-POR-PAS-2021-2022.pdf\">05. AN\u00c1LISIS DE RESULTADOS ENCUESTA EVALUACI\u00d3N DEL ED POR PAS 2021-2022<\/a><\/li>\n<li><a href=\"https:\/\/www.benarabi.org\/wp-content\/uploads\/2022\/06\/06.-ANALISIS-DE-RESULTADOS-ENCUESTA-EVALUACION-DEL-CENTRO-POR-PAS-2021-2022.pdf\">06. AN\u00c1LISIS DE RESULTADOS ENCUESTA EVALUACI\u00d3N DEL CENTRO POR PAS 2021-2022<\/a><\/li>\n<li><a href=\"https:\/\/www.benarabi.org\/wp-content\/uploads\/2022\/06\/07.-ANALISIS-DE-RESULTADOS-ENCUESTA-EVALUACION-DEL-ED-POR-CE-2021-2022.pdf\">07. AN\u00c1LISIS DE RESULTADOS ENCUESTA EVALUACI\u00d3N DEL ED POR CE 2021-2022<\/a><\/li>\n<li><a href=\"https:\/\/www.benarabi.org\/wp-content\/uploads\/2022\/06\/08.-ANALISIS-DE-RESULTADOS-ENCUESTA-AUTOEVALUACION-DEL-CE-2021-2022.pdf\">08. AN\u00c1LISIS DE RESULTADOS ENCUESTA AUTOEVALUACI\u00d3N DEL CE 2021-2022<\/a><\/li>\n<li><a href=\"https:\/\/www.benarabi.org\/wp-content\/uploads\/2022\/06\/10.-ANALISIS-DE-RESULTADOS-ENCUESTA-AUTOEVALUACION-DE-LA-PRACTICA-DOCENTE-2021-2022.pdf\">10. AN\u00c1LISIS DE RESULTADOS ENCUESTA AUTOEVALUACI\u00d3N DE LA PR\u00c1CTICA DOCENTE 2021-2022<\/a><\/li>\n<li><a href=\"https:\/\/www.benarabi.org\/wp-content\/uploads\/2022\/06\/11.-ANALISIS-DE-RESULTADOS-ENCUESTA-DEPARTAMENTOS-2021-2022.pdf\">11. AN\u00c1LISIS DE RESULTADOS ENCUESTA DEPARTAMENTOS 2021-2022<\/a><\/li>\n<li><a href=\"https:\/\/www.benarabi.org\/wp-content\/uploads\/2022\/06\/12.-ANALISIS-DE-RESULTADOS-ENCUESTA-TUTORIAS-2021-2022.pdf\">12. AN\u00c1LISIS DE RESULTADOS ENCUESTA TUTOR\u00cdAS 2021-2022<\/a><\/li>\n<li><a href=\"https:\/\/www.benarabi.org\/wp-content\/uploads\/2022\/06\/13.-ANALISIS-DE-RESULTADOS-ENCUESTA-AGENTES-EXTERNOS-2021-2022.pdf\">13. AN\u00c1LISIS DE RESULTADOS ENCUESTA AGENTES EXTERNOS 2021-2022<\/a><\/li>\n<\/ul>\n","protected":false},"excerpt":{"rendered":"<p>AN\u00c1LISIS DE RESULTADOS ENCUESTA EVALUACI\u00d3N DEL CENTRO 2021-2022 01. AN\u00c1LISIS DE RESULTADOS ENCUESTA EVALUACI\u00d3N DEL CENTRO POR LAS FAMILIAS 2021-2022 02. AN\u00c1LISIS DE RESULTADOS ENCUESTA EVALUACI\u00d3N DEL CENTRO POR EL ALUMNADO 2021-2022 03. AN\u00c1LISIS DE RESULTADOS ENCUESTA EVALUACI\u00d3N DEL ED POR EL PROFESORADO 2021-2022 04. AN\u00c1LISIS DE RESULTADOS ENCUESTA EVALUACI\u00d3N DEL CENTRO POR EL PROFESORADO [&hellip;]<\/p>\n","protected":false},"author":1,"featured_media":0,"parent":0,"menu_order":0,"comment_status":"closed","ping_status":"closed","template":"","meta":{"footnotes":""},"class_list":["post-9780","page","type-page","status-publish","hentry"],"_links":{"self":[{"href":"https:\/\/www.benarabi.org\/index.php?rest_route=\/wp\/v2\/pages\/9780","targetHints":{"allow":["GET"]}}],"collection":[{"href":"https:\/\/www.benarabi.org\/index.php?rest_route=\/wp\/v2\/pages"}],"about":[{"href":"https:\/\/www.benarabi.org\/index.php?rest_route=\/wp\/v2\/types\/page"}],"author":[{"embeddable":true,"href":"https:\/\/www.benarabi.org\/index.php?rest_route=\/wp\/v2\/users\/1"}],"replies":[{"embeddable":true,"href":"https:\/\/www.benarabi.org\/index.php?rest_route=%2Fwp%2Fv2%2Fcomments&post=9780"}],"version-history":[{"count":4,"href":"https:\/\/www.benarabi.org\/index.php?rest_route=\/wp\/v2\/pages\/9780\/revisions"}],"predecessor-version":[{"id":9797,"href":"https:\/\/www.benarabi.org\/index.php?rest_route=\/wp\/v2\/pages\/9780\/revisions\/9797"}],"wp:attachment":[{"href":"https:\/\/www.benarabi.org\/index.php?rest_route=%2Fwp%2Fv2%2Fmedia&parent=9780"}],"curies":[{"name":"wp","href":"https:\/\/api.w.org\/{rel}","templated":true}]}}