{"id":992,"date":"2012-03-24T19:51:55","date_gmt":"2012-03-24T19:51:55","guid":{"rendered":"http:\/\/www.benarabi.org\/?page_id=992"},"modified":"2012-03-24T20:35:43","modified_gmt":"2012-03-24T20:35:43","slug":"horario-de-secretaria","status":"publish","type":"page","link":"https:\/\/www.benarabi.org\/?page_id=992","title":{"rendered":"HORARIO DE SECRETAR\u00cdA"},"content":{"rendered":"<p>El horario de Secretar\u00eda, de atenci\u00f3n al p\u00fablico, es de lunes a viernes de 9.00 a 14.00 horas. En horario de tarde, los mi\u00e9rcoles de 17.00 a 19.00 horas.<\/p>\n","protected":false},"excerpt":{"rendered":"<p>El horario de Secretar\u00eda, de atenci\u00f3n al p\u00fablico, es de lunes a viernes de 9.00 a 14.00 horas. En horario de tarde, los mi\u00e9rcoles de 17.00 a 19.00 horas.<\/p>\n","protected":false},"author":1,"featured_media":0,"parent":0,"menu_order":0,"comment_status":"closed","ping_status":"open","template":"","meta":{"footnotes":""},"class_list":["post-992","page","type-page","status-publish","hentry"],"_links":{"self":[{"href":"https:\/\/www.benarabi.org\/index.php?rest_route=\/wp\/v2\/pages\/992","targetHints":{"allow":["GET"]}}],"collection":[{"href":"https:\/\/www.benarabi.org\/index.php?rest_route=\/wp\/v2\/pages"}],"about":[{"href":"https:\/\/www.benarabi.org\/index.php?rest_route=\/wp\/v2\/types\/page"}],"author":[{"embeddable":true,"href":"https:\/\/www.benarabi.org\/index.php?rest_route=\/wp\/v2\/users\/1"}],"replies":[{"embeddable":true,"href":"https:\/\/www.benarabi.org\/index.php?rest_route=%2Fwp%2Fv2%2Fcomments&post=992"}],"version-history":[{"count":3,"href":"https:\/\/www.benarabi.org\/index.php?rest_route=\/wp\/v2\/pages\/992\/revisions"}],"predecessor-version":[{"id":1023,"href":"https:\/\/www.benarabi.org\/index.php?rest_route=\/wp\/v2\/pages\/992\/revisions\/1023"}],"wp:attachment":[{"href":"https:\/\/www.benarabi.org\/index.php?rest_route=%2Fwp%2Fv2%2Fmedia&parent=992"}],"curies":[{"name":"wp","href":"https:\/\/api.w.org\/{rel}","templated":true}]}}